{"id":16922,"date":"2025-05-09T17:19:08","date_gmt":"2025-05-09T14:19:08","guid":{"rendered":"https:\/\/ceoparts.com\/?post_type=product&#038;p=16922"},"modified":"2026-05-16T12:51:15","modified_gmt":"2026-05-16T09:51:15","slug":"stil-rc-41-30-motor-takozu","status":"publish","type":"product","link":"https:\/\/ceoparts.com\/fr\/urun\/stil-rc-41-30-motor-takozu\/","title":{"rendered":"Support moteur STILL RC 41 30"},"content":{"rendered":"<p>Support moteur STILL RC 41 30<\/p>","protected":false},"excerpt":{"rendered":"<p data-start=\"2212\" data-end=\"2568\"><strong data-start=\"2212\" data-end=\"2244\">Support moteur STIL RC 41 30<\/strong> est un support moteur durable sp\u00e9cialement con\u00e7u pour s\u00e9curiser le moteur et r\u00e9duire les vibrations dans les chariots \u00e9l\u00e9vateurs et les machines industrielles. Fabriqu\u00e9 avec des mat\u00e9riaux de haute qualit\u00e9, il garantit un fonctionnement s\u00fbr et stable du moteur. Sa construction robuste am\u00e9liore les performances du v\u00e9hicule.<\/p>\n<p data-start=\"2570\" data-end=\"2594\"><strong data-start=\"2570\" data-end=\"2592\">Caract\u00e9ristiques :<\/strong><\/p>\n<ul data-start=\"2595\" data-end=\"2765\">\n<li data-start=\"2595\" data-end=\"2620\">\n<p data-start=\"2597\" data-end=\"2620\"><strong data-start=\"2597\" data-end=\"2609\">Mod\u00e8le :<\/strong> RC 41 30<\/p>\n<\/li>\n<li data-start=\"2621\" data-end=\"2642\">\n<p data-start=\"2623\" data-end=\"2642\"><strong data-start=\"2623\" data-end=\"2635\">Marque :<\/strong> STIL<\/p>\n<\/li>\n<li data-start=\"2643\" data-end=\"2679\">\n<p data-start=\"2645\" data-end=\"2679\"><strong data-start=\"2645\" data-end=\"2662\">Utilisation :<\/strong> Support moteur<\/p>\n<\/li>\n<li data-start=\"2680\" data-end=\"2765\">\n<p data-start=\"2682\" data-end=\"2765\"><strong data-start=\"2682\" data-end=\"2697\">Avantages :<\/strong> R\u00e9duction des vibrations, conception durable, stabilit\u00e9 du moteur<\/p>\n<\/li>\n<\/ul>\n","protected":false},"featured_media":16924,"template":"","meta":[],"product_brand":[],"product_cat":[241,470,524],"product_tag":[],"class_list":{"0":"post-16922","1":"product","2":"type-product","3":"status-publish","4":"has-post-thumbnail","6":"product_cat-still","7":"product_cat-diger-yedek-parcalar","8":"product_cat-yedek-parca-still","10":"first","11":"instock","12":"taxable","13":"shipping-taxable","14":"purchasable","15":"product-type-simple"},"_links":{"self":[{"href":"https:\/\/ceoparts.com\/fr\/wp-json\/wp\/v2\/product\/16922","targetHints":{"allow":["GET"]}}],"collection":[{"href":"https:\/\/ceoparts.com\/fr\/wp-json\/wp\/v2\/product"}],"about":[{"href":"https:\/\/ceoparts.com\/fr\/wp-json\/wp\/v2\/types\/product"}],"wp:featuredmedia":[{"embeddable":true,"href":"https:\/\/ceoparts.com\/fr\/wp-json\/wp\/v2\/media\/16924"}],"wp:attachment":[{"href":"https:\/\/ceoparts.com\/fr\/wp-json\/wp\/v2\/media?parent=16922"}],"wp:term":[{"taxonomy":"product_brand","embeddable":true,"href":"https:\/\/ceoparts.com\/fr\/wp-json\/wp\/v2\/product_brand?post=16922"},{"taxonomy":"product_cat","embeddable":true,"href":"https:\/\/ceoparts.com\/fr\/wp-json\/wp\/v2\/product_cat?post=16922"},{"taxonomy":"product_tag","embeddable":true,"href":"https:\/\/ceoparts.com\/fr\/wp-json\/wp\/v2\/product_tag?post=16922"}],"curies":[{"name":"wp","href":"https:\/\/api.w.org\/{rel}","templated":true}]}}