{"id":16928,"date":"2025-05-10T08:57:57","date_gmt":"2025-05-10T05:57:57","guid":{"rendered":"https:\/\/ceoparts.com\/?post_type=product&#038;p=16928"},"modified":"2026-05-16T21:11:10","modified_gmt":"2026-05-16T18:11:10","slug":"bt-rre160-sigorta-kutusu-232805","status":"publish","type":"product","link":"https:\/\/ceoparts.com\/fr\/urun\/bt-rre160-sigorta-kutusu-232805\/","title":{"rendered":"Bo\u00eete \u00e0 fusibles BT RRE160 \u2013 232805"},"content":{"rendered":"<p>Bo\u00eete \u00e0 fusibles BT RRE160 \u2013 232805<\/p>","protected":false},"excerpt":{"rendered":"<p data-start=\"2374\" data-end=\"2705\"><strong data-start=\"2374\" data-end=\"2407\">Bo\u00eetier de fusibles BT RRE160<\/strong> est un bo\u00eetier durable et fiable con\u00e7u pour les chariots \u00e9l\u00e9vateurs et les v\u00e9hicules industriels. Il prot\u00e8ge votre syst\u00e8me \u00e9lectrique et r\u00e9duit les besoins de maintenance gr\u00e2ce \u00e0 sa construction robuste. Facile \u00e0 installer, il assure une protection s\u00fbre des circuits \u00e9lectriques de votre v\u00e9hicule.<\/p>\n<p data-start=\"2707\" data-end=\"2731\"><strong data-start=\"2707\" data-end=\"2729\">Caract\u00e9ristiques :<\/strong><\/p>\n<ul data-start=\"2732\" data-end=\"2943\">\n<li data-start=\"2732\" data-end=\"2758\">\n<p data-start=\"2734\" data-end=\"2758\"><strong data-start=\"2734\" data-end=\"2746\">Mod\u00e8le :<\/strong> BT RRE160<\/p>\n<\/li>\n<li data-start=\"2759\" data-end=\"2785\">\n<p data-start=\"2761\" data-end=\"2785\"><strong data-start=\"2761\" data-end=\"2776\">R\u00e9f\u00e9rence :<\/strong> 232805<\/p>\n<\/li>\n<li data-start=\"2786\" data-end=\"2850\">\n<p data-start=\"2788\" data-end=\"2850\"><strong data-start=\"2788\" data-end=\"2805\">Utilisation :<\/strong> Bo\u00eetier de fusibles pour chariot \u00e9l\u00e9vateur<\/p>\n<\/li>\n<li data-start=\"2851\" data-end=\"2943\">\n<p data-start=\"2853\" data-end=\"2943\"><strong data-start=\"2853\" data-end=\"2868\">Avantages :<\/strong> Design robuste, installation facile, protection des circuits \u00e9lectriques<\/p>\n<\/li>\n<\/ul>\n","protected":false},"featured_media":16932,"template":"","meta":[],"product_brand":[],"product_cat":[251,470,518],"product_tag":[],"class_list":{"0":"post-16928","1":"product","2":"type-product","3":"status-publish","4":"has-post-thumbnail","6":"product_cat-bt","7":"product_cat-diger-yedek-parcalar","8":"product_cat-yedek-parca-bt","10":"first","11":"instock","12":"taxable","13":"shipping-taxable","14":"purchasable","15":"product-type-simple"},"_links":{"self":[{"href":"https:\/\/ceoparts.com\/fr\/wp-json\/wp\/v2\/product\/16928","targetHints":{"allow":["GET"]}}],"collection":[{"href":"https:\/\/ceoparts.com\/fr\/wp-json\/wp\/v2\/product"}],"about":[{"href":"https:\/\/ceoparts.com\/fr\/wp-json\/wp\/v2\/types\/product"}],"wp:featuredmedia":[{"embeddable":true,"href":"https:\/\/ceoparts.com\/fr\/wp-json\/wp\/v2\/media\/16932"}],"wp:attachment":[{"href":"https:\/\/ceoparts.com\/fr\/wp-json\/wp\/v2\/media?parent=16928"}],"wp:term":[{"taxonomy":"product_brand","embeddable":true,"href":"https:\/\/ceoparts.com\/fr\/wp-json\/wp\/v2\/product_brand?post=16928"},{"taxonomy":"product_cat","embeddable":true,"href":"https:\/\/ceoparts.com\/fr\/wp-json\/wp\/v2\/product_cat?post=16928"},{"taxonomy":"product_tag","embeddable":true,"href":"https:\/\/ceoparts.com\/fr\/wp-json\/wp\/v2\/product_tag?post=16928"}],"curies":[{"name":"wp","href":"https:\/\/api.w.org\/{rel}","templated":true}]}}