{"id":16939,"date":"2025-05-12T14:07:20","date_gmt":"2025-05-12T11:07:20","guid":{"rendered":"https:\/\/ceoparts.com\/?post_type=product&#038;p=16939"},"modified":"2026-05-16T17:29:29","modified_gmt":"2026-05-16T14:29:29","slug":"85x80-85-12-wicke-vulkollan-yuk-tekeri-0039933603","status":"publish","type":"product","link":"https:\/\/ceoparts.com\/fr\/urun\/85x80-85-12-wicke-vulkollan-yuk-tekeri-0039933603\/","title":{"rendered":"Roue de charge Wicke Vulkollan 85&#215;80\/85-12 \u2013 0039933603"},"content":{"rendered":"<p>Roue de charge Wicke Vulkollan 85&#215;80\/85-12 \u2013 0039933603<\/p>\n<p>31\u00a0T20AP\/T20SP<br \/>\n131\u00a0T30<br \/>\n131\u00a0L14\/16AS<br \/>\n131-26\u00a0T20\/30 Ex &#8211; Zone1, 2 (2G, 3G)<\/p>\n<p>132\u00a0N20\/N24\/N20L\/N20LI<\/p>\n<p>140\u00a0T20R<\/p>\n<p>141\u00a0T20AP<br \/>\n141\u00a0T20\/30<\/p>\n<p>144\u00a0T20S\/T20SF<\/p>\n<p>145\u00a0N20N<\/p>\n<p>149\u00a0N20\/N25\/N20L\/LI\/LX<br \/>\n149\u00a0N20V-N20VI<\/p>\n<p>360\u00a0T16\/T18\/T20<br \/>\n360\u00a0T16\/T18\/T20\/T16L<\/p>\n<p>1111\u00a0N20VI &#8211; N20VLI<\/p>\n<p>1152\u00a0T16\/T18\/T20\/T16L<\/p>","protected":false},"excerpt":{"rendered":"<p data-start=\"2446\" data-end=\"2854\"><strong data-start=\"2446\" data-end=\"2492\">85\u00d780\/85-12 Roue de charge Wicke Vulkollan<\/strong> est une roue de charge durable et performante pour chariots \u00e9l\u00e9vateurs. Fabriqu\u00e9e en Vulkollan, elle offre une excellente r\u00e9sistance \u00e0 l\u2019usure, une absorption des vibrations et une longue dur\u00e9e de vie. Avec une largeur de 85 mm et un diam\u00e8tre de 80\/85 mm, elle est con\u00e7ue pour supporter des charges lourdes. Id\u00e9ale pour chariots industriels et machines lourdes.<\/p>\n<p data-start=\"2856\" data-end=\"2880\"><strong data-start=\"2856\" data-end=\"2878\">Caract\u00e9ristiques :<\/strong><\/p>\n<ul data-start=\"2881\" data-end=\"3100\">\n<li data-start=\"2881\" data-end=\"2913\">\n<p data-start=\"2883\" data-end=\"2913\"><strong data-start=\"2883\" data-end=\"2899\">Dimensions :<\/strong> 85\u00d780\/85-12<\/p>\n<\/li>\n<li data-start=\"2914\" data-end=\"2942\">\n<p data-start=\"2916\" data-end=\"2942\"><strong data-start=\"2916\" data-end=\"2930\">Mat\u00e9riau :<\/strong> Vulkollan<\/p>\n<\/li>\n<li data-start=\"2943\" data-end=\"3002\">\n<p data-start=\"2945\" data-end=\"3002\"><strong data-start=\"2945\" data-end=\"2962\">Utilisation :<\/strong> Roue de charge pour chariot \u00e9l\u00e9vateur<\/p>\n<\/li>\n<li data-start=\"3003\" data-end=\"3100\">\n<p data-start=\"3005\" data-end=\"3100\"><strong data-start=\"3005\" data-end=\"3020\">Avantages :<\/strong> Haute r\u00e9sistance \u00e0 l\u2019usure, amortissement des vibrations, longue dur\u00e9e de vie<\/p>\n<\/li>\n<\/ul>\n","protected":false},"featured_media":17556,"template":"","meta":[],"product_brand":[],"product_cat":[402,246,248,400],"product_tag":[],"class_list":{"0":"post-16939","1":"product","2":"type-product","3":"status-publish","4":"has-post-thumbnail","6":"product_cat-catal-tekeri-wicke","7":"product_cat-linde","8":"product_cat-catal-tekeri-linde","9":"product_cat-catal-tekeri","11":"first","12":"instock","13":"taxable","14":"shipping-taxable","15":"purchasable","16":"product-type-simple"},"_links":{"self":[{"href":"https:\/\/ceoparts.com\/fr\/wp-json\/wp\/v2\/product\/16939","targetHints":{"allow":["GET"]}}],"collection":[{"href":"https:\/\/ceoparts.com\/fr\/wp-json\/wp\/v2\/product"}],"about":[{"href":"https:\/\/ceoparts.com\/fr\/wp-json\/wp\/v2\/types\/product"}],"wp:featuredmedia":[{"embeddable":true,"href":"https:\/\/ceoparts.com\/fr\/wp-json\/wp\/v2\/media\/17556"}],"wp:attachment":[{"href":"https:\/\/ceoparts.com\/fr\/wp-json\/wp\/v2\/media?parent=16939"}],"wp:term":[{"taxonomy":"product_brand","embeddable":true,"href":"https:\/\/ceoparts.com\/fr\/wp-json\/wp\/v2\/product_brand?post=16939"},{"taxonomy":"product_cat","embeddable":true,"href":"https:\/\/ceoparts.com\/fr\/wp-json\/wp\/v2\/product_cat?post=16939"},{"taxonomy":"product_tag","embeddable":true,"href":"https:\/\/ceoparts.com\/fr\/wp-json\/wp\/v2\/product_tag?post=16939"}],"curies":[{"name":"wp","href":"https:\/\/api.w.org\/{rel}","templated":true}]}}