{"id":16993,"date":"2025-05-17T11:04:44","date_gmt":"2025-05-17T08:04:44","guid":{"rendered":"https:\/\/ceoparts.com\/?post_type=product&#038;p=16993"},"modified":"2026-05-16T11:33:54","modified_gmt":"2026-05-16T08:33:54","slug":"forklift-dc-dc-konvertor-voltaj-dusurucu-72v-80v-300w-62211101","status":"publish","type":"product","link":"https:\/\/ceoparts.com\/fr\/urun\/forklift-dc-dc-konvertor-voltaj-dusurucu-72v-80v-300w-62211101\/","title":{"rendered":"Convertisseur DC-DC pour chariot \u00e9l\u00e9vateur \u2013 R\u00e9ducteur de tension 72V\u201380V 300W &#8211; 62211101"},"content":{"rendered":"<p>Convertisseur DC-DC pour chariot \u00e9l\u00e9vateur \u2013 R\u00e9ducteur de tension 72V\u201380V 300W &#8211; 62211101<\/p>","protected":false},"excerpt":{"rendered":"<p data-start=\"2728\" data-end=\"3138\"><strong data-start=\"2728\" data-end=\"2798\">Convertisseur DC-DC pour Chariot \u00c9l\u00e9vateur 72V-80V 300W \u2013 62211101<\/strong> est un convertisseur de tension de haute qualit\u00e9 destin\u00e9 aux chariots \u00e9l\u00e9vateurs et v\u00e9hicules industriels, permettant de r\u00e9duire la tension \u00e9lev\u00e9e \u00e0 12V ou 24V pour garantir le fonctionnement s\u00e9curis\u00e9 des \u00e9quipements \u00e9lectroniques. Offre des performances stables et puissantes avec une entr\u00e9e de 72V-80V et une puissance de sortie de 300W.<\/p>\n<p data-start=\"3140\" data-end=\"3164\"><strong data-start=\"3140\" data-end=\"3162\">Caract\u00e9ristiques :<\/strong><\/p>\n<ul data-start=\"3165\" data-end=\"3423\">\n<li data-start=\"3165\" data-end=\"3199\">\n<p data-start=\"3167\" data-end=\"3199\"><strong data-start=\"3167\" data-end=\"3189\">Tension d&#8217;entr\u00e9e :<\/strong> 72V-80V<\/p>\n<\/li>\n<li data-start=\"3200\" data-end=\"3255\">\n<p data-start=\"3202\" data-end=\"3255\"><strong data-start=\"3202\" data-end=\"3225\">Tension de sortie :<\/strong> 12V \/ 24V (selon le mod\u00e8le)<\/p>\n<\/li>\n<li data-start=\"3256\" data-end=\"3280\">\n<p data-start=\"3258\" data-end=\"3280\"><strong data-start=\"3258\" data-end=\"3273\">Puissance :<\/strong> 300W<\/p>\n<\/li>\n<li data-start=\"3281\" data-end=\"3366\">\n<p data-start=\"3283\" data-end=\"3366\"><strong data-start=\"3283\" data-end=\"3301\">Applications :<\/strong> Chariots \u00e9l\u00e9vateurs, engins de chantier, v\u00e9hicules industriels<\/p>\n<\/li>\n<li data-start=\"3367\" data-end=\"3423\">\n<p data-start=\"3369\" data-end=\"3423\"><strong data-start=\"3369\" data-end=\"3383\">Fonction :<\/strong> R\u00e9duction et r\u00e9gulation de la tension<\/p>\n<\/li>\n<\/ul>\n","protected":false},"featured_media":16995,"template":"","meta":[],"product_brand":[],"product_cat":[448],"product_tag":[],"class_list":{"0":"post-16993","1":"product","2":"type-product","3":"status-publish","4":"has-post-thumbnail","6":"product_cat-guc-kaynaklari","8":"first","9":"instock","10":"taxable","11":"shipping-taxable","12":"purchasable","13":"product-type-simple"},"_links":{"self":[{"href":"https:\/\/ceoparts.com\/fr\/wp-json\/wp\/v2\/product\/16993","targetHints":{"allow":["GET"]}}],"collection":[{"href":"https:\/\/ceoparts.com\/fr\/wp-json\/wp\/v2\/product"}],"about":[{"href":"https:\/\/ceoparts.com\/fr\/wp-json\/wp\/v2\/types\/product"}],"wp:featuredmedia":[{"embeddable":true,"href":"https:\/\/ceoparts.com\/fr\/wp-json\/wp\/v2\/media\/16995"}],"wp:attachment":[{"href":"https:\/\/ceoparts.com\/fr\/wp-json\/wp\/v2\/media?parent=16993"}],"wp:term":[{"taxonomy":"product_brand","embeddable":true,"href":"https:\/\/ceoparts.com\/fr\/wp-json\/wp\/v2\/product_brand?post=16993"},{"taxonomy":"product_cat","embeddable":true,"href":"https:\/\/ceoparts.com\/fr\/wp-json\/wp\/v2\/product_cat?post=16993"},{"taxonomy":"product_tag","embeddable":true,"href":"https:\/\/ceoparts.com\/fr\/wp-json\/wp\/v2\/product_tag?post=16993"}],"curies":[{"name":"wp","href":"https:\/\/api.w.org\/{rel}","templated":true}]}}