{"id":16996,"date":"2025-05-20T09:56:07","date_gmt":"2025-05-20T06:56:07","guid":{"rendered":"https:\/\/ceoparts.com\/?post_type=product&#038;p=16996"},"modified":"2026-05-16T17:18:20","modified_gmt":"2026-05-16T14:18:20","slug":"megaval-sigorta-125a-yesil","status":"publish","type":"product","link":"https:\/\/ceoparts.com\/fr\/urun\/megaval-sigorta-125a-yesil\/","title":{"rendered":"Fusible Megaval 125A Vert"},"content":{"rendered":"<p>Fusible Megaval 125A Vert<\/p>","protected":false},"excerpt":{"rendered":"<p data-start=\"2596\" data-end=\"3025\"><strong data-start=\"2596\" data-end=\"2625\">Fusible Megaval 125A Vert<\/strong> est un fusible de haute qualit\u00e9 con\u00e7u pour une protection fiable contre les surintensit\u00e9s dans les syst\u00e8mes \u00e9lectriques automobiles et industriels. Avec une capacit\u00e9 de 125 amp\u00e8res, il assure un fonctionnement s\u00fbr pour les syst\u00e8mes de batteries, chariots \u00e9l\u00e9vateurs, engins de chantier et v\u00e9hicules lourds. Sa structure robuste et sa r\u00e9sistance thermique \u00e9lev\u00e9e garantissent une utilisation durable.<\/p>\n<p data-start=\"3027\" data-end=\"3051\"><strong data-start=\"3027\" data-end=\"3049\">Caract\u00e9ristiques :<\/strong><\/p>\n<ul data-start=\"3052\" data-end=\"3293\">\n<li data-start=\"3052\" data-end=\"3082\">\n<p data-start=\"3054\" data-end=\"3082\"><strong data-start=\"3054\" data-end=\"3064\">Type :<\/strong> Fusible Megaval<\/p>\n<\/li>\n<li data-start=\"3083\" data-end=\"3112\">\n<p data-start=\"3085\" data-end=\"3112\"><strong data-start=\"3085\" data-end=\"3098\">Courant :<\/strong> 125 Amp\u00e8res<\/p>\n<\/li>\n<li data-start=\"3113\" data-end=\"3135\">\n<p data-start=\"3115\" data-end=\"3135\"><strong data-start=\"3115\" data-end=\"3128\">Couleur :<\/strong> Vert<\/p>\n<\/li>\n<li data-start=\"3136\" data-end=\"3238\">\n<p data-start=\"3138\" data-end=\"3238\"><strong data-start=\"3138\" data-end=\"3155\">Application :<\/strong> Syst\u00e8mes de batteries, chariots \u00e9l\u00e9vateurs, engins de chantier, v\u00e9hicules lourds<\/p>\n<\/li>\n<li data-start=\"3239\" data-end=\"3293\">\n<p data-start=\"3241\" data-end=\"3293\"><strong data-start=\"3241\" data-end=\"3255\">Fonction :<\/strong> Protection contre les surintensit\u00e9s<\/p>\n<\/li>\n<\/ul>\n","protected":false},"featured_media":16998,"template":"","meta":[],"product_brand":[],"product_cat":[443],"product_tag":[],"class_list":{"0":"post-16996","1":"product","2":"type-product","3":"status-publish","4":"has-post-thumbnail","6":"product_cat-aku-parcalari","8":"first","9":"instock","10":"taxable","11":"shipping-taxable","12":"purchasable","13":"product-type-simple"},"_links":{"self":[{"href":"https:\/\/ceoparts.com\/fr\/wp-json\/wp\/v2\/product\/16996","targetHints":{"allow":["GET"]}}],"collection":[{"href":"https:\/\/ceoparts.com\/fr\/wp-json\/wp\/v2\/product"}],"about":[{"href":"https:\/\/ceoparts.com\/fr\/wp-json\/wp\/v2\/types\/product"}],"wp:featuredmedia":[{"embeddable":true,"href":"https:\/\/ceoparts.com\/fr\/wp-json\/wp\/v2\/media\/16998"}],"wp:attachment":[{"href":"https:\/\/ceoparts.com\/fr\/wp-json\/wp\/v2\/media?parent=16996"}],"wp:term":[{"taxonomy":"product_brand","embeddable":true,"href":"https:\/\/ceoparts.com\/fr\/wp-json\/wp\/v2\/product_brand?post=16996"},{"taxonomy":"product_cat","embeddable":true,"href":"https:\/\/ceoparts.com\/fr\/wp-json\/wp\/v2\/product_cat?post=16996"},{"taxonomy":"product_tag","embeddable":true,"href":"https:\/\/ceoparts.com\/fr\/wp-json\/wp\/v2\/product_tag?post=16996"}],"curies":[{"name":"wp","href":"https:\/\/api.w.org\/{rel}","templated":true}]}}