{"id":17009,"date":"2025-05-20T10:44:24","date_gmt":"2025-05-20T07:44:24","guid":{"rendered":"https:\/\/ceoparts.com\/?post_type=product&#038;p=17009"},"modified":"2026-05-16T21:09:04","modified_gmt":"2026-05-16T18:09:04","slug":"nh00-7080-100a-bicakli-sigorta-busonu","status":"publish","type":"product","link":"https:\/\/ceoparts.com\/fr\/urun\/nh00-7080-100a-bicakli-sigorta-busonu\/","title":{"rendered":"NH00 \u2013 7080 100A \u2013 Cartouche fusible \u00e0 lames"},"content":{"rendered":"<p>NH00 \u2013 7080 100A \u2013 Cartouche fusible \u00e0 lames<\/p>\n<p>NH00 \u2013 7080 100A \u2013 Cartouche fusible \u00e0 lames<\/p>\n<p><\/p>","protected":false},"excerpt":{"rendered":"<p data-start=\"2246\" data-end=\"2601\"><strong data-start=\"2246\" data-end=\"2287\">NH00 \u2013 7080 Porte-fusible \u00e0 lame 100A<\/strong> est un porte-fusible robuste et fiable qui assure la protection contre les surintensit\u00e9s dans les syst\u00e8mes \u00e9lectriques. Avec une capacit\u00e9 de 100 amp\u00e8res, il offre une connexion s\u00fbre et une protection dans les circuits \u00e0 haute intensit\u00e9. Utilis\u00e9 couramment dans les tableaux \u00e9lectriques industriels et commerciaux.<\/p>\n<p data-start=\"2603\" data-end=\"2627\"><strong data-start=\"2603\" data-end=\"2625\">Caract\u00e9ristiques :<\/strong><\/p>\n<ul data-start=\"2628\" data-end=\"2805\">\n<li data-start=\"2628\" data-end=\"2668\">\n<p data-start=\"2630\" data-end=\"2668\"><strong data-start=\"2630\" data-end=\"2640\">Type :<\/strong> Porte-fusible \u00e0 lame NH00<\/p>\n<\/li>\n<li data-start=\"2669\" data-end=\"2698\">\n<p data-start=\"2671\" data-end=\"2698\"><strong data-start=\"2671\" data-end=\"2684\">Courant :<\/strong> 100 Amp\u00e8res<\/p>\n<\/li>\n<li data-start=\"2699\" data-end=\"2768\">\n<p data-start=\"2701\" data-end=\"2768\"><strong data-start=\"2701\" data-end=\"2715\">Fonction :<\/strong> Porte-fusible, protection contre les surintensit\u00e9s<\/p>\n<\/li>\n<li data-start=\"2769\" data-end=\"2805\">\n<p data-start=\"2771\" data-end=\"2805\"><strong data-start=\"2771\" data-end=\"2805\">Construction robuste et fiable<\/strong><\/p>\n<\/li>\n<\/ul>\n","protected":false},"featured_media":17011,"template":"","meta":[],"product_brand":[],"product_cat":[443],"product_tag":[],"class_list":{"0":"post-17009","1":"product","2":"type-product","3":"status-publish","4":"has-post-thumbnail","6":"product_cat-aku-parcalari","8":"first","9":"instock","10":"taxable","11":"shipping-taxable","12":"purchasable","13":"product-type-simple"},"_links":{"self":[{"href":"https:\/\/ceoparts.com\/fr\/wp-json\/wp\/v2\/product\/17009","targetHints":{"allow":["GET"]}}],"collection":[{"href":"https:\/\/ceoparts.com\/fr\/wp-json\/wp\/v2\/product"}],"about":[{"href":"https:\/\/ceoparts.com\/fr\/wp-json\/wp\/v2\/types\/product"}],"wp:featuredmedia":[{"embeddable":true,"href":"https:\/\/ceoparts.com\/fr\/wp-json\/wp\/v2\/media\/17011"}],"wp:attachment":[{"href":"https:\/\/ceoparts.com\/fr\/wp-json\/wp\/v2\/media?parent=17009"}],"wp:term":[{"taxonomy":"product_brand","embeddable":true,"href":"https:\/\/ceoparts.com\/fr\/wp-json\/wp\/v2\/product_brand?post=17009"},{"taxonomy":"product_cat","embeddable":true,"href":"https:\/\/ceoparts.com\/fr\/wp-json\/wp\/v2\/product_cat?post=17009"},{"taxonomy":"product_tag","embeddable":true,"href":"https:\/\/ceoparts.com\/fr\/wp-json\/wp\/v2\/product_tag?post=17009"}],"curies":[{"name":"wp","href":"https:\/\/api.w.org\/{rel}","templated":true}]}}