{"id":17020,"date":"2025-05-20T16:41:14","date_gmt":"2025-05-20T13:41:14","guid":{"rendered":"https:\/\/ceoparts.com\/?post_type=product&#038;p=17020"},"modified":"2026-05-16T15:08:43","modified_gmt":"2026-05-16T12:08:43","slug":"jungheinrich-aci-potansi-51117023","status":"publish","type":"product","link":"https:\/\/ceoparts.com\/fr\/urun\/jungheinrich-aci-potansi-51117023\/","title":{"rendered":"Potentiom\u00e8tre d\u2019angle Jungheinrich \u2013 51117023"},"content":{"rendered":"<p>Potentiom\u00e8tre d\u2019angle Jungheinrich \u2013 51117023<\/p>\n<p>Jungheinrich 51117023, 51102054, 52037950<\/p>\n<table border=\"0\" width=\"261\" cellspacing=\"0\" cellpadding=\"0\">\n<colgroup>\n<col width=\"173\" \/>\n<col width=\"88\" \/><\/colgroup>\n<tbody>\n<tr>\n<td width=\"173\" height=\"19\"><span style=\"font-family: Calibri;\">WD 13-15 MK 4 (STB)<\/span><\/td>\n<td width=\"88\"><span style=\"font-family: Calibri;\">2.01 &#8211; 12.04<\/span><\/td>\n<\/tr>\n<tr>\n<td height=\"19\"><span style=\"font-family: Calibri;\">WA 13-15 MK 2 (STB)<\/span><\/td>\n<td><span style=\"font-family: Calibri;\">12.97 &#8211; 12.04<\/span><\/td>\n<\/tr>\n<tr>\n<td height=\"19\"><span style=\"font-family: Calibri;\">Sonderbau<\/span><\/td>\n<td><span style=\"font-family: Calibri;\">12.04 &#8211;\u00a0<\/span><\/td>\n<\/tr>\n<tr>\n<td height=\"19\"><span style=\"font-family: Calibri;\">Schubmaststapler<\/span><\/td>\n<td><span style=\"font-family: Calibri;\">7.13 &#8211;\u00a0<\/span><\/td>\n<\/tr>\n<tr>\n<td height=\"19\"><span style=\"font-family: Calibri;\">PWT13N\/15N\/18N (EJC B12\/14\/16)<\/span><\/td>\n<td><span style=\"font-family: Calibri;\">4.11 &#8211;\u00a0<\/span><\/td>\n<\/tr>\n<tr>\n<td height=\"19\"><span style=\"font-family: Calibri;\">Parts Package<\/span><\/td>\n<td><span style=\"font-family: Calibri;\">10.19 &#8211;\u00a0<\/span><\/td>\n<\/tr>\n<tr>\n<td height=\"19\"><span style=\"font-family: Calibri;\">NOR15 (2016)<\/span><\/td>\n<td><span style=\"font-family: Calibri;\">1.16 &#8211;\u00a0<\/span><\/td>\n<\/tr>\n<tr>\n<td height=\"19\"><span style=\"font-family: Calibri;\">EZW 515<\/span><\/td>\n<td><span style=\"font-family: Calibri;\">1.15 &#8211;\u00a0<\/span><\/td>\n<\/tr>\n<tr>\n<td height=\"19\"><span style=\"font-family: Calibri;\">EZS 350\/ EZS C40<\/span><\/td>\n<td><span style=\"font-family: Calibri;\">11.11 &#8211;\u00a0<\/span><\/td>\n<\/tr>\n<tr>\n<td height=\"19\"><span style=\"font-family: Calibri;\">EZS 350\/ EZS C40<\/span><\/td>\n<td><span style=\"font-family: Calibri;\">8.09 &#8211; 10.11<\/span><\/td>\n<\/tr>\n<tr>\n<td height=\"19\"><span style=\"font-family: Calibri;\">EZS 350<\/span><\/td>\n<td><span style=\"font-family: Calibri;\">9.07 &#8211; 7.09<\/span><\/td>\n<\/tr>\n<tr>\n<td height=\"19\"><span style=\"font-family: Calibri;\">EZS 350<\/span><\/td>\n<td><span style=\"font-family: Calibri;\">9.16 &#8211;\u00a0<\/span><\/td>\n<\/tr>\n<tr>\n<td height=\"19\"><span style=\"font-family: Calibri;\">EZS 130<\/span><\/td>\n<td><span style=\"font-family: Calibri;\">11.11 &#8211;\u00a0<\/span><\/td>\n<\/tr>\n<tr>\n<td height=\"19\"><span style=\"font-family: Calibri;\">EZS 130<\/span><\/td>\n<td><span style=\"font-family: Calibri;\">6.08 &#8211; 7.09<\/span><\/td>\n<\/tr>\n<tr>\n<td height=\"19\"><span style=\"font-family: Calibri;\">EZS 130<\/span><\/td>\n<td><span style=\"font-family: Calibri;\">8.09 &#8211; 10.11<\/span><\/td>\n<\/tr>\n<tr>\n<td height=\"19\"><span style=\"font-family: Calibri;\">ETX-K 125\/150<\/span><\/td>\n<td><span style=\"font-family: Calibri;\">1.99 &#8211; 1.04<\/span><\/td>\n<\/tr>\n<tr>\n<td height=\"19\"><span style=\"font-family: Calibri;\">ETX AC 150 SX<\/span><\/td>\n<td><span style=\"font-family: Calibri;\">1.01 &#8211; 9.04<\/span><\/td>\n<\/tr>\n<tr>\n<td height=\"19\"><span style=\"font-family: Calibri;\">ETX AC 150 \/ AC 150 KH<\/span><\/td>\n<td><span style=\"font-family: Calibri;\">1.01 &#8211; 9.04<\/span><\/td>\n<\/tr>\n<tr>\n<td height=\"19\"><span style=\"font-family: Calibri;\">ETX AC 125IF<\/span><\/td>\n<td><span style=\"font-family: Calibri;\">1.01 &#8211; 9.04<\/span><\/td>\n<\/tr>\n<tr>\n<td height=\"19\"><span style=\"font-family: Calibri;\">ETX AC 125<\/span><\/td>\n<td><span style=\"font-family: Calibri;\">1.01 &#8211; 9.04<\/span><\/td>\n<\/tr>\n<tr>\n<td height=\"19\"><span style=\"font-family: Calibri;\">ETX 513\/515 S\/F\/I (USA)<\/span><\/td>\n<td><span style=\"font-family: Calibri;\">3.11 &#8211;\u00a0<\/span><\/td>\n<\/tr>\n<tr>\n<td height=\"19\"><span style=\"font-family: Calibri;\">ETX 513\/515 S\/F\/I<\/span><\/td>\n<td><span style=\"font-family: Calibri;\">3.11 &#8211;\u00a0<\/span><\/td>\n<\/tr>\n<tr>\n<td height=\"19\"><span style=\"font-family: Calibri;\">ETX 513 I<\/span><\/td>\n<td><span style=\"font-family: Calibri;\">10.99 &#8211; 8.11<\/span><\/td>\n<\/tr>\n<tr>\n<td height=\"19\"><span style=\"font-family: Calibri;\">ESE 220\/320<\/span><\/td>\n<td><span style=\"font-family: Calibri;\">2.10 &#8211;\u00a0<\/span><\/td>\n<\/tr>\n<tr>\n<td height=\"19\"><span style=\"font-family: Calibri;\">ESE 220<\/span><\/td>\n<td><span style=\"font-family: Calibri;\">1.05 &#8211; 1.10<\/span><\/td>\n<\/tr>\n<tr>\n<td height=\"19\"><span style=\"font-family: Calibri;\">ESD 220<\/span><\/td>\n<td><span style=\"font-family: Calibri;\">10.10 &#8211;\u00a0<\/span><\/td>\n<\/tr>\n<tr>\n<td height=\"19\"><span style=\"font-family: Calibri;\">ESC 316<\/span><\/td>\n<td><span style=\"font-family: Calibri;\">5.13 &#8211;\u00a0<\/span><\/td>\n<\/tr>\n<tr>\n<td height=\"19\"><span style=\"font-family: Calibri;\">ESC 214\/216Z<\/span><\/td>\n<td><span style=\"font-family: Calibri;\">8.09 &#8211;\u00a0<\/span><\/td>\n<\/tr>\n<tr>\n<td height=\"19\"><span style=\"font-family: Calibri;\">ERV 308<\/span><\/td>\n<td><span style=\"font-family: Calibri;\">7.13 &#8211;\u00a0<\/span><\/td>\n<\/tr>\n<tr>\n<td height=\"19\"><span style=\"font-family: Calibri;\">ERE 225a<\/span><\/td>\n<td><span style=\"font-family: Calibri;\">7.13 &#8211;\u00a0<\/span><\/td>\n<\/tr>\n<tr>\n<td height=\"19\"><span style=\"font-family: Calibri;\">ERE 225 KP<\/span><\/td>\n<td><span style=\"font-family: Calibri;\">7.08 &#8211;\u00a0<\/span><\/td>\n<\/tr>\n<tr>\n<td height=\"19\"><span style=\"font-family: Calibri;\">ERE 225<\/span><\/td>\n<td><span style=\"font-family: Calibri;\">9.07 &#8211;\u00a0<\/span><\/td>\n<\/tr>\n<tr>\n<td height=\"19\"><span style=\"font-family: Calibri;\">ERD 220<\/span><\/td>\n<td><span style=\"font-family: Calibri;\">6.10 &#8211;\u00a0<\/span><\/td>\n<\/tr>\n<tr>\n<td height=\"19\"><span style=\"font-family: Calibri;\">ERC 220<\/span><\/td>\n<td><span style=\"font-family: Calibri;\">1.16 &#8211;\u00a0<\/span><\/td>\n<\/tr>\n<tr>\n<td height=\"19\"><span style=\"font-family: Calibri;\">ERC 215a<\/span><\/td>\n<td><span style=\"font-family: Calibri;\">11.12 &#8211;\u00a0<\/span><\/td>\n<\/tr>\n<tr>\n<td height=\"19\"><span style=\"font-family: Calibri;\">ERC 214 \/ 216 (US)<\/span><\/td>\n<td><span style=\"font-family: Calibri;\">8.14 &#8211;\u00a0<\/span><\/td>\n<\/tr>\n<tr>\n<td height=\"19\"><span style=\"font-family: Calibri;\">ERC 212z \/ 214z \/ 216z<\/span><\/td>\n<td><span style=\"font-family: Calibri;\">2.11 &#8211;\u00a0<\/span><\/td>\n<\/tr>\n<tr>\n<td height=\"19\"><span style=\"font-family: Calibri;\">ERC 212 \/ 214 \/ 216<\/span><\/td>\n<td><span style=\"font-family: Calibri;\">4.09 &#8211;\u00a0<\/span><\/td>\n<\/tr>\n<tr>\n<td height=\"19\"><span style=\"font-family: Calibri;\">EP3000-EP4000<\/span><\/td>\n<td><span style=\"font-family: Calibri;\">9.14 &#8211; 12.16<\/span><\/td>\n<\/tr>\n<tr>\n<td height=\"19\"><span style=\"font-family: Calibri;\">EP3000-EP4000<\/span><\/td>\n<td><span style=\"font-family: Calibri;\">11.09 &#8211; 12.14<\/span><\/td>\n<\/tr>\n<tr>\n<td height=\"19\"><span style=\"font-family: Calibri;\">EP3000-EP4000<\/span><\/td>\n<td><span style=\"font-family: Calibri;\">2.16 &#8211;\u00a0<\/span><\/td>\n<\/tr>\n<tr>\n<td height=\"19\"><span style=\"font-family: Calibri;\">EOP15N3 (2016)<\/span><\/td>\n<td><span style=\"font-family: Calibri;\">1.16 &#8211;\u00a0<\/span><\/td>\n<\/tr>\n<tr>\n<td height=\"19\"><span style=\"font-family: Calibri;\">EOP11-15N2<\/span><\/td>\n<td><span style=\"font-family: Calibri;\">1.10 &#8211;\u00a0<\/span><\/td>\n<\/tr>\n<tr>\n<td height=\"19\"><span style=\"font-family: Calibri;\">EKX 5XX (2007)\/ US<\/span><\/td>\n<td><span style=\"font-family: Calibri;\">5.07 &#8211; 2.16<\/span><\/td>\n<\/tr>\n<tr>\n<td height=\"19\"><span style=\"font-family: Calibri;\">EKX 513\/515K S\/F I<\/span><\/td>\n<td><span style=\"font-family: Calibri;\">2.04 &#8211; 12.07<\/span><\/td>\n<\/tr>\n<tr>\n<td height=\"19\"><span style=\"font-family: Calibri;\">EKX 513\/515 (2007)<\/span><\/td>\n<td><span style=\"font-family: Calibri;\">5.07 &#8211; 2.16<\/span><\/td>\n<\/tr>\n<tr>\n<td height=\"19\"><span style=\"font-family: Calibri;\">EKX 410 (2012)\/ US<\/span><\/td>\n<td><span style=\"font-family: Calibri;\">1.12 &#8211; 10.17<\/span><\/td>\n<\/tr>\n<tr>\n<td height=\"19\"><span style=\"font-family: Calibri;\">EKX 410 (2012)<\/span><\/td>\n<td><span style=\"font-family: Calibri;\">1.12 &#8211; 10.17<\/span><\/td>\n<\/tr>\n<tr>\n<td height=\"19\"><span style=\"font-family: Calibri;\">EKX 410<\/span><\/td>\n<td><span style=\"font-family: Calibri;\">7.03 &#8211; 12.12<\/span><\/td>\n<\/tr>\n<tr>\n<td height=\"19\"><span style=\"font-family: Calibri;\">EKS 515k Z\/P S\/F (2007)<\/span><\/td>\n<td><span style=\"font-family: Calibri;\">1.08 &#8211; 2.16<\/span><\/td>\n<\/tr>\n<tr>\n<td height=\"19\"><span style=\"font-family: Calibri;\">EKS 515k Z\/P I (2007) (USA)<\/span><\/td>\n<td><span style=\"font-family: Calibri;\">1.08 &#8211; 2.16<\/span><\/td>\n<\/tr>\n<tr>\n<td height=\"19\"><span style=\"font-family: Calibri;\">EKS 513\/515K\/L S\/F I\u00a0\u00a0ZG<\/span><\/td>\n<td><span style=\"font-family: Calibri;\">8.04 &#8211; 12.07<\/span><\/td>\n<\/tr>\n<tr>\n<td height=\"19\"><span style=\"font-family: Calibri;\">EKS 314 F\/S\/I (USA)<\/span><\/td>\n<td><span style=\"font-family: Calibri;\">4.05 &#8211; 3.10<\/span><\/td>\n<\/tr>\n<tr>\n<td height=\"19\"><span style=\"font-family: Calibri;\">EKS 314 (2016)<\/span><\/td>\n<td><span style=\"font-family: Calibri;\">1.16 &#8211;\u00a0<\/span><\/td>\n<\/tr>\n<tr>\n<td height=\"19\"><span style=\"font-family: Calibri;\">EKS 310k Z S\/F<\/span><\/td>\n<td><span style=\"font-family: Calibri;\">12.98 &#8211; 12.09<\/span><\/td>\n<\/tr>\n<tr>\n<td height=\"19\"><span style=\"font-family: Calibri;\">EKS 308 F\/S\/I<\/span><\/td>\n<td><span style=\"font-family: Calibri;\">1.06 &#8211; 12.09<\/span><\/td>\n<\/tr>\n<tr>\n<td height=\"19\"><span style=\"font-family: Calibri;\">EKS 215a (US)<\/span><\/td>\n<td><span style=\"font-family: Calibri;\">4.17 &#8211;\u00a0<\/span><\/td>\n<\/tr>\n<tr>\n<td height=\"19\"><span style=\"font-family: Calibri;\">EKS 215a<\/span><\/td>\n<td><span style=\"font-family: Calibri;\">4.17 &#8211;\u00a0<\/span><\/td>\n<\/tr>\n<tr>\n<td height=\"19\"><span style=\"font-family: Calibri;\">EKS 210a<\/span><\/td>\n<td><span style=\"font-family: Calibri;\">10.12 &#8211;\u00a0<\/span><\/td>\n<\/tr>\n<tr>\n<td height=\"19\"><span style=\"font-family: Calibri;\">EKS 208\/312\u00a0\u00a0Z S\/F ZI L S\/F LI<\/span><\/td>\n<td><span style=\"font-family: Calibri;\">3.09 &#8211;\u00a0<\/span><\/td>\n<\/tr>\n<tr>\n<td height=\"19\"><span style=\"font-family: Calibri;\">EKS 208\/312\u00a0\u00a0US Z S\/F ZI L S\/F<\/span><\/td>\n<td><span style=\"font-family: Calibri;\">3.09 &#8211;\u00a0<\/span><\/td>\n<\/tr>\n<tr>\n<td height=\"19\"><span style=\"font-family: Calibri;\">EKS 110 ZZ<\/span><\/td>\n<td><span style=\"font-family: Calibri;\">6.04 &#8211; 12.09<\/span><\/td>\n<\/tr>\n<tr>\n<td height=\"19\"><span style=\"font-family: Calibri;\">EKS 110 ZZ<\/span><\/td>\n<td><span style=\"font-family: Calibri;\">3.16 &#8211;\u00a0<\/span><\/td>\n<\/tr>\n<tr>\n<td height=\"19\"><span style=\"font-family: Calibri;\">EKS 110 ZZ<\/span><\/td>\n<td><span style=\"font-family: Calibri;\">2.15 &#8211;\u00a0<\/span><\/td>\n<\/tr>\n<tr>\n<td height=\"19\"><span style=\"font-family: Calibri;\">EKS 110 ZZ<\/span><\/td>\n<td><span style=\"font-family: Calibri;\">1.10 &#8211;\u00a0<\/span><\/td>\n<\/tr>\n<tr>\n<td height=\"19\"><span style=\"font-family: Calibri;\">EKS 110 E<\/span><\/td>\n<td><span style=\"font-family: Calibri;\">1.10 &#8211;\u00a0<\/span><\/td>\n<\/tr>\n<tr>\n<td height=\"19\"><span style=\"font-family: Calibri;\">EKS 110 E<\/span><\/td>\n<td><span style=\"font-family: Calibri;\">6.04 &#8211; 12.09<\/span><\/td>\n<\/tr>\n<tr>\n<td height=\"19\"><span style=\"font-family: Calibri;\">EKS 110 E<\/span><\/td>\n<td><span style=\"font-family: Calibri;\">3.16 &#8211;\u00a0<\/span><\/td>\n<\/tr>\n<tr>\n<td height=\"19\"><span style=\"font-family: Calibri;\">EKS 110 E<\/span><\/td>\n<td><span style=\"font-family: Calibri;\">2.15 &#8211;\u00a0<\/span><\/td>\n<\/tr>\n<tr>\n<td height=\"19\"><span style=\"font-family: Calibri;\">EJC B12\/14\/16 (USA)<\/span><\/td>\n<td><span style=\"font-family: Calibri;\">4.11 &#8211;\u00a0<\/span><\/td>\n<\/tr>\n<tr>\n<td height=\"19\"><span style=\"font-family: Calibri;\">EJC B12\/14\/16<\/span><\/td>\n<td><span style=\"font-family: Calibri;\">4.11 &#8211;\u00a0<\/span><\/td>\n<\/tr>\n<tr>\n<td height=\"19\"><span style=\"font-family: Calibri;\">EJC B12\/14\/16<\/span><\/td>\n<td><span style=\"font-family: Calibri;\">4.14 &#8211;\u00a0<\/span><\/td>\n<\/tr>\n<tr>\n<td height=\"19\"><span style=\"font-family: Calibri;\">EJC 220<\/span><\/td>\n<td><span style=\"font-family: Calibri;\">9.12 &#8211;\u00a0<\/span><\/td>\n<\/tr>\n<tr>\n<td height=\"19\"><span style=\"font-family: Calibri;\">EJC 214 \/ 216 (US)<\/span><\/td>\n<td><span style=\"font-family: Calibri;\">12.11 &#8211;\u00a0<\/span><\/td>\n<\/tr>\n<tr>\n<td height=\"19\"><span style=\"font-family: Calibri;\">EJC 214 \/ 216<\/span><\/td>\n<td><span style=\"font-family: Calibri;\">4.11 &#8211;\u00a0<\/span><\/td>\n<\/tr>\n<tr>\n<td height=\"19\"><span style=\"font-family: Calibri;\">EJC 212z \/ 214z \/ 216z<\/span><\/td>\n<td><span style=\"font-family: Calibri;\">12.10 &#8211;\u00a0<\/span><\/td>\n<\/tr>\n<tr>\n<td height=\"19\"><span style=\"font-family: Calibri;\">EJC 110\/112\/212<\/span><\/td>\n<td><span style=\"font-family: Calibri;\">8.11 &#8211; 9.19<\/span><\/td>\n<\/tr>\n<tr>\n<td height=\"19\"><span style=\"font-family: Calibri;\">EFXac 100 SF<\/span><\/td>\n<td><span style=\"font-family: Calibri;\">7.02 &#8211; 9.04<\/span><\/td>\n<\/tr>\n<tr>\n<td height=\"19\"><span style=\"font-family: Calibri;\">EFX 413 I (2013)<\/span><\/td>\n<td><span style=\"font-family: Calibri;\">1.13 &#8211;\u00a0<\/span><\/td>\n<\/tr>\n<tr>\n<td height=\"19\"><span style=\"font-family: Calibri;\">EFX 413 I<\/span><\/td>\n<td><span style=\"font-family: Calibri;\">7.02 &#8211; 4.13<\/span><\/td>\n<\/tr>\n<tr>\n<td height=\"19\"><span style=\"font-family: Calibri;\">EFX 410\/413 S\/F I<\/span><\/td>\n<td><span style=\"font-family: Calibri;\">7.02 &#8211; 4.13<\/span><\/td>\n<\/tr>\n<tr>\n<td height=\"19\"><span style=\"font-family: Calibri;\">EFX 410 S\/F (2013)<\/span><\/td>\n<td><span style=\"font-family: Calibri;\">1.13 &#8211;\u00a0<\/span><\/td>\n<\/tr>\n<tr>\n<td height=\"19\"><span style=\"font-family: Calibri;\">EFG 535k-S50 (US)<\/span><\/td>\n<td><span style=\"font-family: Calibri;\">12.15 &#8211;\u00a0<\/span><\/td>\n<\/tr>\n<tr>\n<td height=\"19\"><span style=\"font-family: Calibri;\">EFG 535k-S50 (US)<\/span><\/td>\n<td><span style=\"font-family: Calibri;\">6.14 &#8211; 12.16<\/span><\/td>\n<\/tr>\n<tr>\n<td height=\"19\"><span style=\"font-family: Calibri;\">EFG 535k-S50 (US)<\/span><\/td>\n<td><span style=\"font-family: Calibri;\">10.13 &#8211; 12.14<\/span><\/td>\n<\/tr>\n<tr>\n<td height=\"19\"><span style=\"font-family: Calibri;\">EFG 535k-S50<\/span><\/td>\n<td><span style=\"font-family: Calibri;\">6.14 &#8211; 12.16<\/span><\/td>\n<\/tr>\n<tr>\n<td height=\"19\"><span style=\"font-family: Calibri;\">EFG 535k-S50<\/span><\/td>\n<td><span style=\"font-family: Calibri;\">10.13 &#8211; 12.14<\/span><\/td>\n<\/tr>\n<tr>\n<td height=\"19\"><span style=\"font-family: Calibri;\">EFG 535k-S50<\/span><\/td>\n<td><span style=\"font-family: Calibri;\">12.15 &#8211;\u00a0<\/span><\/td>\n<\/tr>\n<tr>\n<td height=\"19\"><span style=\"font-family: Calibri;\">EFG 425-430\/ S30 (US)<\/span><\/td>\n<td><span style=\"font-family: Calibri;\">6.14 &#8211; 12.16<\/span><\/td>\n<\/tr>\n<tr>\n<td height=\"19\"><span style=\"font-family: Calibri;\">EFG 425-430\/ S30<\/span><\/td>\n<td><span style=\"font-family: Calibri;\">6.14 &#8211;\u00a0<\/span><\/td>\n<\/tr>\n<tr>\n<td height=\"19\"><span style=\"font-family: Calibri;\">EFG 425-430 (US)<\/span><\/td>\n<td><span style=\"font-family: Calibri;\">1.13 &#8211; 12.14<\/span><\/td>\n<\/tr>\n<tr>\n<td height=\"19\"><span style=\"font-family: Calibri;\">EFG 425-430<\/span><\/td>\n<td><span style=\"font-family: Calibri;\">4.12 &#8211; 12.14<\/span><\/td>\n<\/tr>\n<tr>\n<td height=\"19\"><span style=\"font-family: Calibri;\">EFG 316 &#8211; 320 (US)<\/span><\/td>\n<td><span style=\"font-family: Calibri;\">9.14 &#8211; 12.16<\/span><\/td>\n<\/tr>\n<tr>\n<td height=\"19\"><span style=\"font-family: Calibri;\">EFG 316 &#8211; 320 (US)<\/span><\/td>\n<td><span style=\"font-family: Calibri;\">2.16 &#8211;\u00a0<\/span><\/td>\n<\/tr>\n<tr>\n<td height=\"19\"><span style=\"font-family: Calibri;\">EFG 316 &#8211; 320<\/span><\/td>\n<td><span style=\"font-family: Calibri;\">9.14 &#8211; 12.16<\/span><\/td>\n<\/tr>\n<tr>\n<td height=\"19\"><span style=\"font-family: Calibri;\">EFG 316 &#8211; 320<\/span><\/td>\n<td><span style=\"font-family: Calibri;\">3.14 &#8211; 12.14<\/span><\/td>\n<\/tr>\n<tr>\n<td height=\"19\"><span style=\"font-family: Calibri;\">EFG 316 &#8211; 320<\/span><\/td>\n<td><span style=\"font-family: Calibri;\">2.16 &#8211;\u00a0<\/span><\/td>\n<\/tr>\n<tr>\n<td height=\"19\"><span style=\"font-family: Calibri;\">EFG 213 &#8211; 220 (US)<\/span><\/td>\n<td><span style=\"font-family: Calibri;\">9.14 &#8211; 12.16<\/span><\/td>\n<\/tr>\n<tr>\n<td height=\"19\"><span style=\"font-family: Calibri;\">EFG 213 &#8211; 220 (US)<\/span><\/td>\n<td><span style=\"font-family: Calibri;\">2.16 &#8211;\u00a0<\/span><\/td>\n<\/tr>\n<tr>\n<td height=\"19\"><span style=\"font-family: Calibri;\">EFG 213 &#8211; 220 (US)<\/span><\/td>\n<td><span style=\"font-family: Calibri;\">11.09 &#8211; 12.14<\/span><\/td>\n<\/tr>\n<tr>\n<td height=\"19\"><span style=\"font-family: Calibri;\">EFG 213 &#8211; 220<\/span><\/td>\n<td><span style=\"font-family: Calibri;\">2.16 &#8211;\u00a0<\/span><\/td>\n<\/tr>\n<tr>\n<td height=\"19\"><span style=\"font-family: Calibri;\">EFG 213 &#8211; 220<\/span><\/td>\n<td><span style=\"font-family: Calibri;\">9.14 &#8211; 12.16<\/span><\/td>\n<\/tr>\n<tr>\n<td height=\"19\"><span style=\"font-family: Calibri;\">EFG 213 &#8211; 220<\/span><\/td>\n<td><span style=\"font-family: Calibri;\">6.08 &#8211; 12.14<\/span><\/td>\n<\/tr>\n<tr>\n<td height=\"19\"><span style=\"font-family: Calibri;\">ECE 320<\/span><\/td>\n<td><span style=\"font-family: Calibri;\">1.08 &#8211; 7.09<\/span><\/td>\n<\/tr>\n<tr>\n<td height=\"19\"><span style=\"font-family: Calibri;\">ECE 320<\/span><\/td>\n<td><span style=\"font-family: Calibri;\">8.09 &#8211; 10.11<\/span><\/td>\n<\/tr>\n<tr>\n<td height=\"19\"><span style=\"font-family: Calibri;\">ECE 320<\/span><\/td>\n<td><span style=\"font-family: Calibri;\">11.11 &#8211;\u00a0<\/span><\/td>\n<\/tr>\n<tr>\n<td height=\"19\"><span style=\"font-family: Calibri;\">ECE 310<\/span><\/td>\n<td><span style=\"font-family: Calibri;\">1.11 &#8211;\u00a0<\/span><\/td>\n<\/tr>\n<tr>\n<td height=\"19\"><span style=\"font-family: Calibri;\">ECE 310<\/span><\/td>\n<td><span style=\"font-family: Calibri;\">1.08 &#8211; 10.11<\/span><\/td>\n<\/tr>\n<tr>\n<td height=\"19\"><span style=\"font-family: Calibri;\">ECE 225 XL<\/span><\/td>\n<td><span style=\"font-family: Calibri;\">12.07 &#8211; 12.08<\/span><\/td>\n<\/tr>\n<tr>\n<td height=\"19\"><span style=\"font-family: Calibri;\">ECE 225 XL<\/span><\/td>\n<td><span style=\"font-family: Calibri;\">1.09 &#8211; 7.11<\/span><\/td>\n<\/tr>\n<tr>\n<td height=\"19\"><span style=\"font-family: Calibri;\">ECE 225 XL<\/span><\/td>\n<td><span style=\"font-family: Calibri;\">8.11 &#8211;\u00a0<\/span><\/td>\n<\/tr>\n<tr>\n<td height=\"19\"><span style=\"font-family: Calibri;\">ECE 225 HP<\/span><\/td>\n<td><span style=\"font-family: Calibri;\">12.07 &#8211; 10.11<\/span><\/td>\n<\/tr>\n<tr>\n<td height=\"19\"><span style=\"font-family: Calibri;\">ECE 225 HP<\/span><\/td>\n<td><span style=\"font-family: Calibri;\">11.11 &#8211;\u00a0<\/span><\/td>\n<\/tr>\n<tr>\n<td height=\"19\"><span style=\"font-family: Calibri;\">ECE 220\/225 (US)<\/span><\/td>\n<td><span style=\"font-family: Calibri;\">1.14 &#8211;\u00a0<\/span><\/td>\n<\/tr>\n<tr>\n<td height=\"19\"><span style=\"font-family: Calibri;\">ECE 220\/225<\/span><\/td>\n<td><span style=\"font-family: Calibri;\">8.11 &#8211;\u00a0<\/span><\/td>\n<\/tr>\n<tr>\n<td height=\"19\"><span style=\"font-family: Calibri;\">ECE 220\/225<\/span><\/td>\n<td><span style=\"font-family: Calibri;\">12.06 &#8211; 7.09<\/span><\/td>\n<\/tr>\n<tr>\n<td height=\"19\"><span style=\"font-family: Calibri;\">ECE 220\/225<\/span><\/td>\n<td><span style=\"font-family: Calibri;\">8.09 &#8211; 7.11<\/span><\/td>\n<\/tr>\n<tr>\n<td height=\"19\"><span style=\"font-family: Calibri;\">ECE 220 HP AC<\/span><\/td>\n<td><span style=\"font-family: Calibri;\">4.04 &#8211; 11.07<\/span><\/td>\n<\/tr>\n<tr>\n<td height=\"19\"><span style=\"font-family: Calibri;\">ECD 220<\/span><\/td>\n<td><span style=\"font-family: Calibri;\">11.12 &#8211;\u00a0<\/span><\/td>\n<\/tr>\n<\/tbody>\n<\/table>","protected":false},"excerpt":{"rendered":"<p data-start=\"2305\" data-end=\"2685\"><strong data-start=\"2305\" data-end=\"2354\">Potentiom\u00e8tre d\u2019angle Jungheinrich \u2013 51117023<\/strong> est un capteur d\u2019origine haute pr\u00e9cision utilis\u00e9 pour la mesure d\u2019angle dans les chariots \u00e9l\u00e9vateurs et gerbeurs Jungheinrich. Il fournit des donn\u00e9es pr\u00e9cises pour les syst\u00e8mes de contr\u00f4le de mouvement et de position de votre machine, am\u00e9liorant la performance et la s\u00e9curit\u00e9. Sa conception durable assure une longue dur\u00e9e de vie.<\/p>\n<p data-start=\"2687\" data-end=\"2711\"><strong data-start=\"2687\" data-end=\"2709\">Caract\u00e9ristiques :<\/strong><\/p>\n<ul data-start=\"2712\" data-end=\"2887\">\n<li data-start=\"2712\" data-end=\"2748\">\n<p data-start=\"2714\" data-end=\"2748\"><strong data-start=\"2714\" data-end=\"2737\">R\u00e9f\u00e9rence produit :<\/strong> 51117023<\/p>\n<\/li>\n<li data-start=\"2749\" data-end=\"2815\">\n<p data-start=\"2751\" data-end=\"2815\"><strong data-start=\"2751\" data-end=\"2768\">Application :<\/strong> Chariots \u00e9l\u00e9vateurs et gerbeurs Jungheinrich<\/p>\n<\/li>\n<li data-start=\"2816\" data-end=\"2865\">\n<p data-start=\"2818\" data-end=\"2865\"><strong data-start=\"2818\" data-end=\"2832\">Fonction :<\/strong> Mesure d\u2019angle (potentiom\u00e8tre)<\/p>\n<\/li>\n<li data-start=\"2866\" data-end=\"2887\">\n<p data-start=\"2868\" data-end=\"2887\"><strong data-start=\"2868\" data-end=\"2887\">Pi\u00e8ce d\u2019origine<\/strong><\/p>\n<\/li>\n<\/ul>\n","protected":false},"featured_media":17024,"template":"","meta":[],"product_brand":[],"product_cat":[236,469,522],"product_tag":[],"class_list":{"0":"post-17020","1":"product","2":"type-product","3":"status-publish","4":"has-post-thumbnail","6":"product_cat-jungheinrich","7":"product_cat-elektrik-ve-sistem-parcalari","8":"product_cat-yedek-parca-jungheinrich","10":"first","11":"instock","12":"taxable","13":"shipping-taxable","14":"purchasable","15":"product-type-simple"},"_links":{"self":[{"href":"https:\/\/ceoparts.com\/fr\/wp-json\/wp\/v2\/product\/17020","targetHints":{"allow":["GET"]}}],"collection":[{"href":"https:\/\/ceoparts.com\/fr\/wp-json\/wp\/v2\/product"}],"about":[{"href":"https:\/\/ceoparts.com\/fr\/wp-json\/wp\/v2\/types\/product"}],"wp:featuredmedia":[{"embeddable":true,"href":"https:\/\/ceoparts.com\/fr\/wp-json\/wp\/v2\/media\/17024"}],"wp:attachment":[{"href":"https:\/\/ceoparts.com\/fr\/wp-json\/wp\/v2\/media?parent=17020"}],"wp:term":[{"taxonomy":"product_brand","embeddable":true,"href":"https:\/\/ceoparts.com\/fr\/wp-json\/wp\/v2\/product_brand?post=17020"},{"taxonomy":"product_cat","embeddable":true,"href":"https:\/\/ceoparts.com\/fr\/wp-json\/wp\/v2\/product_cat?post=17020"},{"taxonomy":"product_tag","embeddable":true,"href":"https:\/\/ceoparts.com\/fr\/wp-json\/wp\/v2\/product_tag?post=17020"}],"curies":[{"name":"wp","href":"https:\/\/api.w.org\/{rel}","templated":true}]}}