{"id":17049,"date":"2025-05-21T10:27:18","date_gmt":"2025-05-21T07:27:18","guid":{"rendered":"https:\/\/ceoparts.com\/?post_type=product&#038;p=17049"},"modified":"2026-05-17T00:46:58","modified_gmt":"2026-05-16T21:46:58","slug":"linde-encoder-52123607400","status":"publish","type":"product","link":"https:\/\/ceoparts.com\/fr\/urun\/linde-encoder-52123607400\/","title":{"rendered":"Codeur Linde \u2013 52123607400"},"content":{"rendered":"<p>Codeur Linde \u2013 52123607400<\/p>","protected":false},"excerpt":{"rendered":"<p data-start=\"2193\" data-end=\"2561\"><strong data-start=\"2193\" data-end=\"2225\">Encodeur Linde \u2013 52123607400<\/strong> est une pi\u00e8ce de capteur d\u2019origine haute pr\u00e9cision utilis\u00e9e pour la mesure de la vitesse et de la position dans les chariots \u00e9l\u00e9vateurs et gerbeurs Linde. Il fournit des donn\u00e9es fiables pour les syst\u00e8mes de contr\u00f4le de votre machine, am\u00e9liorant ainsi la performance et la s\u00e9curit\u00e9. Sa conception durable assure une longue dur\u00e9e de vie.<\/p>\n<p data-start=\"2563\" data-end=\"2587\"><strong data-start=\"2563\" data-end=\"2585\">Caract\u00e9ristiques :<\/strong><\/p>\n<ul data-start=\"2588\" data-end=\"2767\">\n<li data-start=\"2588\" data-end=\"2627\">\n<p data-start=\"2590\" data-end=\"2627\"><strong data-start=\"2590\" data-end=\"2613\">R\u00e9f\u00e9rence produit :<\/strong> 52123607400<\/p>\n<\/li>\n<li data-start=\"2628\" data-end=\"2687\">\n<p data-start=\"2630\" data-end=\"2687\"><strong data-start=\"2630\" data-end=\"2647\">Application :<\/strong> Chariots \u00e9l\u00e9vateurs et gerbeurs Linde<\/p>\n<\/li>\n<li data-start=\"2688\" data-end=\"2745\">\n<p data-start=\"2690\" data-end=\"2745\"><strong data-start=\"2690\" data-end=\"2704\">Fonction :<\/strong> Mesure de la vitesse et de la position<\/p>\n<\/li>\n<li data-start=\"2746\" data-end=\"2767\">\n<p data-start=\"2748\" data-end=\"2767\"><strong data-start=\"2748\" data-end=\"2767\">Pi\u00e8ce d\u2019origine<\/strong><\/p>\n<\/li>\n<\/ul>\n","protected":false},"featured_media":17055,"template":"","meta":[],"product_brand":[],"product_cat":[246,470,523],"product_tag":[],"class_list":{"0":"post-17049","1":"product","2":"type-product","3":"status-publish","4":"has-post-thumbnail","6":"product_cat-linde","7":"product_cat-diger-yedek-parcalar","8":"product_cat-yedek-parca-linde","10":"first","11":"instock","12":"taxable","13":"shipping-taxable","14":"purchasable","15":"product-type-simple"},"_links":{"self":[{"href":"https:\/\/ceoparts.com\/fr\/wp-json\/wp\/v2\/product\/17049","targetHints":{"allow":["GET"]}}],"collection":[{"href":"https:\/\/ceoparts.com\/fr\/wp-json\/wp\/v2\/product"}],"about":[{"href":"https:\/\/ceoparts.com\/fr\/wp-json\/wp\/v2\/types\/product"}],"wp:featuredmedia":[{"embeddable":true,"href":"https:\/\/ceoparts.com\/fr\/wp-json\/wp\/v2\/media\/17055"}],"wp:attachment":[{"href":"https:\/\/ceoparts.com\/fr\/wp-json\/wp\/v2\/media?parent=17049"}],"wp:term":[{"taxonomy":"product_brand","embeddable":true,"href":"https:\/\/ceoparts.com\/fr\/wp-json\/wp\/v2\/product_brand?post=17049"},{"taxonomy":"product_cat","embeddable":true,"href":"https:\/\/ceoparts.com\/fr\/wp-json\/wp\/v2\/product_cat?post=17049"},{"taxonomy":"product_tag","embeddable":true,"href":"https:\/\/ceoparts.com\/fr\/wp-json\/wp\/v2\/product_tag?post=17049"}],"curies":[{"name":"wp","href":"https:\/\/api.w.org\/{rel}","templated":true}]}}