{"id":17072,"date":"2025-05-21T15:26:23","date_gmt":"2025-05-21T12:26:23","guid":{"rendered":"https:\/\/ceoparts.com\/?post_type=product&#038;p=17072"},"modified":"2026-05-16T17:57:56","modified_gmt":"2026-05-16T14:57:56","slug":"linde-hidrolik-pompa-takimi-0039810878","status":"publish","type":"product","link":"https:\/\/ceoparts.com\/fr\/urun\/linde-hidrolik-pompa-takimi-0039810878\/","title":{"rendered":"Ensemble pompe hydraulique Linde \u2013 0039810878"},"content":{"rendered":"<p>Ensemble pompe hydraulique Linde \u2013 0039810878<\/p>","protected":false},"excerpt":{"rendered":"<p data-start=\"2226\" data-end=\"2569\"><strong data-start=\"2226\" data-end=\"2275\">Ensemble pompe hydraulique Linde \u2013 0039810878<\/strong> est un ensemble de pompe hydraulique d\u2019origine haute performance utilis\u00e9 dans les chariots \u00e9l\u00e9vateurs et gerbeurs Linde. Sa construction robuste assure un fonctionnement fluide du syst\u00e8me hydraulique et offre une durabilit\u00e9 fiable. Il aide vos machines \u00e0 fonctionner \u00e0 une efficacit\u00e9 optimale.<\/p>\n<p data-start=\"2571\" data-end=\"2595\"><strong data-start=\"2571\" data-end=\"2593\">Caract\u00e9ristiques :<\/strong><\/p>\n<ul data-start=\"2596\" data-end=\"2758\">\n<li data-start=\"2596\" data-end=\"2634\">\n<p data-start=\"2598\" data-end=\"2634\"><strong data-start=\"2598\" data-end=\"2621\">R\u00e9f\u00e9rence produit :<\/strong> 0039810878<\/p>\n<\/li>\n<li data-start=\"2635\" data-end=\"2694\">\n<p data-start=\"2637\" data-end=\"2694\"><strong data-start=\"2637\" data-end=\"2654\">Application :<\/strong> Chariots \u00e9l\u00e9vateurs et gerbeurs Linde<\/p>\n<\/li>\n<li data-start=\"2695\" data-end=\"2736\">\n<p data-start=\"2697\" data-end=\"2736\"><strong data-start=\"2697\" data-end=\"2707\">Type :<\/strong> Ensemble pompe hydraulique<\/p>\n<\/li>\n<li data-start=\"2737\" data-end=\"2758\">\n<p data-start=\"2739\" data-end=\"2758\"><strong data-start=\"2739\" data-end=\"2758\">Pi\u00e8ce d\u2019origine<\/strong><\/p>\n<\/li>\n<\/ul>\n","protected":false},"featured_media":17077,"template":"","meta":[],"product_brand":[],"product_cat":[246,461,523],"product_tag":[],"class_list":{"0":"post-17072","1":"product","2":"type-product","3":"status-publish","4":"has-post-thumbnail","6":"product_cat-linde","7":"product_cat-hidrolik-sistemi","8":"product_cat-yedek-parca-linde","10":"first","11":"instock","12":"taxable","13":"shipping-taxable","14":"purchasable","15":"product-type-simple"},"_links":{"self":[{"href":"https:\/\/ceoparts.com\/fr\/wp-json\/wp\/v2\/product\/17072","targetHints":{"allow":["GET"]}}],"collection":[{"href":"https:\/\/ceoparts.com\/fr\/wp-json\/wp\/v2\/product"}],"about":[{"href":"https:\/\/ceoparts.com\/fr\/wp-json\/wp\/v2\/types\/product"}],"wp:featuredmedia":[{"embeddable":true,"href":"https:\/\/ceoparts.com\/fr\/wp-json\/wp\/v2\/media\/17077"}],"wp:attachment":[{"href":"https:\/\/ceoparts.com\/fr\/wp-json\/wp\/v2\/media?parent=17072"}],"wp:term":[{"taxonomy":"product_brand","embeddable":true,"href":"https:\/\/ceoparts.com\/fr\/wp-json\/wp\/v2\/product_brand?post=17072"},{"taxonomy":"product_cat","embeddable":true,"href":"https:\/\/ceoparts.com\/fr\/wp-json\/wp\/v2\/product_cat?post=17072"},{"taxonomy":"product_tag","embeddable":true,"href":"https:\/\/ceoparts.com\/fr\/wp-json\/wp\/v2\/product_tag?post=17072"}],"curies":[{"name":"wp","href":"https:\/\/api.w.org\/{rel}","templated":true}]}}