{"id":17079,"date":"2025-05-22T11:09:56","date_gmt":"2025-05-22T08:09:56","guid":{"rendered":"https:\/\/ceoparts.com\/?post_type=product&#038;p=17079"},"modified":"2026-05-16T20:15:35","modified_gmt":"2026-05-16T17:15:35","slug":"still-fmx-reduktor-11202601000","status":"publish","type":"product","link":"https:\/\/ceoparts.com\/fr\/urun\/still-fmx-reduktor-11202601000\/","title":{"rendered":"R\u00e9ducteur STILL FMX \u2013 11202601000"},"content":{"rendered":"<p>R\u00e9ducteur STILL FMX \u2013 11202601000<\/p>","protected":false},"excerpt":{"rendered":"<p data-start=\"2242\" data-end=\"2575\"><strong data-start=\"2242\" data-end=\"2279\">R\u00e9ducteur Still FMX \u2013 11202601000<\/strong> est une pi\u00e8ce d\u2019origine de haute qualit\u00e9 utilis\u00e9e dans les chariots \u00e9l\u00e9vateurs et gerbeurs Still pour assurer une transmission de puissance efficace. Sa durabilit\u00e9 et sa fiabilit\u00e9 contribuent \u00e0 la performance optimale de vos machines. Con\u00e7u pour une utilisation durable en conditions exigeantes.<\/p>\n<p data-start=\"2577\" data-end=\"2601\"><strong data-start=\"2577\" data-end=\"2599\">Caract\u00e9ristiques :<\/strong><\/p>\n<ul data-start=\"2602\" data-end=\"2782\">\n<li data-start=\"2602\" data-end=\"2641\">\n<p data-start=\"2604\" data-end=\"2641\"><strong data-start=\"2604\" data-end=\"2627\">R\u00e9f\u00e9rence produit :<\/strong> 11202601000<\/p>\n<\/li>\n<li data-start=\"2642\" data-end=\"2705\">\n<p data-start=\"2644\" data-end=\"2705\"><strong data-start=\"2644\" data-end=\"2661\">Application :<\/strong> Chariots \u00e9l\u00e9vateurs et gerbeurs Still FMX<\/p>\n<\/li>\n<li data-start=\"2706\" data-end=\"2760\">\n<p data-start=\"2708\" data-end=\"2760\"><strong data-start=\"2708\" data-end=\"2722\">Mat\u00e9riau :<\/strong> Alliage m\u00e9tallique haute r\u00e9sistance<\/p>\n<\/li>\n<li data-start=\"2761\" data-end=\"2782\">\n<p data-start=\"2763\" data-end=\"2782\"><strong data-start=\"2763\" data-end=\"2782\">Pi\u00e8ce d\u2019origine<\/strong><\/p>\n<\/li>\n<\/ul>\n","protected":false},"featured_media":17080,"template":"","meta":[],"product_brand":[],"product_cat":[241,470,524],"product_tag":[],"class_list":{"0":"post-17079","1":"product","2":"type-product","3":"status-publish","4":"has-post-thumbnail","6":"product_cat-still","7":"product_cat-diger-yedek-parcalar","8":"product_cat-yedek-parca-still","10":"first","11":"instock","12":"taxable","13":"shipping-taxable","14":"purchasable","15":"product-type-simple"},"_links":{"self":[{"href":"https:\/\/ceoparts.com\/fr\/wp-json\/wp\/v2\/product\/17079","targetHints":{"allow":["GET"]}}],"collection":[{"href":"https:\/\/ceoparts.com\/fr\/wp-json\/wp\/v2\/product"}],"about":[{"href":"https:\/\/ceoparts.com\/fr\/wp-json\/wp\/v2\/types\/product"}],"wp:featuredmedia":[{"embeddable":true,"href":"https:\/\/ceoparts.com\/fr\/wp-json\/wp\/v2\/media\/17080"}],"wp:attachment":[{"href":"https:\/\/ceoparts.com\/fr\/wp-json\/wp\/v2\/media?parent=17079"}],"wp:term":[{"taxonomy":"product_brand","embeddable":true,"href":"https:\/\/ceoparts.com\/fr\/wp-json\/wp\/v2\/product_brand?post=17079"},{"taxonomy":"product_cat","embeddable":true,"href":"https:\/\/ceoparts.com\/fr\/wp-json\/wp\/v2\/product_cat?post=17079"},{"taxonomy":"product_tag","embeddable":true,"href":"https:\/\/ceoparts.com\/fr\/wp-json\/wp\/v2\/product_tag?post=17079"}],"curies":[{"name":"wp","href":"https:\/\/api.w.org\/{rel}","templated":true}]}}