{"id":17093,"date":"2025-05-22T11:35:00","date_gmt":"2025-05-22T08:35:00","guid":{"rendered":"https:\/\/ceoparts.com\/?post_type=product&#038;p=17093"},"modified":"2026-05-16T20:15:47","modified_gmt":"2026-05-16T17:15:47","slug":"rema-aku-soketi-pimi-160-a","status":"publish","type":"product","link":"https:\/\/ceoparts.com\/fr\/urun\/rema-aku-soketi-pimi-160-a\/","title":{"rendered":"Broche de connecteur de batterie Rema 160A"},"content":{"rendered":"<p>Broche de connecteur de batterie Rema 160A<\/p>","protected":false},"excerpt":{"rendered":"<p data-start=\"2412\" data-end=\"2774\"><strong data-start=\"2412\" data-end=\"2458\">Broche de connecteur de batterie Rema 160A<\/strong> est une broche de puissance sp\u00e9cialement con\u00e7ue pour les connecteurs de batterie Rema utilis\u00e9s dans les chariots \u00e9l\u00e9vateurs \u00e9lectriques industriels et les transpalettes. Sa grande capacit\u00e9 de courant et sa structure robuste assurent une transmission d&#8217;\u00e9nergie s\u00fbre et continue. Adapt\u00e9e aux environnements intensifs.<\/p>\n<p data-start=\"2776\" data-end=\"2800\"><strong data-start=\"2776\" data-end=\"2798\">Caract\u00e9ristiques :<\/strong><\/p>\n<ul data-start=\"2801\" data-end=\"3006\">\n<li data-start=\"2801\" data-end=\"2835\">\n<p data-start=\"2803\" data-end=\"2835\"><strong data-start=\"2803\" data-end=\"2828\">Capacit\u00e9 de courant :<\/strong> 160A<\/p>\n<\/li>\n<li data-start=\"2836\" data-end=\"2921\">\n<p data-start=\"2838\" data-end=\"2921\"><strong data-start=\"2838\" data-end=\"2855\">Application :<\/strong> Chariots \u00e9l\u00e9vateurs, gerbeurs \u00e9lectriques et syst\u00e8mes de charge<\/p>\n<\/li>\n<li data-start=\"2922\" data-end=\"2974\">\n<p data-start=\"2924\" data-end=\"2974\"><strong data-start=\"2924\" data-end=\"2943\">Compatibilit\u00e9 :<\/strong> Connecteurs de batterie Rema<\/p>\n<\/li>\n<li data-start=\"2975\" data-end=\"3006\">\n<p data-start=\"2977\" data-end=\"3006\"><strong data-start=\"2977\" data-end=\"3006\">Connexion s\u00fbre et durable<\/strong><\/p>\n<\/li>\n<\/ul>\n","protected":false},"featured_media":17095,"template":"","meta":[],"product_brand":[],"product_cat":[444],"product_tag":[],"class_list":{"0":"post-17093","1":"product","2":"type-product","3":"status-publish","4":"has-post-thumbnail","6":"product_cat-aku-fisi","8":"first","9":"instock","10":"taxable","11":"shipping-taxable","12":"purchasable","13":"product-type-simple"},"_links":{"self":[{"href":"https:\/\/ceoparts.com\/fr\/wp-json\/wp\/v2\/product\/17093","targetHints":{"allow":["GET"]}}],"collection":[{"href":"https:\/\/ceoparts.com\/fr\/wp-json\/wp\/v2\/product"}],"about":[{"href":"https:\/\/ceoparts.com\/fr\/wp-json\/wp\/v2\/types\/product"}],"wp:featuredmedia":[{"embeddable":true,"href":"https:\/\/ceoparts.com\/fr\/wp-json\/wp\/v2\/media\/17095"}],"wp:attachment":[{"href":"https:\/\/ceoparts.com\/fr\/wp-json\/wp\/v2\/media?parent=17093"}],"wp:term":[{"taxonomy":"product_brand","embeddable":true,"href":"https:\/\/ceoparts.com\/fr\/wp-json\/wp\/v2\/product_brand?post=17093"},{"taxonomy":"product_cat","embeddable":true,"href":"https:\/\/ceoparts.com\/fr\/wp-json\/wp\/v2\/product_cat?post=17093"},{"taxonomy":"product_tag","embeddable":true,"href":"https:\/\/ceoparts.com\/fr\/wp-json\/wp\/v2\/product_tag?post=17093"}],"curies":[{"name":"wp","href":"https:\/\/api.w.org\/{rel}","templated":true}]}}