{"id":17100,"date":"2025-05-22T14:04:37","date_gmt":"2025-05-22T11:04:37","guid":{"rendered":"https:\/\/ceoparts.com\/?post_type=product&#038;p=17100"},"modified":"2026-05-16T14:28:42","modified_gmt":"2026-05-16T11:28:42","slug":"toyota-forklift-finger","status":"publish","type":"product","link":"https:\/\/ceoparts.com\/fr\/urun\/toyota-forklift-finger\/","title":{"rendered":"Toyota Forklift Finger"},"content":{"rendered":"<p>Toyota Forklift Finger<\/p>\n","protected":false},"excerpt":{"rendered":"<p data-start=\"2079\" data-end=\"2387\"><strong data-start=\"2079\" data-end=\"2105\">Toyota Forklift Finger<\/strong> est une pi\u00e8ce d\u00e9tach\u00e9e essentielle utilis\u00e9e dans les syst\u00e8mes de direction et de commande des chariots \u00e9l\u00e9vateurs. Elle assure la transmission pr\u00e9cise et rapide des mouvements hydrauliques et \u00e9lectroniques. Sa conception robuste est parfaitement compatible avec les mod\u00e8les Toyota.<\/p>\n<p data-start=\"2389\" data-end=\"2413\"><strong data-start=\"2389\" data-end=\"2411\">Caract\u00e9ristiques :<\/strong><\/p>\n<ul data-start=\"2414\" data-end=\"2578\">\n<li data-start=\"2414\" data-end=\"2501\">\n<p data-start=\"2416\" data-end=\"2501\"><strong data-start=\"2416\" data-end=\"2433\">Application :<\/strong> Syst\u00e8mes de direction et commande pour chariots \u00e9l\u00e9vateurs Toyota<\/p>\n<\/li>\n<li data-start=\"2502\" data-end=\"2556\">\n<p data-start=\"2504\" data-end=\"2556\"><strong data-start=\"2504\" data-end=\"2518\">Mat\u00e9riau :<\/strong> M\u00e9tal et plastique haute r\u00e9sistance<\/p>\n<\/li>\n<li data-start=\"2557\" data-end=\"2578\">\n<p data-start=\"2559\" data-end=\"2578\"><strong data-start=\"2559\" data-end=\"2578\">Pi\u00e8ce d\u2019origine<\/strong><\/p>\n<\/li>\n<\/ul>\n","protected":false},"featured_media":17105,"template":"","meta":[],"product_brand":[],"product_cat":[469,521,530],"product_tag":[],"class_list":{"0":"post-17100","1":"product","2":"type-product","3":"status-publish","4":"has-post-thumbnail","6":"product_cat-elektrik-ve-sistem-parcalari","7":"product_cat-toyota","8":"product_cat-yedek-parca-toyota","10":"first","11":"instock","12":"taxable","13":"shipping-taxable","14":"purchasable","15":"product-type-simple"},"_links":{"self":[{"href":"https:\/\/ceoparts.com\/fr\/wp-json\/wp\/v2\/product\/17100","targetHints":{"allow":["GET"]}}],"collection":[{"href":"https:\/\/ceoparts.com\/fr\/wp-json\/wp\/v2\/product"}],"about":[{"href":"https:\/\/ceoparts.com\/fr\/wp-json\/wp\/v2\/types\/product"}],"wp:featuredmedia":[{"embeddable":true,"href":"https:\/\/ceoparts.com\/fr\/wp-json\/wp\/v2\/media\/17105"}],"wp:attachment":[{"href":"https:\/\/ceoparts.com\/fr\/wp-json\/wp\/v2\/media?parent=17100"}],"wp:term":[{"taxonomy":"product_brand","embeddable":true,"href":"https:\/\/ceoparts.com\/fr\/wp-json\/wp\/v2\/product_brand?post=17100"},{"taxonomy":"product_cat","embeddable":true,"href":"https:\/\/ceoparts.com\/fr\/wp-json\/wp\/v2\/product_cat?post=17100"},{"taxonomy":"product_tag","embeddable":true,"href":"https:\/\/ceoparts.com\/fr\/wp-json\/wp\/v2\/product_tag?post=17100"}],"curies":[{"name":"wp","href":"https:\/\/api.w.org\/{rel}","templated":true}]}}