{"id":17106,"date":"2025-05-22T14:18:39","date_gmt":"2025-05-22T11:18:39","guid":{"rendered":"https:\/\/ceoparts.com\/?post_type=product&#038;p=17106"},"modified":"2026-05-16T19:24:12","modified_gmt":"2026-05-16T16:24:12","slug":"310x102-40-wicke-vulkollan-yuk-tekeri-8365302","status":"publish","type":"product","link":"https:\/\/ceoparts.com\/fr\/urun\/310x102-40-wicke-vulkollan-yuk-tekeri-8365302\/","title":{"rendered":"Roue de charge Wicke Vulkollan 310&#215;102-40 \u2013 8365302"},"content":{"rendered":"<p>Roue de charge Wicke Vulkollan 310&#215;102-40 \u2013 8365302<\/p>","protected":false},"excerpt":{"rendered":"<p data-start=\"2306\" data-end=\"2595\"><strong data-start=\"2306\" data-end=\"2361\">Roue de charge 310&#215;102-40 Wicke Vulkollan \u2013 8365302<\/strong> est con\u00e7ue pour les chariots \u00e9l\u00e9vateurs et les gerbeurs. Son rev\u00eatement en Vulkollan offre une r\u00e9sistance maximale \u00e0 l&#8217;usure, aux chocs et aux charges lourdes. Respectueuse des sols et durable, elle fonctionne sans laisser de traces.<\/p>\n<p data-start=\"2597\" data-end=\"2621\"><strong data-start=\"2597\" data-end=\"2619\">Caract\u00e9ristiques :<\/strong><\/p>\n<ul data-start=\"2622\" data-end=\"2816\">\n<li data-start=\"2622\" data-end=\"2657\">\n<p data-start=\"2624\" data-end=\"2657\"><strong data-start=\"2624\" data-end=\"2647\">R\u00e9f\u00e9rence produit :<\/strong> 8365302<\/p>\n<\/li>\n<li data-start=\"2658\" data-end=\"2692\">\n<p data-start=\"2660\" data-end=\"2692\"><strong data-start=\"2660\" data-end=\"2676\">Dimensions :<\/strong> 310&#215;102-40 mm<\/p>\n<\/li>\n<li data-start=\"2693\" data-end=\"2721\">\n<p data-start=\"2695\" data-end=\"2721\"><strong data-start=\"2695\" data-end=\"2709\">Mat\u00e9riau :<\/strong> Vulkollan<\/p>\n<\/li>\n<li data-start=\"2722\" data-end=\"2775\">\n<p data-start=\"2724\" data-end=\"2775\"><strong data-start=\"2724\" data-end=\"2741\">Application :<\/strong> Chariots \u00e9l\u00e9vateurs et gerbeurs<\/p>\n<\/li>\n<li data-start=\"2776\" data-end=\"2816\">\n<p data-start=\"2778\" data-end=\"2816\"><strong data-start=\"2778\" data-end=\"2816\">R\u00e9sistant \u00e0 l\u2019usure et aux charges<\/strong><\/p>\n<\/li>\n<\/ul>\n<p>FM<\/p>\n<p>FM I<\/p>\n","protected":false},"featured_media":17111,"template":"","meta":[],"product_brand":[],"product_cat":[405,194],"product_tag":[],"class_list":{"0":"post-17106","1":"product","2":"type-product","3":"status-publish","4":"has-post-thumbnail","6":"product_cat-yuk-tekeri-wicke","7":"product_cat-yuk-tekeri","9":"first","10":"instock","11":"taxable","12":"shipping-taxable","13":"purchasable","14":"product-type-simple"},"_links":{"self":[{"href":"https:\/\/ceoparts.com\/fr\/wp-json\/wp\/v2\/product\/17106","targetHints":{"allow":["GET"]}}],"collection":[{"href":"https:\/\/ceoparts.com\/fr\/wp-json\/wp\/v2\/product"}],"about":[{"href":"https:\/\/ceoparts.com\/fr\/wp-json\/wp\/v2\/types\/product"}],"wp:featuredmedia":[{"embeddable":true,"href":"https:\/\/ceoparts.com\/fr\/wp-json\/wp\/v2\/media\/17111"}],"wp:attachment":[{"href":"https:\/\/ceoparts.com\/fr\/wp-json\/wp\/v2\/media?parent=17106"}],"wp:term":[{"taxonomy":"product_brand","embeddable":true,"href":"https:\/\/ceoparts.com\/fr\/wp-json\/wp\/v2\/product_brand?post=17106"},{"taxonomy":"product_cat","embeddable":true,"href":"https:\/\/ceoparts.com\/fr\/wp-json\/wp\/v2\/product_cat?post=17106"},{"taxonomy":"product_tag","embeddable":true,"href":"https:\/\/ceoparts.com\/fr\/wp-json\/wp\/v2\/product_tag?post=17106"}],"curies":[{"name":"wp","href":"https:\/\/api.w.org\/{rel}","templated":true}]}}