{"id":17112,"date":"2025-05-22T15:11:29","date_gmt":"2025-05-22T12:11:29","guid":{"rendered":"https:\/\/ceoparts.com\/?post_type=product&#038;p=17112"},"modified":"2026-05-16T15:02:34","modified_gmt":"2026-05-16T12:02:34","slug":"linde-mt15-yuruyus-tekeri-0009934025","status":"publish","type":"product","link":"https:\/\/ceoparts.com\/fr\/urun\/linde-mt15-yuruyus-tekeri-0009934025\/","title":{"rendered":"Roue motrice Linde MT15 \u2013 0009934025"},"content":{"rendered":"<p>Roue motrice Linde MT15 \u2013 0009934025<\/p>","protected":false},"excerpt":{"rendered":"<p data-start=\"2206\" data-end=\"2517\"><strong data-start=\"2206\" data-end=\"2246\">Roue motrice Linde MT15 \u2013 0009934025<\/strong> est la roue d&#8217;origine utilis\u00e9e sur les transpalettes \u00e9lectriques Linde MT15. Sa structure r\u00e9sistante \u00e0 l&#8217;usure et ses mat\u00e9riaux de qualit\u00e9 assurent une longue dur\u00e9e de vie. Offre un excellent contact au sol, une grande capacit\u00e9 de charge et un fonctionnement silencieux.<\/p>\n<p data-start=\"2519\" data-end=\"2543\"><strong data-start=\"2519\" data-end=\"2541\">Caract\u00e9ristiques :<\/strong><\/p>\n<ul data-start=\"2544\" data-end=\"2722\">\n<li data-start=\"2544\" data-end=\"2582\">\n<p data-start=\"2546\" data-end=\"2582\"><strong data-start=\"2546\" data-end=\"2569\">R\u00e9f\u00e9rence produit :<\/strong> 0009934025<\/p>\n<\/li>\n<li data-start=\"2583\" data-end=\"2641\">\n<p data-start=\"2585\" data-end=\"2641\"><strong data-start=\"2585\" data-end=\"2602\">Application :<\/strong> Roue motrice transpalette Linde MT15<\/p>\n<\/li>\n<li data-start=\"2642\" data-end=\"2693\">\n<p data-start=\"2644\" data-end=\"2693\"><strong data-start=\"2644\" data-end=\"2658\">Mat\u00e9riau :<\/strong> Polyur\u00e9thane r\u00e9sistant \u00e0 l\u2019usure<\/p>\n<\/li>\n<li data-start=\"2694\" data-end=\"2722\">\n<p data-start=\"2696\" data-end=\"2722\"><strong data-start=\"2696\" data-end=\"2722\">Durable et silencieuse<\/strong><\/p>\n<\/li>\n<\/ul>\n","protected":false},"featured_media":17117,"template":"","meta":[],"product_brand":[],"product_cat":[246,249,193],"product_tag":[],"class_list":{"0":"post-17112","1":"product","2":"type-product","3":"status-publish","4":"has-post-thumbnail","6":"product_cat-linde","7":"product_cat-yuruyus-tekeri-linde","8":"product_cat-yuruyus-tekeri","10":"first","11":"instock","12":"taxable","13":"shipping-taxable","14":"purchasable","15":"product-type-simple"},"_links":{"self":[{"href":"https:\/\/ceoparts.com\/fr\/wp-json\/wp\/v2\/product\/17112","targetHints":{"allow":["GET"]}}],"collection":[{"href":"https:\/\/ceoparts.com\/fr\/wp-json\/wp\/v2\/product"}],"about":[{"href":"https:\/\/ceoparts.com\/fr\/wp-json\/wp\/v2\/types\/product"}],"wp:featuredmedia":[{"embeddable":true,"href":"https:\/\/ceoparts.com\/fr\/wp-json\/wp\/v2\/media\/17117"}],"wp:attachment":[{"href":"https:\/\/ceoparts.com\/fr\/wp-json\/wp\/v2\/media?parent=17112"}],"wp:term":[{"taxonomy":"product_brand","embeddable":true,"href":"https:\/\/ceoparts.com\/fr\/wp-json\/wp\/v2\/product_brand?post=17112"},{"taxonomy":"product_cat","embeddable":true,"href":"https:\/\/ceoparts.com\/fr\/wp-json\/wp\/v2\/product_cat?post=17112"},{"taxonomy":"product_tag","embeddable":true,"href":"https:\/\/ceoparts.com\/fr\/wp-json\/wp\/v2\/product_tag?post=17112"}],"curies":[{"name":"wp","href":"https:\/\/api.w.org\/{rel}","templated":true}]}}