{"id":17131,"date":"2025-05-22T17:20:25","date_gmt":"2025-05-22T14:20:25","guid":{"rendered":"https:\/\/ceoparts.com\/?post_type=product&#038;p=17131"},"modified":"2026-05-16T21:10:46","modified_gmt":"2026-05-16T18:10:46","slug":"albright-kontaktor-ed125a-27-48v","status":"publish","type":"product","link":"https:\/\/ceoparts.com\/fr\/urun\/albright-kontaktor-ed125a-27-48v\/","title":{"rendered":"Contacteur d\u2019arr\u00eat d\u2019urgence ALBRIGHT \u2013 ED125A-27 48V"},"content":{"rendered":"<p>Contacteur d\u2019arr\u00eat d\u2019urgence ALBRIGHT \u2013 ED125A-27 48V<\/p>","protected":false},"excerpt":{"rendered":"<p data-start=\"2703\" data-end=\"3104\"><strong data-start=\"2703\" data-end=\"2760\">Contacteur d&#8217;arr\u00eat d&#8217;urgence ALBRIGHT \u2013 ED125A-27 48V<\/strong> est un contacteur de s\u00e9curit\u00e9 utilis\u00e9 dans les \u00e9quipements industriels, chariots \u00e9l\u00e9vateurs et v\u00e9hicules \u00e9lectriques. Avec une tension de fonctionnement de 48V et une capacit\u00e9 de 125A, il coupe le circuit rapidement et en toute s\u00e9curit\u00e9 en cas d\u2019urgence, assurant la s\u00e9curit\u00e9 de l\u2019op\u00e9rateur et du syst\u00e8me. Pi\u00e8ce de rechange d\u2019origine Albright.<\/p>\n<p data-start=\"3106\" data-end=\"3130\"><strong data-start=\"3106\" data-end=\"3128\">Caract\u00e9ristiques :<\/strong><\/p>\n<ul data-start=\"3131\" data-end=\"3390\">\n<li data-start=\"3131\" data-end=\"3168\">\n<p data-start=\"3133\" data-end=\"3168\"><strong data-start=\"3133\" data-end=\"3156\">R\u00e9f\u00e9rence produit :<\/strong> ED125A-27<\/p>\n<\/li>\n<li data-start=\"3169\" data-end=\"3208\">\n<p data-start=\"3171\" data-end=\"3208\"><strong data-start=\"3171\" data-end=\"3202\">Tension de fonctionnement :<\/strong> 48V<\/p>\n<\/li>\n<li data-start=\"3209\" data-end=\"3243\">\n<p data-start=\"3211\" data-end=\"3243\"><strong data-start=\"3211\" data-end=\"3236\">Capacit\u00e9 en courant :<\/strong> 125A<\/p>\n<\/li>\n<li data-start=\"3244\" data-end=\"3347\">\n<p data-start=\"3246\" data-end=\"3347\"><strong data-start=\"3246\" data-end=\"3263\">Application :<\/strong> Chariots \u00e9l\u00e9vateurs, transpalettes, v\u00e9hicules \u00e9lectriques, machines industrielles<\/p>\n<\/li>\n<li data-start=\"3348\" data-end=\"3390\">\n<p data-start=\"3350\" data-end=\"3390\"><strong data-start=\"3350\" data-end=\"3390\">Haute s\u00e9curit\u00e9 et conception robuste<\/strong><\/p>\n<\/li>\n<\/ul>\n","protected":false},"featured_media":17135,"template":"","meta":[],"product_brand":[],"product_cat":[469],"product_tag":[],"class_list":{"0":"post-17131","1":"product","2":"type-product","3":"status-publish","4":"has-post-thumbnail","6":"product_cat-elektrik-ve-sistem-parcalari","8":"first","9":"instock","10":"taxable","11":"shipping-taxable","12":"purchasable","13":"product-type-simple"},"_links":{"self":[{"href":"https:\/\/ceoparts.com\/fr\/wp-json\/wp\/v2\/product\/17131","targetHints":{"allow":["GET"]}}],"collection":[{"href":"https:\/\/ceoparts.com\/fr\/wp-json\/wp\/v2\/product"}],"about":[{"href":"https:\/\/ceoparts.com\/fr\/wp-json\/wp\/v2\/types\/product"}],"wp:featuredmedia":[{"embeddable":true,"href":"https:\/\/ceoparts.com\/fr\/wp-json\/wp\/v2\/media\/17135"}],"wp:attachment":[{"href":"https:\/\/ceoparts.com\/fr\/wp-json\/wp\/v2\/media?parent=17131"}],"wp:term":[{"taxonomy":"product_brand","embeddable":true,"href":"https:\/\/ceoparts.com\/fr\/wp-json\/wp\/v2\/product_brand?post=17131"},{"taxonomy":"product_cat","embeddable":true,"href":"https:\/\/ceoparts.com\/fr\/wp-json\/wp\/v2\/product_cat?post=17131"},{"taxonomy":"product_tag","embeddable":true,"href":"https:\/\/ceoparts.com\/fr\/wp-json\/wp\/v2\/product_tag?post=17131"}],"curies":[{"name":"wp","href":"https:\/\/api.w.org\/{rel}","templated":true}]}}