{"id":17176,"date":"2025-05-23T14:38:04","date_gmt":"2025-05-23T11:38:04","guid":{"rendered":"https:\/\/ceoparts.com\/?post_type=product&#038;p=17176"},"modified":"2026-05-16T10:45:35","modified_gmt":"2026-05-16T07:45:35","slug":"bt-kaldirma-sembolu-171585-004","status":"publish","type":"product","link":"https:\/\/ceoparts.com\/fr\/urun\/bt-kaldirma-sembolu-171585-004\/","title":{"rendered":"Symbole de lev\u00e9e BT \u2013 171585-004"},"content":{"rendered":"<p>Symbole de lev\u00e9e BT \u2013 171585-004<\/p>","protected":false},"excerpt":{"rendered":"<p data-start=\"2633\" data-end=\"2977\"><strong data-start=\"2633\" data-end=\"2670\">Symbole de Levage BT \u2013 171585-004<\/strong> est un symbole d\u2019avertissement de haute qualit\u00e9 utilis\u00e9 sur les chariots \u00e9l\u00e9vateurs et autres \u00e9quipements de levage pour renforcer la s\u00e9curit\u00e9 au travail et informer les op\u00e9rateurs. Fabriqu\u00e9 avec des mat\u00e9riaux durables pour une utilisation prolong\u00e9e. Id\u00e9al pour organiser et s\u00e9curiser les zones de travail.<\/p>\n<p data-start=\"2979\" data-end=\"3001\"><strong data-start=\"2979\" data-end=\"3001\">Caract\u00e9ristiques :<\/strong><\/p>\n<ul data-start=\"3002\" data-end=\"3267\">\n<li data-start=\"3002\" data-end=\"3040\">\n<p data-start=\"3004\" data-end=\"3040\"><strong data-start=\"3004\" data-end=\"3027\">R\u00e9f\u00e9rence produit :<\/strong> 171585-004<\/p>\n<\/li>\n<li data-start=\"3041\" data-end=\"3088\">\n<p data-start=\"3043\" data-end=\"3088\"><strong data-start=\"3043\" data-end=\"3057\">Mat\u00e9riau :<\/strong> Plastique ou m\u00e9tal r\u00e9sistant<\/p>\n<\/li>\n<li data-start=\"3089\" data-end=\"3162\">\n<p data-start=\"3091\" data-end=\"3162\"><strong data-start=\"3091\" data-end=\"3118\">Domaine d\u2019utilisation :<\/strong> Chariots \u00e9l\u00e9vateurs et syst\u00e8mes de levage<\/p>\n<\/li>\n<li data-start=\"3163\" data-end=\"3219\">\n<p data-start=\"3165\" data-end=\"3219\"><strong data-start=\"3165\" data-end=\"3190\">Mod\u00e8les compatibles :<\/strong> \u00c9quipements compatibles BT<\/p>\n<\/li>\n<li data-start=\"3220\" data-end=\"3267\">\n<p data-start=\"3222\" data-end=\"3267\"><strong data-start=\"3222\" data-end=\"3267\">Installation facile &amp; Longue dur\u00e9e de vie<\/strong><\/p>\n<\/li>\n<\/ul>\n","protected":false},"featured_media":17179,"template":"","meta":[],"product_brand":[],"product_cat":[251,454,518],"product_tag":[],"class_list":{"0":"post-17176","1":"product","2":"type-product","3":"status-publish","4":"has-post-thumbnail","6":"product_cat-bt","7":"product_cat-switch-ve-buton","8":"product_cat-yedek-parca-bt","10":"first","11":"instock","12":"taxable","13":"shipping-taxable","14":"purchasable","15":"product-type-simple"},"_links":{"self":[{"href":"https:\/\/ceoparts.com\/fr\/wp-json\/wp\/v2\/product\/17176","targetHints":{"allow":["GET"]}}],"collection":[{"href":"https:\/\/ceoparts.com\/fr\/wp-json\/wp\/v2\/product"}],"about":[{"href":"https:\/\/ceoparts.com\/fr\/wp-json\/wp\/v2\/types\/product"}],"wp:featuredmedia":[{"embeddable":true,"href":"https:\/\/ceoparts.com\/fr\/wp-json\/wp\/v2\/media\/17179"}],"wp:attachment":[{"href":"https:\/\/ceoparts.com\/fr\/wp-json\/wp\/v2\/media?parent=17176"}],"wp:term":[{"taxonomy":"product_brand","embeddable":true,"href":"https:\/\/ceoparts.com\/fr\/wp-json\/wp\/v2\/product_brand?post=17176"},{"taxonomy":"product_cat","embeddable":true,"href":"https:\/\/ceoparts.com\/fr\/wp-json\/wp\/v2\/product_cat?post=17176"},{"taxonomy":"product_tag","embeddable":true,"href":"https:\/\/ceoparts.com\/fr\/wp-json\/wp\/v2\/product_tag?post=17176"}],"curies":[{"name":"wp","href":"https:\/\/api.w.org\/{rel}","templated":true}]}}