{"id":17234,"date":"2025-06-27T15:22:17","date_gmt":"2025-06-27T12:22:17","guid":{"rendered":"https:\/\/ceoparts.com\/?post_type=product&#038;p=17234"},"modified":"2026-05-16T08:37:12","modified_gmt":"2026-05-16T05:37:12","slug":"343x140-80-7b-stellana-vulkollan-havsali-yuruyus-tekeri-582029863","status":"publish","type":"product","link":"https:\/\/ceoparts.com\/fr\/urun\/343x140-80-7b-stellana-vulkollan-havsali-yuruyus-tekeri-582029863\/","title":{"rendered":"343&#215;140-80 7B Stellana Vulkollan Roue motrice frais\u00e9e &#8211; 582029863"},"content":{"rendered":"<p>343&#215;140-80 7B Stellana Vulkollan Roue motrice frais\u00e9e &#8211; 582029863<\/p>\n<p>1643642 HYSTER Yale 582029863<\/p>\n<p>Yale : MR14 &#8211; MR16 &#8211; MR16HD &#8211; MR16N &#8211; MR20<br \/>\nMR20HD &#8211; MR25<br \/>\n(D849)<\/p>","protected":false},"excerpt":{"rendered":"<p data-start=\"2738\" data-end=\"3112\">La roue folle Stellana Vulkollan 343&#215;140-80 7B \u00e0 t\u00eate frais\u00e9e est fabriqu\u00e9e en mat\u00e9riau vulkollan durable \u00e0 base de polyur\u00e9thane offrant une haute r\u00e9sistance \u00e0 l\u2019usure et un fonctionnement silencieux. Sa conception \u00e0 t\u00eate frais\u00e9e permet un montage compatible et une fixation solide. Principalement utilis\u00e9e comme roue folle pour chariots \u00e9l\u00e9vateurs et v\u00e9hicules industriels.<\/p>\n<p data-start=\"3114\" data-end=\"3472\"><strong data-start=\"3114\" data-end=\"3136\">Caract\u00e9ristiques :<\/strong><br data-start=\"3136\" data-end=\"3139\" \/><strong data-start=\"3139\" data-end=\"3159\">Nom du produit :<\/strong> Roue folle Stellana Vulkollan 343&#215;140-80 7B \u00e0 t\u00eate frais\u00e9e<br data-start=\"3218\" data-end=\"3221\" \/><strong data-start=\"3221\" data-end=\"3237\">Code pi\u00e8ce :<\/strong> 582029863<br data-start=\"3247\" data-end=\"3250\" \/><strong data-start=\"3250\" data-end=\"3264\">Mat\u00e9riau :<\/strong> Vulkollan (\u00e0 base de polyur\u00e9thane)<br data-start=\"3299\" data-end=\"3302\" \/><strong data-start=\"3302\" data-end=\"3329\">Domaine d&#8217;utilisation :<\/strong> Roue folle pour chariots \u00e9l\u00e9vateurs et v\u00e9hicules industriels<br data-start=\"3390\" data-end=\"3393\" \/><strong data-start=\"3393\" data-end=\"3407\">Avantage :<\/strong> Haute durabilit\u00e9, fonctionnement silencieux, installation facile<\/p>\n","protected":false},"featured_media":17239,"template":"","meta":[],"product_brand":[],"product_cat":[256,260,416,418,193],"product_tag":[],"class_list":{"0":"post-17234","1":"product","2":"type-product","3":"status-publish","4":"has-post-thumbnail","6":"product_cat-hyster","7":"product_cat-yuruyus-tekeri-hyster","8":"product_cat-stellana","9":"product_cat-yuruyus-tekeri-stellana","10":"product_cat-yuruyus-tekeri","12":"first","13":"instock","14":"taxable","15":"shipping-taxable","16":"purchasable","17":"product-type-simple"},"_links":{"self":[{"href":"https:\/\/ceoparts.com\/fr\/wp-json\/wp\/v2\/product\/17234","targetHints":{"allow":["GET"]}}],"collection":[{"href":"https:\/\/ceoparts.com\/fr\/wp-json\/wp\/v2\/product"}],"about":[{"href":"https:\/\/ceoparts.com\/fr\/wp-json\/wp\/v2\/types\/product"}],"wp:featuredmedia":[{"embeddable":true,"href":"https:\/\/ceoparts.com\/fr\/wp-json\/wp\/v2\/media\/17239"}],"wp:attachment":[{"href":"https:\/\/ceoparts.com\/fr\/wp-json\/wp\/v2\/media?parent=17234"}],"wp:term":[{"taxonomy":"product_brand","embeddable":true,"href":"https:\/\/ceoparts.com\/fr\/wp-json\/wp\/v2\/product_brand?post=17234"},{"taxonomy":"product_cat","embeddable":true,"href":"https:\/\/ceoparts.com\/fr\/wp-json\/wp\/v2\/product_cat?post=17234"},{"taxonomy":"product_tag","embeddable":true,"href":"https:\/\/ceoparts.com\/fr\/wp-json\/wp\/v2\/product_tag?post=17234"}],"curies":[{"name":"wp","href":"https:\/\/api.w.org\/{rel}","templated":true}]}}