{"id":17298,"date":"2025-06-28T09:34:19","date_gmt":"2025-06-28T06:34:19","guid":{"rendered":"https:\/\/ceoparts.com\/?post_type=product&#038;p=17298"},"modified":"2026-05-16T17:35:18","modified_gmt":"2026-05-16T14:35:18","slug":"hyster-catal-mekanizmasi-tekerleksiz-1590873","status":"publish","type":"product","link":"https:\/\/ceoparts.com\/fr\/urun\/hyster-catal-mekanizmasi-tekerleksiz-1590873\/","title":{"rendered":"M\u00e9canisme de fourche Hyster (Sans roue) &#8211; 1590873"},"content":{"rendered":"<p>M\u00e9canisme de fourche Hyster (Sans roue) &#8211; 1590873<\/p>","protected":false},"excerpt":{"rendered":"<p data-start=\"2228\" data-end=\"2465\">Le m\u00e9canisme de fourche Hyster (Sans Roue) est un \u00e9quipement de connexion robuste utilis\u00e9 sur les chariots \u00e9l\u00e9vateurs pour des op\u00e9rations de levage et de transport de charges en toute s\u00e9curit\u00e9 et stabilit\u00e9. Id\u00e9al pour les mod\u00e8les Hyster.<\/p>\n<p data-start=\"2467\" data-end=\"2780\"><strong data-start=\"2467\" data-end=\"2489\">Caract\u00e9ristiques :<\/strong><br data-start=\"2489\" data-end=\"2492\" \/><strong data-start=\"2492\" data-end=\"2512\">Nom du produit :<\/strong> M\u00e9canisme de Fourche Hyster (Sans Roue)<br data-start=\"2552\" data-end=\"2555\" \/><strong data-start=\"2555\" data-end=\"2571\">Code pi\u00e8ce :<\/strong> 1590873<br data-start=\"2579\" data-end=\"2582\" \/><strong data-start=\"2582\" data-end=\"2596\">Mat\u00e9riau :<\/strong> Acier haute r\u00e9sistance<br data-start=\"2619\" data-end=\"2622\" \/><strong data-start=\"2622\" data-end=\"2649\">Domaine d&#8217;utilisation :<\/strong> Syst\u00e8mes de levage et de fourche pour chariots \u00e9l\u00e9vateurs<br data-start=\"2707\" data-end=\"2710\" \/><strong data-start=\"2710\" data-end=\"2724\">Avantage :<\/strong> Structure solide, installation facile, utilisation s\u00fbre<\/p>\n","protected":false},"featured_media":17302,"template":"","meta":[],"product_brand":[],"product_cat":[256,406],"product_tag":[],"class_list":{"0":"post-17298","1":"product","2":"type-product","3":"status-publish","4":"has-post-thumbnail","6":"product_cat-hyster","7":"product_cat-catal-mekanizma","9":"first","10":"instock","11":"taxable","12":"shipping-taxable","13":"purchasable","14":"product-type-simple"},"_links":{"self":[{"href":"https:\/\/ceoparts.com\/fr\/wp-json\/wp\/v2\/product\/17298","targetHints":{"allow":["GET"]}}],"collection":[{"href":"https:\/\/ceoparts.com\/fr\/wp-json\/wp\/v2\/product"}],"about":[{"href":"https:\/\/ceoparts.com\/fr\/wp-json\/wp\/v2\/types\/product"}],"wp:featuredmedia":[{"embeddable":true,"href":"https:\/\/ceoparts.com\/fr\/wp-json\/wp\/v2\/media\/17302"}],"wp:attachment":[{"href":"https:\/\/ceoparts.com\/fr\/wp-json\/wp\/v2\/media?parent=17298"}],"wp:term":[{"taxonomy":"product_brand","embeddable":true,"href":"https:\/\/ceoparts.com\/fr\/wp-json\/wp\/v2\/product_brand?post=17298"},{"taxonomy":"product_cat","embeddable":true,"href":"https:\/\/ceoparts.com\/fr\/wp-json\/wp\/v2\/product_cat?post=17298"},{"taxonomy":"product_tag","embeddable":true,"href":"https:\/\/ceoparts.com\/fr\/wp-json\/wp\/v2\/product_tag?post=17298"}],"curies":[{"name":"wp","href":"https:\/\/api.w.org\/{rel}","templated":true}]}}