{"id":17303,"date":"2025-06-28T09:49:43","date_gmt":"2025-06-28T06:49:43","guid":{"rendered":"https:\/\/ceoparts.com\/?post_type=product&#038;p=17303"},"modified":"2026-05-16T10:46:38","modified_gmt":"2026-05-16T07:46:38","slug":"linde-kafa-karti-t-serisi-1311158-3095404006","status":"publish","type":"product","link":"https:\/\/ceoparts.com\/fr\/urun\/linde-kafa-karti-t-serisi-1311158-3095404006\/","title":{"rendered":"Carte principale Linde s\u00e9rie T \u2013 1311158, 3095404006"},"content":{"rendered":"<p>Carte principale Linde s\u00e9rie T \u2013 1311158, 3095404006<\/p>","protected":false},"excerpt":{"rendered":"<p data-start=\"2348\" data-end=\"2603\">La carte t\u00eate Linde S\u00e9rie T est une carte de commande de haute qualit\u00e9 utilis\u00e9e dans les chariots \u00e9l\u00e9vateurs pour garantir le bon fonctionnement des syst\u00e8mes moteurs et \u00e9lectroniques. Structure durable et performance fiable pour les mod\u00e8les Linde S\u00e9rie T.<\/p>\n<p data-start=\"2605\" data-end=\"2950\"><strong data-start=\"2605\" data-end=\"2627\">Caract\u00e9ristiques :<\/strong><br data-start=\"2627\" data-end=\"2630\" \/><strong data-start=\"2630\" data-end=\"2650\">Nom du produit :<\/strong> Carte T\u00eate Linde S\u00e9rie T<br data-start=\"2675\" data-end=\"2678\" \/><strong data-start=\"2678\" data-end=\"2694\">Code pi\u00e8ce :<\/strong> 1311158, 3095404006<br data-start=\"2714\" data-end=\"2717\" \/><strong data-start=\"2717\" data-end=\"2731\">Mat\u00e9riau :<\/strong> Circuits et composants de connexion \u00e9lectroniques de haute qualit\u00e9<br data-start=\"2798\" data-end=\"2801\" \/><strong data-start=\"2801\" data-end=\"2828\">Domaine d&#8217;utilisation :<\/strong> Syst\u00e8mes de commande de chariots \u00e9l\u00e9vateurs<br data-start=\"2872\" data-end=\"2875\" \/><strong data-start=\"2875\" data-end=\"2889\">Avantage :<\/strong> Longue dur\u00e9e de vie, performance stable, installation facile<\/p>\n","protected":false},"featured_media":17308,"template":"","meta":[],"product_brand":[],"product_cat":[246,431,523],"product_tag":[],"class_list":{"0":"post-17303","1":"product","2":"type-product","3":"status-publish","4":"has-post-thumbnail","6":"product_cat-linde","7":"product_cat-ekranlar-ve-kartlar","8":"product_cat-yedek-parca-linde","10":"first","11":"instock","12":"taxable","13":"shipping-taxable","14":"purchasable","15":"product-type-simple"},"_links":{"self":[{"href":"https:\/\/ceoparts.com\/fr\/wp-json\/wp\/v2\/product\/17303","targetHints":{"allow":["GET"]}}],"collection":[{"href":"https:\/\/ceoparts.com\/fr\/wp-json\/wp\/v2\/product"}],"about":[{"href":"https:\/\/ceoparts.com\/fr\/wp-json\/wp\/v2\/types\/product"}],"wp:featuredmedia":[{"embeddable":true,"href":"https:\/\/ceoparts.com\/fr\/wp-json\/wp\/v2\/media\/17308"}],"wp:attachment":[{"href":"https:\/\/ceoparts.com\/fr\/wp-json\/wp\/v2\/media?parent=17303"}],"wp:term":[{"taxonomy":"product_brand","embeddable":true,"href":"https:\/\/ceoparts.com\/fr\/wp-json\/wp\/v2\/product_brand?post=17303"},{"taxonomy":"product_cat","embeddable":true,"href":"https:\/\/ceoparts.com\/fr\/wp-json\/wp\/v2\/product_cat?post=17303"},{"taxonomy":"product_tag","embeddable":true,"href":"https:\/\/ceoparts.com\/fr\/wp-json\/wp\/v2\/product_tag?post=17303"}],"curies":[{"name":"wp","href":"https:\/\/api.w.org\/{rel}","templated":true}]}}