{"id":17325,"date":"2025-06-30T09:29:48","date_gmt":"2025-06-30T06:29:48","guid":{"rendered":"https:\/\/ceoparts.com\/?post_type=product&#038;p=17325"},"modified":"2026-05-16T15:04:39","modified_gmt":"2026-05-16T12:04:39","slug":"still-saft-0532327","status":"publish","type":"product","link":"https:\/\/ceoparts.com\/fr\/urun\/still-saft-0532327\/","title":{"rendered":"Arbre Still \u2013 0532327"},"content":{"rendered":"<p>Arbre Still \u2013 0532327<\/p>","protected":false},"excerpt":{"rendered":"<p data-start=\"2152\" data-end=\"2481\">Cet arbre est sp\u00e9cialement con\u00e7u pour les chariots \u00e9l\u00e9vateurs Still. Il offre une grande durabilit\u00e9 et une longue dur\u00e9e de vie. Il assure le bon fonctionnement de la transmission et am\u00e9liore les performances de l&#8217;\u00e9quipement. En tant que pi\u00e8ce d&#8217;origine, il garantit une utilisation s\u00fbre et efficace.<\/p>\n<p data-start=\"2483\" data-end=\"2507\"><strong data-start=\"2483\" data-end=\"2505\">Caract\u00e9ristiques :<\/strong><\/p>\n<ul data-start=\"2508\" data-end=\"2637\">\n<li data-start=\"2508\" data-end=\"2531\">\n<p data-start=\"2510\" data-end=\"2531\">R\u00e9f\u00e9rence : 0532327<\/p>\n<\/li>\n<li data-start=\"2532\" data-end=\"2561\">\n<p data-start=\"2534\" data-end=\"2561\">Marque compatible : Still<\/p>\n<\/li>\n<li data-start=\"2562\" data-end=\"2588\">\n<p data-start=\"2564\" data-end=\"2588\">Acier de haute qualit\u00e9<\/p>\n<\/li>\n<li data-start=\"2589\" data-end=\"2613\">\n<p data-start=\"2591\" data-end=\"2613\">R\u00e9sistance \u00e0 l&#8217;usure<\/p>\n<\/li>\n<li data-start=\"2614\" data-end=\"2637\">\n<p data-start=\"2616\" data-end=\"2637\">Installation facile<\/p>\n<\/li>\n<\/ul>\n","protected":false},"featured_media":17331,"template":"","meta":[],"product_brand":[],"product_cat":[241,470,524],"product_tag":[],"class_list":{"0":"post-17325","1":"product","2":"type-product","3":"status-publish","4":"has-post-thumbnail","6":"product_cat-still","7":"product_cat-diger-yedek-parcalar","8":"product_cat-yedek-parca-still","10":"first","11":"instock","12":"taxable","13":"shipping-taxable","14":"purchasable","15":"product-type-simple"},"_links":{"self":[{"href":"https:\/\/ceoparts.com\/fr\/wp-json\/wp\/v2\/product\/17325","targetHints":{"allow":["GET"]}}],"collection":[{"href":"https:\/\/ceoparts.com\/fr\/wp-json\/wp\/v2\/product"}],"about":[{"href":"https:\/\/ceoparts.com\/fr\/wp-json\/wp\/v2\/types\/product"}],"wp:featuredmedia":[{"embeddable":true,"href":"https:\/\/ceoparts.com\/fr\/wp-json\/wp\/v2\/media\/17331"}],"wp:attachment":[{"href":"https:\/\/ceoparts.com\/fr\/wp-json\/wp\/v2\/media?parent=17325"}],"wp:term":[{"taxonomy":"product_brand","embeddable":true,"href":"https:\/\/ceoparts.com\/fr\/wp-json\/wp\/v2\/product_brand?post=17325"},{"taxonomy":"product_cat","embeddable":true,"href":"https:\/\/ceoparts.com\/fr\/wp-json\/wp\/v2\/product_cat?post=17325"},{"taxonomy":"product_tag","embeddable":true,"href":"https:\/\/ceoparts.com\/fr\/wp-json\/wp\/v2\/product_tag?post=17325"}],"curies":[{"name":"wp","href":"https:\/\/api.w.org\/{rel}","templated":true}]}}