{"id":17332,"date":"2025-06-30T12:13:08","date_gmt":"2025-06-30T09:13:08","guid":{"rendered":"https:\/\/ceoparts.com\/?post_type=product&#038;p=17332"},"modified":"2026-05-16T11:49:51","modified_gmt":"2026-05-16T08:49:51","slug":"hyster-hidrolik-unite-4612314","status":"publish","type":"product","link":"https:\/\/ceoparts.com\/fr\/urun\/hyster-hidrolik-unite-4612314\/","title":{"rendered":"Unit\u00e9 hydraulique Hyster \u2013 4612314"},"content":{"rendered":"<p>Unit\u00e9 hydraulique Hyster \u2013 4612314<\/p>","protected":false},"excerpt":{"rendered":"<p data-start=\"2120\" data-end=\"2399\">Cette unit\u00e9 hydraulique est con\u00e7ue sp\u00e9cialement pour les chariots \u00e9l\u00e9vateurs Hyster. Elle garantit des performances fiables et puissantes lors des op\u00e9rations de levage et de manutention. Id\u00e9ale pour une utilisation industrielle prolong\u00e9e.<\/p>\n<p data-start=\"2401\" data-end=\"2425\"><strong data-start=\"2401\" data-end=\"2423\">Caract\u00e9ristiques :<\/strong><\/p>\n<ul data-start=\"2426\" data-end=\"2563\">\n<li data-start=\"2426\" data-end=\"2449\">\n<p data-start=\"2428\" data-end=\"2449\">R\u00e9f\u00e9rence : 4612314<\/p>\n<\/li>\n<li data-start=\"2450\" data-end=\"2480\">\n<p data-start=\"2452\" data-end=\"2480\">Marque compatible : Hyster<\/p>\n<\/li>\n<li data-start=\"2481\" data-end=\"2512\">\n<p data-start=\"2483\" data-end=\"2512\">R\u00e9sistance \u00e0 haute pression<\/p>\n<\/li>\n<li data-start=\"2513\" data-end=\"2539\">\n<p data-start=\"2515\" data-end=\"2539\">Corps en m\u00e9tal robuste<\/p>\n<\/li>\n<li data-start=\"2540\" data-end=\"2563\">\n<p data-start=\"2542\" data-end=\"2563\">Installation facile<\/p>\n<\/li>\n<\/ul>\n","protected":false},"featured_media":17336,"template":"","meta":[],"product_brand":[],"product_cat":[256,461,520],"product_tag":[],"class_list":{"0":"post-17332","1":"product","2":"type-product","3":"status-publish","4":"has-post-thumbnail","6":"product_cat-hyster","7":"product_cat-hidrolik-sistemi","8":"product_cat-yedek-parca-hyster","10":"first","11":"instock","12":"taxable","13":"shipping-taxable","14":"purchasable","15":"product-type-simple"},"_links":{"self":[{"href":"https:\/\/ceoparts.com\/fr\/wp-json\/wp\/v2\/product\/17332","targetHints":{"allow":["GET"]}}],"collection":[{"href":"https:\/\/ceoparts.com\/fr\/wp-json\/wp\/v2\/product"}],"about":[{"href":"https:\/\/ceoparts.com\/fr\/wp-json\/wp\/v2\/types\/product"}],"wp:featuredmedia":[{"embeddable":true,"href":"https:\/\/ceoparts.com\/fr\/wp-json\/wp\/v2\/media\/17336"}],"wp:attachment":[{"href":"https:\/\/ceoparts.com\/fr\/wp-json\/wp\/v2\/media?parent=17332"}],"wp:term":[{"taxonomy":"product_brand","embeddable":true,"href":"https:\/\/ceoparts.com\/fr\/wp-json\/wp\/v2\/product_brand?post=17332"},{"taxonomy":"product_cat","embeddable":true,"href":"https:\/\/ceoparts.com\/fr\/wp-json\/wp\/v2\/product_cat?post=17332"},{"taxonomy":"product_tag","embeddable":true,"href":"https:\/\/ceoparts.com\/fr\/wp-json\/wp\/v2\/product_tag?post=17332"}],"curies":[{"name":"wp","href":"https:\/\/api.w.org\/{rel}","templated":true}]}}