{"id":17349,"date":"2025-07-02T13:19:17","date_gmt":"2025-07-02T10:19:17","guid":{"rendered":"https:\/\/ceoparts.com\/?post_type=product&#038;p=17349"},"modified":"2026-05-16T22:11:52","modified_gmt":"2026-05-16T19:11:52","slug":"jungheinrich-yukseklik-sensoru-51097966","status":"publish","type":"product","link":"https:\/\/ceoparts.com\/fr\/urun\/jungheinrich-yukseklik-sensoru-51097966\/","title":{"rendered":"Capteur de hauteur Jungheinrich \u2013 51097966"},"content":{"rendered":"<p>Capteur de hauteur Jungheinrich \u2013 51097966<\/p>\n<p>KJ6-M12MN60-DNA-V2<\/p>\n<p>Jungheinrich 51097966<\/p>\n<p>&nbsp;<\/p>\n<table border=\"0\" width=\"292\" cellspacing=\"0\" cellpadding=\"0\">\n<colgroup>\n<col width=\"185\" \/>\n<col width=\"107\" \/><\/colgroup>\n<tbody>\n<tr>\n<td width=\"185\" height=\"20\"><span style=\"font-family: Calibri;\">ETM\/V 320\/325<\/span><\/td>\n<td width=\"107\"><span style=\"font-family: Calibri;\">4.00 &#8211; 11.04<\/span><\/td>\n<\/tr>\n<tr>\n<td height=\"20\"><span style=\"font-family: Calibri;\">ETVQ 20\/25<\/span><\/td>\n<td><span style=\"font-family: Calibri;\">10.02 &#8211; 8.10<\/span><\/td>\n<\/tr>\n<tr>\n<td height=\"20\"><span style=\"font-family: Calibri;\">ETM\/V 214\/216<\/span><\/td>\n<td><span style=\"font-family: Calibri;\">12.03 &#8211; 10.12<\/span><\/td>\n<\/tr>\n<tr>\n<td height=\"20\"><span style=\"font-family: Calibri;\">ETM\/V 320\/325<\/span><\/td>\n<td><span style=\"font-family: Calibri;\">12.04 &#8211; 2.14<\/span><\/td>\n<\/tr>\n<tr>\n<td height=\"20\"><span style=\"font-family: Calibri;\">ETV 110\/112<\/span><\/td>\n<td><span style=\"font-family: Calibri;\">11.05 &#8211; 6.14<\/span><\/td>\n<\/tr>\n<tr>\n<td height=\"20\"><span style=\"font-family: Calibri;\">ETV C 20<\/span><\/td>\n<td><span style=\"font-family: Calibri;\">6.05 &#8211; 6.08<\/span><\/td>\n<\/tr>\n<tr>\n<td height=\"20\"><span style=\"font-family: Calibri;\">Sonderbau<\/span><\/td>\n<td><span style=\"font-family: Calibri;\">12.04 &#8211;\u00a0<\/span><\/td>\n<\/tr>\n<tr>\n<td height=\"20\"><span style=\"font-family: Calibri;\">ETV 114\/116<\/span><\/td>\n<td><span style=\"font-family: Calibri;\">11.05 &#8211; 12.11<\/span><\/td>\n<\/tr>\n<tr>\n<td height=\"20\"><span style=\"font-family: Calibri;\">ETR 314\/320<\/span><\/td>\n<td><span style=\"font-family: Calibri;\">6.06 &#8211; 11.09<\/span><\/td>\n<\/tr>\n<tr>\n<td height=\"20\"><span style=\"font-family: Calibri;\">ETV C 16<\/span><\/td>\n<td><span style=\"font-family: Calibri;\">6.08 &#8211; 5.15<\/span><\/td>\n<\/tr>\n<tr>\n<td height=\"20\"><span style=\"font-family: Calibri;\">ETV C 20<\/span><\/td>\n<td><span style=\"font-family: Calibri;\">6.08 &#8211; 4.15<\/span><\/td>\n<\/tr>\n<tr>\n<td height=\"20\"><span style=\"font-family: Calibri;\">ETVQ 20\/25<\/span><\/td>\n<td><span style=\"font-family: Calibri;\">9.10 &#8211;\u00a0<\/span><\/td>\n<\/tr>\n<tr>\n<td height=\"20\"><span style=\"font-family: Calibri;\">ETM\/V 214\/216<\/span><\/td>\n<td><span style=\"font-family: Calibri;\">9.11 &#8211;\u00a0<\/span><\/td>\n<\/tr>\n<tr>\n<td height=\"20\"><span style=\"font-family: Calibri;\">ETM\/V 214\/216 (US)<\/span><\/td>\n<td><span style=\"font-family: Calibri;\">1.11 &#8211; 10.12<\/span><\/td>\n<\/tr>\n<tr>\n<td height=\"20\"><span style=\"font-family: Calibri;\">ETV 110\/112 (US)<\/span><\/td>\n<td><span style=\"font-family: Calibri;\">1.11 &#8211; 6.14<\/span><\/td>\n<\/tr>\n<tr>\n<td height=\"20\"><span style=\"font-family: Calibri;\">ETV 114\/116 (US)<\/span><\/td>\n<td><span style=\"font-family: Calibri;\">1.11 &#8211; 10.11<\/span><\/td>\n<\/tr>\n<tr>\n<td height=\"20\"><span style=\"font-family: Calibri;\">ETV C 16 (US)<\/span><\/td>\n<td><span style=\"font-family: Calibri;\">1.11 &#8211; 5.15<\/span><\/td>\n<\/tr>\n<tr>\n<td height=\"20\"><span style=\"font-family: Calibri;\">ETV C 20 (US)<\/span><\/td>\n<td><span style=\"font-family: Calibri;\">1.11 &#8211; 4.15<\/span><\/td>\n<\/tr>\n<tr>\n<td height=\"20\"><span style=\"font-family: Calibri;\">ETM\/V 320\/325 (US)<\/span><\/td>\n<td><span style=\"font-family: Calibri;\">1.11 &#8211; 2.14<\/span><\/td>\n<\/tr>\n<tr>\n<td height=\"20\"><span style=\"font-family: Calibri;\">ETVQ 20\/25 (US)<\/span><\/td>\n<td><span style=\"font-family: Calibri;\">1.11 &#8211;\u00a0<\/span><\/td>\n<\/tr>\n<tr>\n<td height=\"20\"><span style=\"font-family: Calibri;\">ETM\/V 214\/216 (US)<\/span><\/td>\n<td><span style=\"font-family: Calibri;\">9.11 &#8211;\u00a0<\/span><\/td>\n<\/tr>\n<tr>\n<td height=\"20\"><span style=\"font-family: Calibri;\">ETV 114n\/ 116n\/ 118n\/ 120n<\/span><\/td>\n<td><span style=\"font-family: Calibri;\">7.11 &#8211;\u00a0<\/span><\/td>\n<\/tr>\n<tr>\n<td height=\"20\"><span style=\"font-family: Calibri;\">ETM\/V 214-325 Cab<\/span><\/td>\n<td><span style=\"font-family: Calibri;\">9.11 &#8211;\u00a0<\/span><\/td>\n<\/tr>\n<tr>\n<td height=\"20\"><span style=\"font-family: Calibri;\">ETM\/V 214\/216 (CN)<\/span><\/td>\n<td><span style=\"font-family: Calibri;\">12.11 &#8211;\u00a0<\/span><\/td>\n<\/tr>\n<tr>\n<td height=\"20\"><span style=\"font-family: Calibri;\">ETV C 16 (CN)<\/span><\/td>\n<td><span style=\"font-family: Calibri;\">12.11 &#8211; 5.15<\/span><\/td>\n<\/tr>\n<tr>\n<td height=\"20\"><span style=\"font-family: Calibri;\">ETV 110\/112 (CN)<\/span><\/td>\n<td><span style=\"font-family: Calibri;\">12.11 &#8211; 6.14<\/span><\/td>\n<\/tr>\n<tr>\n<td height=\"20\"><span style=\"font-family: Calibri;\">ETV 114\/116 (CN)<\/span><\/td>\n<td><span style=\"font-family: Calibri;\">11.11 &#8211; 1.12<\/span><\/td>\n<\/tr>\n<tr>\n<td height=\"20\"><span style=\"font-family: Calibri;\">ETM\/V 214\/216 (CN)<\/span><\/td>\n<td><span style=\"font-family: Calibri;\">12.11 &#8211; 10.12<\/span><\/td>\n<\/tr>\n<tr>\n<td height=\"20\"><span style=\"font-family: Calibri;\">ETV C 20 (CN)<\/span><\/td>\n<td><span style=\"font-family: Calibri;\">12.11 &#8211; 4.15<\/span><\/td>\n<\/tr>\n<tr>\n<td height=\"20\"><span style=\"font-family: Calibri;\">ETM\/V 320\/325 (CN)<\/span><\/td>\n<td><span style=\"font-family: Calibri;\">12.11 &#8211; 2.14<\/span><\/td>\n<\/tr>\n<tr>\n<td height=\"20\"><span style=\"font-family: Calibri;\">ETVQ 20\/25 (CN)<\/span><\/td>\n<td><span style=\"font-family: Calibri;\">12.11 &#8211;\u00a0<\/span><\/td>\n<\/tr>\n<tr>\n<td height=\"20\"><span style=\"font-family: Calibri;\">ETV 110\/112<\/span><\/td>\n<td><span style=\"font-family: Calibri;\">5.14 &#8211;\u00a0<\/span><\/td>\n<\/tr>\n<tr>\n<td height=\"20\"><span style=\"font-family: Calibri;\">ETV 110\/112 (US)<\/span><\/td>\n<td><span style=\"font-family: Calibri;\">5.14 &#8211;\u00a0<\/span><\/td>\n<\/tr>\n<tr>\n<td height=\"20\"><span style=\"font-family: Calibri;\">ETV 110\/112 (CN)<\/span><\/td>\n<td><span style=\"font-family: Calibri;\">5.14 &#8211;\u00a0<\/span><\/td>\n<\/tr>\n<tr>\n<td height=\"20\"><span style=\"font-family: Calibri;\">ETR340\/ ETR345\/ ETR335d<\/span><\/td>\n<td><span style=\"font-family: Calibri;\">5.14 &#8211;\u00a0<\/span><\/td>\n<\/tr>\n<tr>\n<td height=\"20\"><span style=\"font-family: Calibri;\">ESR20N2\/ ESR23N2\/ EDR18N2<\/span><\/td>\n<td><span style=\"font-family: Calibri;\">5.14 &#8211;\u00a0<\/span><\/td>\n<\/tr>\n<tr>\n<td height=\"20\"><span style=\"font-family: Calibri;\">NR20\/ NR23\/ ND18<\/span><\/td>\n<td><span style=\"font-family: Calibri;\">5.14 &#8211;\u00a0<\/span><\/td>\n<\/tr>\n<tr>\n<td height=\"20\"><span style=\"font-family: Calibri;\">ETR230\/ ETR235<\/span><\/td>\n<td><span style=\"font-family: Calibri;\">5.15 &#8211;\u00a0<\/span><\/td>\n<\/tr>\n<tr>\n<td height=\"20\"><span style=\"font-family: Calibri;\">ESR15N2\/ESR18N2<\/span><\/td>\n<td><span style=\"font-family: Calibri;\">5.15 &#8211;\u00a0<\/span><\/td>\n<\/tr>\n<tr>\n<td height=\"20\"><span style=\"font-family: Calibri;\">NR15\/ NR18<\/span><\/td>\n<td><span style=\"font-family: Calibri;\">5.15 &#8211;\u00a0<\/span><\/td>\n<\/tr>\n<tr>\n<td height=\"20\"><span style=\"font-family: Calibri;\">ETV 118n\/ 120n<\/span><\/td>\n<td><span style=\"font-family: Calibri;\">1.14 &#8211;\u00a0<\/span><\/td>\n<\/tr>\n<\/tbody>\n<\/table>","protected":false},"excerpt":{"rendered":"<p data-start=\"2255\" data-end=\"2564\">Ce capteur est con\u00e7u pour les chariots \u00e9l\u00e9vateurs Jungheinrich. Il mesure avec pr\u00e9cision la hauteur de levage pour garantir un fonctionnement s\u00fbr et efficace. Int\u00e9gr\u00e9 au syst\u00e8me hydraulique, il permet un positionnement exact. Pi\u00e8ce d&#8217;origine fiable et durable.<\/p>\n<p data-start=\"2566\" data-end=\"2590\"><strong data-start=\"2566\" data-end=\"2588\">Caract\u00e9ristiques :<\/strong><\/p>\n<ul data-start=\"2591\" data-end=\"2751\">\n<li data-start=\"2591\" data-end=\"2615\">\n<p data-start=\"2593\" data-end=\"2615\">R\u00e9f\u00e9rence : 51097966<\/p>\n<\/li>\n<li data-start=\"2616\" data-end=\"2652\">\n<p data-start=\"2618\" data-end=\"2652\">Marque compatible : Jungheinrich<\/p>\n<\/li>\n<li data-start=\"2653\" data-end=\"2682\">\n<p data-start=\"2655\" data-end=\"2682\">Mesure de haute pr\u00e9cision<\/p>\n<\/li>\n<li data-start=\"2683\" data-end=\"2727\">\n<p data-start=\"2685\" data-end=\"2727\">Conception robuste pour usage industriel<\/p>\n<\/li>\n<li data-start=\"2728\" data-end=\"2751\">\n<p data-start=\"2730\" data-end=\"2751\">Installation facile<\/p>\n<\/li>\n<\/ul>\n","protected":false},"featured_media":17350,"template":"","meta":[],"product_brand":[],"product_cat":[236,469,522],"product_tag":[],"class_list":{"0":"post-17349","1":"product","2":"type-product","3":"status-publish","4":"has-post-thumbnail","6":"product_cat-jungheinrich","7":"product_cat-elektrik-ve-sistem-parcalari","8":"product_cat-yedek-parca-jungheinrich","10":"first","11":"instock","12":"taxable","13":"shipping-taxable","14":"purchasable","15":"product-type-simple"},"_links":{"self":[{"href":"https:\/\/ceoparts.com\/fr\/wp-json\/wp\/v2\/product\/17349","targetHints":{"allow":["GET"]}}],"collection":[{"href":"https:\/\/ceoparts.com\/fr\/wp-json\/wp\/v2\/product"}],"about":[{"href":"https:\/\/ceoparts.com\/fr\/wp-json\/wp\/v2\/types\/product"}],"wp:featuredmedia":[{"embeddable":true,"href":"https:\/\/ceoparts.com\/fr\/wp-json\/wp\/v2\/media\/17350"}],"wp:attachment":[{"href":"https:\/\/ceoparts.com\/fr\/wp-json\/wp\/v2\/media?parent=17349"}],"wp:term":[{"taxonomy":"product_brand","embeddable":true,"href":"https:\/\/ceoparts.com\/fr\/wp-json\/wp\/v2\/product_brand?post=17349"},{"taxonomy":"product_cat","embeddable":true,"href":"https:\/\/ceoparts.com\/fr\/wp-json\/wp\/v2\/product_cat?post=17349"},{"taxonomy":"product_tag","embeddable":true,"href":"https:\/\/ceoparts.com\/fr\/wp-json\/wp\/v2\/product_tag?post=17349"}],"curies":[{"name":"wp","href":"https:\/\/api.w.org\/{rel}","templated":true}]}}