{"id":17354,"date":"2025-07-02T13:29:18","date_gmt":"2025-07-02T10:29:18","guid":{"rendered":"https:\/\/ceoparts.com\/?post_type=product&#038;p=17354"},"modified":"2026-05-16T14:34:11","modified_gmt":"2026-05-16T11:34:11","slug":"crown-fren-manyetigi-balatasi","status":"publish","type":"product","link":"https:\/\/ceoparts.com\/fr\/urun\/crown-fren-manyetigi-balatasi\/","title":{"rendered":"Plaquette magn\u00e9tique de frein Crown"},"content":{"rendered":"<p>Plaquette magn\u00e9tique de frein Crown<\/p>","protected":false},"excerpt":{"rendered":"<p data-start=\"2198\" data-end=\"2476\">Cette plaquette est con\u00e7ue pour les syst\u00e8mes de freinage \u00e9lectromagn\u00e9tiques des chariots \u00e9l\u00e9vateurs Crown. Elle assure un freinage efficace, m\u00eame en cas de forte charge, et une longue dur\u00e9e de vie. Pi\u00e8ce d&#8217;origine parfaitement compatible.<\/p>\n<p data-start=\"2478\" data-end=\"2502\"><strong data-start=\"2478\" data-end=\"2500\">Caract\u00e9ristiques :<\/strong><\/p>\n<ul data-start=\"2503\" data-end=\"2683\">\n<li data-start=\"2503\" data-end=\"2532\">\n<p data-start=\"2505\" data-end=\"2532\">Marque compatible : Crown<\/p>\n<\/li>\n<li data-start=\"2533\" data-end=\"2582\">\n<p data-start=\"2535\" data-end=\"2582\">Compatible avec les freins \u00e9lectromagn\u00e9tiques<\/p>\n<\/li>\n<li data-start=\"2583\" data-end=\"2623\">\n<p data-start=\"2585\" data-end=\"2623\">R\u00e9sistante \u00e0 la chaleur et \u00e0 l\u2019usure<\/p>\n<\/li>\n<li data-start=\"2624\" data-end=\"2659\">\n<p data-start=\"2626\" data-end=\"2659\">Freinage puissant et silencieux<\/p>\n<\/li>\n<li data-start=\"2660\" data-end=\"2683\">\n<p data-start=\"2662\" data-end=\"2683\">Remplacement facile<\/p>\n<\/li>\n<\/ul>\n","protected":false},"featured_media":17359,"template":"","meta":[],"product_brand":[],"product_cat":[241,272,449,470,524],"product_tag":[],"class_list":{"0":"post-17354","1":"product","2":"type-product","3":"status-publish","4":"has-post-thumbnail","6":"product_cat-still","7":"product_cat-crown","8":"product_cat-fren-sistem-parcalari","9":"product_cat-diger-yedek-parcalar","10":"product_cat-yedek-parca-still","12":"first","13":"instock","14":"taxable","15":"shipping-taxable","16":"purchasable","17":"product-type-simple"},"_links":{"self":[{"href":"https:\/\/ceoparts.com\/fr\/wp-json\/wp\/v2\/product\/17354","targetHints":{"allow":["GET"]}}],"collection":[{"href":"https:\/\/ceoparts.com\/fr\/wp-json\/wp\/v2\/product"}],"about":[{"href":"https:\/\/ceoparts.com\/fr\/wp-json\/wp\/v2\/types\/product"}],"wp:featuredmedia":[{"embeddable":true,"href":"https:\/\/ceoparts.com\/fr\/wp-json\/wp\/v2\/media\/17359"}],"wp:attachment":[{"href":"https:\/\/ceoparts.com\/fr\/wp-json\/wp\/v2\/media?parent=17354"}],"wp:term":[{"taxonomy":"product_brand","embeddable":true,"href":"https:\/\/ceoparts.com\/fr\/wp-json\/wp\/v2\/product_brand?post=17354"},{"taxonomy":"product_cat","embeddable":true,"href":"https:\/\/ceoparts.com\/fr\/wp-json\/wp\/v2\/product_cat?post=17354"},{"taxonomy":"product_tag","embeddable":true,"href":"https:\/\/ceoparts.com\/fr\/wp-json\/wp\/v2\/product_tag?post=17354"}],"curies":[{"name":"wp","href":"https:\/\/api.w.org\/{rel}","templated":true}]}}