{"id":17365,"date":"2025-07-02T14:17:00","date_gmt":"2025-07-02T11:17:00","guid":{"rendered":"https:\/\/ceoparts.com\/?post_type=product&#038;p=17365"},"modified":"2026-05-16T17:35:14","modified_gmt":"2026-05-16T14:35:14","slug":"jungheinrich-havalandirma-filtresi-50294753","status":"publish","type":"product","link":"https:\/\/ceoparts.com\/fr\/urun\/jungheinrich-havalandirma-filtresi-50294753\/","title":{"rendered":"Filtre de ventilation Jungheinrich \u2013 50294753"},"content":{"rendered":"<p>Filtre de ventilation Jungheinrich \u2013 50294753<\/p>","protected":false},"excerpt":{"rendered":"<p data-start=\"2202\" data-end=\"2541\">Ce filtre de ventilation est utilis\u00e9 dans les chariots \u00e9l\u00e9vateurs Jungheinrich pour fournir de l\u2019air propre au moteur et emp\u00eacher les particules nocives d\u2019entrer. Sa qualit\u00e9 de filtration contribue \u00e0 une performance efficace et durable de l\u2019\u00e9quipement. Pi\u00e8ce d\u2019origine haute performance.<\/p>\n<p data-start=\"2543\" data-end=\"2567\"><strong data-start=\"2543\" data-end=\"2565\">Caract\u00e9ristiques :<\/strong><\/p>\n<ul data-start=\"2568\" data-end=\"2720\">\n<li data-start=\"2568\" data-end=\"2592\">\n<p data-start=\"2570\" data-end=\"2592\">R\u00e9f\u00e9rence : 50294753<\/p>\n<\/li>\n<li data-start=\"2593\" data-end=\"2629\">\n<p data-start=\"2595\" data-end=\"2629\">Marque compatible : Jungheinrich<\/p>\n<\/li>\n<li data-start=\"2630\" data-end=\"2662\">\n<p data-start=\"2632\" data-end=\"2662\">Haute capacit\u00e9 de filtration<\/p>\n<\/li>\n<li data-start=\"2663\" data-end=\"2696\">\n<p data-start=\"2665\" data-end=\"2696\">Mat\u00e9riau durable et r\u00e9sistant<\/p>\n<\/li>\n<li data-start=\"2697\" data-end=\"2720\">\n<p data-start=\"2699\" data-end=\"2720\">Remplacement facile<\/p>\n<\/li>\n<\/ul>\n","protected":false},"featured_media":17370,"template":"","meta":[],"product_brand":[],"product_cat":[236,498,522],"product_tag":[],"class_list":{"0":"post-17365","1":"product","2":"type-product","3":"status-publish","4":"has-post-thumbnail","6":"product_cat-jungheinrich","7":"product_cat-filtre-cesitleri","8":"product_cat-yedek-parca-jungheinrich","10":"first","11":"instock","12":"taxable","13":"shipping-taxable","14":"purchasable","15":"product-type-simple"},"_links":{"self":[{"href":"https:\/\/ceoparts.com\/fr\/wp-json\/wp\/v2\/product\/17365","targetHints":{"allow":["GET"]}}],"collection":[{"href":"https:\/\/ceoparts.com\/fr\/wp-json\/wp\/v2\/product"}],"about":[{"href":"https:\/\/ceoparts.com\/fr\/wp-json\/wp\/v2\/types\/product"}],"wp:featuredmedia":[{"embeddable":true,"href":"https:\/\/ceoparts.com\/fr\/wp-json\/wp\/v2\/media\/17370"}],"wp:attachment":[{"href":"https:\/\/ceoparts.com\/fr\/wp-json\/wp\/v2\/media?parent=17365"}],"wp:term":[{"taxonomy":"product_brand","embeddable":true,"href":"https:\/\/ceoparts.com\/fr\/wp-json\/wp\/v2\/product_brand?post=17365"},{"taxonomy":"product_cat","embeddable":true,"href":"https:\/\/ceoparts.com\/fr\/wp-json\/wp\/v2\/product_cat?post=17365"},{"taxonomy":"product_tag","embeddable":true,"href":"https:\/\/ceoparts.com\/fr\/wp-json\/wp\/v2\/product_tag?post=17365"}],"curies":[{"name":"wp","href":"https:\/\/api.w.org\/{rel}","templated":true}]}}