{"id":17371,"date":"2025-07-02T14:48:07","date_gmt":"2025-07-02T11:48:07","guid":{"rendered":"https:\/\/ceoparts.com\/?post_type=product&#038;p=17371"},"modified":"2026-05-16T19:51:59","modified_gmt":"2026-05-16T16:51:59","slug":"jungheinrich-destek-baglanti-parcasi-50463122","status":"publish","type":"product","link":"https:\/\/ceoparts.com\/fr\/urun\/jungheinrich-destek-baglanti-parcasi-50463122\/","title":{"rendered":"Pi\u00e8ce de connexion de support Jungheinrich \u2013 50463122"},"content":{"rendered":"<p>Pi\u00e8ce de connexion de support Jungheinrich \u2013 50463122<\/p>\n<table border=\"0\" width=\"236\" cellspacing=\"0\" cellpadding=\"0\">\n<colgroup>\n<col width=\"151\" \/>\n<col width=\"85\" \/><\/colgroup>\n<tbody>\n<tr>\n<td width=\"151\" height=\"17\"><span style=\"font-family: Arial CE; font-size: small;\">ETM\/V 214\/216<\/span><\/td>\n<td width=\"85\"><span style=\"font-family: Arial CE; font-size: small;\">12.03 &#8211;<\/span><\/td>\n<\/tr>\n<tr>\n<td height=\"17\"><span style=\"font-family: Arial CE; font-size: small;\">ETM\/V 320\/325<\/span><\/td>\n<td><span style=\"font-family: Arial CE; font-size: small;\">12.04 &#8211;<\/span><\/td>\n<\/tr>\n<tr>\n<td height=\"17\"><span style=\"font-family: Arial CE; font-size: small;\">ETV 110\/112<\/span><\/td>\n<td><span style=\"font-family: Arial CE; font-size: small;\">11.05 &#8211;<\/span><\/td>\n<\/tr>\n<tr>\n<td height=\"17\"><span style=\"font-family: Arial CE; font-size: small;\">ETV 114\/116<\/span><\/td>\n<td><span style=\"font-family: Arial CE; font-size: small;\">11.05 &#8211;<\/span><\/td>\n<\/tr>\n<tr>\n<td height=\"17\"><span style=\"font-family: Arial CE; font-size: small;\">ETV C 16<\/span><\/td>\n<td><span style=\"font-family: Arial CE; font-size: small;\">6.08 &#8211;<\/span><\/td>\n<\/tr>\n<tr>\n<td height=\"17\"><span style=\"font-family: Arial CE; font-size: small;\">ETV C 20<\/span><\/td>\n<td><span style=\"font-family: Arial CE; font-size: small;\">6.08 &#8211;<\/span><\/td>\n<\/tr>\n<tr>\n<td height=\"17\"><span style=\"font-family: Arial CE; font-size: small;\">ETVQ 20\/25<\/span><\/td>\n<td><span style=\"font-family: Arial CE; font-size: small;\">9.10 &#8211;<\/span><\/td>\n<\/tr>\n<\/tbody>\n<\/table>","protected":false},"excerpt":{"rendered":"<p data-start=\"2062\" data-end=\"2348\">Cette pi\u00e8ce est fabriqu\u00e9e pour les chariots \u00e9l\u00e9vateurs Jungheinrich afin d\u2019am\u00e9liorer la stabilit\u00e9 et la durabilit\u00e9 de la structure. Elle r\u00e9duit les vibrations sous charge et assure un fonctionnement s\u00fbr. Pi\u00e8ce d\u2019origine durable.<\/p>\n<p data-start=\"2350\" data-end=\"2374\"><strong data-start=\"2350\" data-end=\"2372\">Caract\u00e9ristiques :<\/strong><\/p>\n<ul data-start=\"2375\" data-end=\"2525\">\n<li data-start=\"2375\" data-end=\"2399\">\n<p data-start=\"2377\" data-end=\"2399\">R\u00e9f\u00e9rence : 50463122<\/p>\n<\/li>\n<li data-start=\"2400\" data-end=\"2436\">\n<p data-start=\"2402\" data-end=\"2436\">Marque compatible : Jungheinrich<\/p>\n<\/li>\n<li data-start=\"2437\" data-end=\"2457\">\n<p data-start=\"2439\" data-end=\"2457\">Haute durabilit\u00e9<\/p>\n<\/li>\n<li data-start=\"2458\" data-end=\"2501\">\n<p data-start=\"2460\" data-end=\"2501\">Fonction d\u2019amortissement des vibrations<\/p>\n<\/li>\n<li data-start=\"2502\" data-end=\"2525\">\n<p data-start=\"2504\" data-end=\"2525\">Installation facile<\/p>\n<\/li>\n<\/ul>\n","protected":false},"featured_media":17375,"template":"","meta":[],"product_brand":[],"product_cat":[236,470,522],"product_tag":[],"class_list":{"0":"post-17371","1":"product","2":"type-product","3":"status-publish","4":"has-post-thumbnail","6":"product_cat-jungheinrich","7":"product_cat-diger-yedek-parcalar","8":"product_cat-yedek-parca-jungheinrich","10":"first","11":"instock","12":"taxable","13":"shipping-taxable","14":"purchasable","15":"product-type-simple"},"_links":{"self":[{"href":"https:\/\/ceoparts.com\/fr\/wp-json\/wp\/v2\/product\/17371","targetHints":{"allow":["GET"]}}],"collection":[{"href":"https:\/\/ceoparts.com\/fr\/wp-json\/wp\/v2\/product"}],"about":[{"href":"https:\/\/ceoparts.com\/fr\/wp-json\/wp\/v2\/types\/product"}],"wp:featuredmedia":[{"embeddable":true,"href":"https:\/\/ceoparts.com\/fr\/wp-json\/wp\/v2\/media\/17375"}],"wp:attachment":[{"href":"https:\/\/ceoparts.com\/fr\/wp-json\/wp\/v2\/media?parent=17371"}],"wp:term":[{"taxonomy":"product_brand","embeddable":true,"href":"https:\/\/ceoparts.com\/fr\/wp-json\/wp\/v2\/product_brand?post=17371"},{"taxonomy":"product_cat","embeddable":true,"href":"https:\/\/ceoparts.com\/fr\/wp-json\/wp\/v2\/product_cat?post=17371"},{"taxonomy":"product_tag","embeddable":true,"href":"https:\/\/ceoparts.com\/fr\/wp-json\/wp\/v2\/product_tag?post=17371"}],"curies":[{"name":"wp","href":"https:\/\/api.w.org\/{rel}","templated":true}]}}