{"id":17376,"date":"2025-07-02T15:22:30","date_gmt":"2025-07-02T12:22:30","guid":{"rendered":"https:\/\/ceoparts.com\/?post_type=product&#038;p=17376"},"modified":"2026-05-16T18:34:30","modified_gmt":"2026-05-16T15:34:30","slug":"hyster-arka-kapak","status":"publish","type":"product","link":"https:\/\/ceoparts.com\/fr\/urun\/hyster-arka-kapak\/","title":{"rendered":"Capot arri\u00e8re Hyster"},"content":{"rendered":"<p>Capot arri\u00e8re Hyster<\/p>","protected":false},"excerpt":{"rendered":"<p data-start=\"1707\" data-end=\"2008\">Ce couvercle arri\u00e8re utilis\u00e9 sur les chariots \u00e9l\u00e9vateurs Hyster prot\u00e8ge le moteur et les composants internes, augmentant la durabilit\u00e9 de l\u2019appareil. Sa construction robuste offre une protection contre les \u00e9l\u00e9ments ext\u00e9rieurs et est compatible avec la qualit\u00e9 d\u2019origine.<\/p>\n<p data-start=\"2010\" data-end=\"2034\"><strong data-start=\"2010\" data-end=\"2032\">Caract\u00e9ristiques :<\/strong><\/p>\n<ul data-start=\"2035\" data-end=\"2130\">\n<li data-start=\"2035\" data-end=\"2065\">\n<p data-start=\"2037\" data-end=\"2065\">Marque compatible : Hyster<\/p>\n<\/li>\n<li data-start=\"2066\" data-end=\"2086\">\n<p data-start=\"2068\" data-end=\"2086\">Mat\u00e9riau durable<\/p>\n<\/li>\n<li data-start=\"2087\" data-end=\"2110\">\n<p data-start=\"2089\" data-end=\"2110\">Installation facile<\/p>\n<\/li>\n<li data-start=\"2111\" data-end=\"2130\">\n<p data-start=\"2113\" data-end=\"2130\">Pi\u00e8ce d\u2019origine<\/p>\n<\/li>\n<\/ul>\n","protected":false},"featured_media":17381,"template":"","meta":[],"product_brand":[],"product_cat":[256,472,520],"product_tag":[],"class_list":{"0":"post-17376","1":"product","2":"type-product","3":"status-publish","4":"has-post-thumbnail","6":"product_cat-hyster","7":"product_cat-kaporta-aksami","8":"product_cat-yedek-parca-hyster","10":"first","11":"instock","12":"taxable","13":"shipping-taxable","14":"purchasable","15":"product-type-simple"},"_links":{"self":[{"href":"https:\/\/ceoparts.com\/fr\/wp-json\/wp\/v2\/product\/17376","targetHints":{"allow":["GET"]}}],"collection":[{"href":"https:\/\/ceoparts.com\/fr\/wp-json\/wp\/v2\/product"}],"about":[{"href":"https:\/\/ceoparts.com\/fr\/wp-json\/wp\/v2\/types\/product"}],"wp:featuredmedia":[{"embeddable":true,"href":"https:\/\/ceoparts.com\/fr\/wp-json\/wp\/v2\/media\/17381"}],"wp:attachment":[{"href":"https:\/\/ceoparts.com\/fr\/wp-json\/wp\/v2\/media?parent=17376"}],"wp:term":[{"taxonomy":"product_brand","embeddable":true,"href":"https:\/\/ceoparts.com\/fr\/wp-json\/wp\/v2\/product_brand?post=17376"},{"taxonomy":"product_cat","embeddable":true,"href":"https:\/\/ceoparts.com\/fr\/wp-json\/wp\/v2\/product_cat?post=17376"},{"taxonomy":"product_tag","embeddable":true,"href":"https:\/\/ceoparts.com\/fr\/wp-json\/wp\/v2\/product_tag?post=17376"}],"curies":[{"name":"wp","href":"https:\/\/api.w.org\/{rel}","templated":true}]}}