{"id":17455,"date":"2025-07-08T09:21:01","date_gmt":"2025-07-08T06:21:01","guid":{"rendered":"https:\/\/ceoparts.com\/?post_type=product&#038;p=17455"},"modified":"2026-05-16T21:15:26","modified_gmt":"2026-05-16T18:15:26","slug":"curtis-aku-kontrolu-48-80v-300a-2-el","status":"publish","type":"product","link":"https:\/\/ceoparts.com\/fr\/urun\/curtis-aku-kontrolu-48-80v-300a-2-el\/","title":{"rendered":"Contr\u00f4leur de batterie Curtis 48\u201380V 300A \u2013 D&#8217;occasion"},"content":{"rendered":"<p>Contr\u00f4leur de batterie Curtis 48\u201380V 300A \u2013 D&#8217;occasion<\/p>","protected":false},"excerpt":{"rendered":"<p data-start=\"2116\" data-end=\"2474\">Ce contr\u00f4leur de batterie Curtis est con\u00e7u pour des chariots \u00e9l\u00e9vateurs fonctionnant entre 48 et 80 V avec une capacit\u00e9 de courant de 300 A. Unit\u00e9 d\u2019occasion test\u00e9e, fiable et robuste. Il g\u00e8re la performance de la batterie pour am\u00e9liorer l\u2019efficacit\u00e9 \u00e9nerg\u00e9tique et assurer un fonctionnement fluide.<\/p>\n<p data-start=\"2476\" data-end=\"2500\"><strong data-start=\"2476\" data-end=\"2498\">Caract\u00e9ristiques :<\/strong><\/p>\n<ul data-start=\"2501\" data-end=\"2628\">\n<li data-start=\"2501\" data-end=\"2521\">\n<p data-start=\"2503\" data-end=\"2521\">Tension : 48-80V<\/p>\n<\/li>\n<li data-start=\"2522\" data-end=\"2540\">\n<p data-start=\"2524\" data-end=\"2540\">Courant : 300A<\/p>\n<\/li>\n<li data-start=\"2541\" data-end=\"2567\">\n<p data-start=\"2543\" data-end=\"2567\">\u00c9tat : Occasion, test\u00e9<\/p>\n<\/li>\n<li data-start=\"2568\" data-end=\"2587\">\n<p data-start=\"2570\" data-end=\"2587\">Marque : Curtis<\/p>\n<\/li>\n<li data-start=\"2588\" data-end=\"2628\">\n<p data-start=\"2590\" data-end=\"2628\">Installation facile et compatibilit\u00e9<\/p>\n<\/li>\n<\/ul>\n","protected":false},"featured_media":17456,"template":"","meta":[],"product_brand":[],"product_cat":[433],"product_tag":[],"class_list":{"0":"post-17455","1":"product","2":"type-product","3":"status-publish","4":"has-post-thumbnail","6":"product_cat-ikinci-el-urunler","8":"first","9":"instock","10":"taxable","11":"shipping-taxable","12":"purchasable","13":"product-type-simple"},"_links":{"self":[{"href":"https:\/\/ceoparts.com\/fr\/wp-json\/wp\/v2\/product\/17455","targetHints":{"allow":["GET"]}}],"collection":[{"href":"https:\/\/ceoparts.com\/fr\/wp-json\/wp\/v2\/product"}],"about":[{"href":"https:\/\/ceoparts.com\/fr\/wp-json\/wp\/v2\/types\/product"}],"wp:featuredmedia":[{"embeddable":true,"href":"https:\/\/ceoparts.com\/fr\/wp-json\/wp\/v2\/media\/17456"}],"wp:attachment":[{"href":"https:\/\/ceoparts.com\/fr\/wp-json\/wp\/v2\/media?parent=17455"}],"wp:term":[{"taxonomy":"product_brand","embeddable":true,"href":"https:\/\/ceoparts.com\/fr\/wp-json\/wp\/v2\/product_brand?post=17455"},{"taxonomy":"product_cat","embeddable":true,"href":"https:\/\/ceoparts.com\/fr\/wp-json\/wp\/v2\/product_cat?post=17455"},{"taxonomy":"product_tag","embeddable":true,"href":"https:\/\/ceoparts.com\/fr\/wp-json\/wp\/v2\/product_tag?post=17455"}],"curies":[{"name":"wp","href":"https:\/\/api.w.org\/{rel}","templated":true}]}}