{"id":17462,"date":"2025-07-08T09:30:40","date_gmt":"2025-07-08T06:30:40","guid":{"rendered":"https:\/\/ceoparts.com\/?post_type=product&#038;p=17462"},"modified":"2026-05-16T15:02:58","modified_gmt":"2026-05-16T12:02:58","slug":"still-sax-kart-24-36-v-2-el","status":"publish","type":"product","link":"https:\/\/ceoparts.com\/fr\/urun\/still-sax-kart-24-36-v-2-el\/","title":{"rendered":"Carte STILL SAX 24\u201336V \u2013 D&#8217;occasion"},"content":{"rendered":"<p>Carte STILL SAX 24\u201336V \u2013 D&#8217;occasion<\/p>","protected":false},"excerpt":{"rendered":"<p data-start=\"2064\" data-end=\"2393\">La carte de contr\u00f4le STILL SAX est con\u00e7ue pour les chariots \u00e9l\u00e9vateurs et fonctionne dans une plage de tension de 24 \u00e0 36 volts. Propos\u00e9e d\u2019occasion, cette carte a \u00e9t\u00e9 test\u00e9e et fonctionne parfaitement. Offre des performances fiables dans les syst\u00e8mes de contr\u00f4le \u00e9lectrique des chariots.<\/p>\n<p data-start=\"2395\" data-end=\"2573\"><strong data-start=\"2395\" data-end=\"2417\">Caract\u00e9ristiques :<\/strong><br data-start=\"2417\" data-end=\"2420\" \/>\u2022 Mod\u00e8le : Carte SAX<br data-start=\"2440\" data-end=\"2443\" \/>\u2022 Plage de tension : 24-36 V<br data-start=\"2471\" data-end=\"2474\" \/>\u2022 \u00c9tat : Occasion, test\u00e9e<br data-start=\"2499\" data-end=\"2502\" \/>\u2022 Usage : Carte de contr\u00f4le pour chariots \u00e9l\u00e9vateurs<br data-start=\"2554\" data-end=\"2557\" \/>\u2022 Marque : STILL<\/p>\n","protected":false},"featured_media":17465,"template":"","meta":[],"product_brand":[],"product_cat":[241,433,524],"product_tag":[],"class_list":{"0":"post-17462","1":"product","2":"type-product","3":"status-publish","4":"has-post-thumbnail","6":"product_cat-still","7":"product_cat-ikinci-el-urunler","8":"product_cat-yedek-parca-still","10":"first","11":"instock","12":"taxable","13":"shipping-taxable","14":"purchasable","15":"product-type-simple"},"_links":{"self":[{"href":"https:\/\/ceoparts.com\/fr\/wp-json\/wp\/v2\/product\/17462","targetHints":{"allow":["GET"]}}],"collection":[{"href":"https:\/\/ceoparts.com\/fr\/wp-json\/wp\/v2\/product"}],"about":[{"href":"https:\/\/ceoparts.com\/fr\/wp-json\/wp\/v2\/types\/product"}],"wp:featuredmedia":[{"embeddable":true,"href":"https:\/\/ceoparts.com\/fr\/wp-json\/wp\/v2\/media\/17465"}],"wp:attachment":[{"href":"https:\/\/ceoparts.com\/fr\/wp-json\/wp\/v2\/media?parent=17462"}],"wp:term":[{"taxonomy":"product_brand","embeddable":true,"href":"https:\/\/ceoparts.com\/fr\/wp-json\/wp\/v2\/product_brand?post=17462"},{"taxonomy":"product_cat","embeddable":true,"href":"https:\/\/ceoparts.com\/fr\/wp-json\/wp\/v2\/product_cat?post=17462"},{"taxonomy":"product_tag","embeddable":true,"href":"https:\/\/ceoparts.com\/fr\/wp-json\/wp\/v2\/product_tag?post=17462"}],"curies":[{"name":"wp","href":"https:\/\/api.w.org\/{rel}","templated":true}]}}