{"id":17472,"date":"2025-07-08T12:02:19","date_gmt":"2025-07-08T09:02:19","guid":{"rendered":"https:\/\/ceoparts.com\/?post_type=product&#038;p=17472"},"modified":"2026-05-16T17:12:42","modified_gmt":"2026-05-16T14:12:42","slug":"still-surus-elektroniigi-2-el-48-80v-300a-45413605800","status":"publish","type":"product","link":"https:\/\/ceoparts.com\/fr\/urun\/still-surus-elektroniigi-2-el-48-80v-300a-45413605800\/","title":{"rendered":"\u00c9lectronique de traction STILL \u2013 D&#8217;occasion \u2013 48\u201380V 300A \u2013 45413605800"},"content":{"rendered":"<p>\u00c9lectronique de traction STILL \u2013 D&#8217;occasion \u2013 48\u201380V 300A \u2013 45413605800<\/p>","protected":false},"excerpt":{"rendered":"<p data-start=\"2412\" data-end=\"2769\">Module d\u2019\u00e9lectronique de conduite con\u00e7u pour les chariots \u00e9l\u00e9vateurs STILL, fonctionnant dans une plage de tension de 48 \u00e0 80 volts et une capacit\u00e9 de courant de 300 amp\u00e8res. Propos\u00e9 d\u2019occasion, ce module a \u00e9t\u00e9 test\u00e9 et fonctionne parfaitement. Offre haute performance et durabilit\u00e9.<\/p>\n<p data-start=\"2771\" data-end=\"2978\"><strong data-start=\"2771\" data-end=\"2793\">Caract\u00e9ristiques :<\/strong><br data-start=\"2793\" data-end=\"2796\" \/>\u2022 Mod\u00e8le : 45413605800<br data-start=\"2818\" data-end=\"2821\" \/>\u2022 Plage de tension : 48-80 V<br data-start=\"2849\" data-end=\"2852\" \/>\u2022 Courant : 300 A<br data-start=\"2869\" data-end=\"2872\" \/>\u2022 \u00c9tat : Occasion, test\u00e9e<br data-start=\"2897\" data-end=\"2900\" \/>\u2022 Usage : \u00c9lectronique de conduite pour chariots \u00e9l\u00e9vateurs<br data-start=\"2959\" data-end=\"2962\" \/>\u2022 Marque : STILL<\/p>\n","protected":false},"featured_media":17477,"template":"","meta":[],"product_brand":[],"product_cat":[241,433,524],"product_tag":[],"class_list":{"0":"post-17472","1":"product","2":"type-product","3":"status-publish","4":"has-post-thumbnail","6":"product_cat-still","7":"product_cat-ikinci-el-urunler","8":"product_cat-yedek-parca-still","10":"first","11":"instock","12":"taxable","13":"shipping-taxable","14":"purchasable","15":"product-type-simple"},"_links":{"self":[{"href":"https:\/\/ceoparts.com\/fr\/wp-json\/wp\/v2\/product\/17472","targetHints":{"allow":["GET"]}}],"collection":[{"href":"https:\/\/ceoparts.com\/fr\/wp-json\/wp\/v2\/product"}],"about":[{"href":"https:\/\/ceoparts.com\/fr\/wp-json\/wp\/v2\/types\/product"}],"wp:featuredmedia":[{"embeddable":true,"href":"https:\/\/ceoparts.com\/fr\/wp-json\/wp\/v2\/media\/17477"}],"wp:attachment":[{"href":"https:\/\/ceoparts.com\/fr\/wp-json\/wp\/v2\/media?parent=17472"}],"wp:term":[{"taxonomy":"product_brand","embeddable":true,"href":"https:\/\/ceoparts.com\/fr\/wp-json\/wp\/v2\/product_brand?post=17472"},{"taxonomy":"product_cat","embeddable":true,"href":"https:\/\/ceoparts.com\/fr\/wp-json\/wp\/v2\/product_cat?post=17472"},{"taxonomy":"product_tag","embeddable":true,"href":"https:\/\/ceoparts.com\/fr\/wp-json\/wp\/v2\/product_tag?post=17472"}],"curies":[{"name":"wp","href":"https:\/\/api.w.org\/{rel}","templated":true}]}}