{"id":17478,"date":"2025-07-08T14:10:38","date_gmt":"2025-07-08T11:10:38","guid":{"rendered":"https:\/\/ceoparts.com\/?post_type=product&#038;p=17478"},"modified":"2026-05-16T10:45:06","modified_gmt":"2026-05-16T07:45:06","slug":"junghinrich-grup-kart-2-el-50460792","status":"publish","type":"product","link":"https:\/\/ceoparts.com\/fr\/urun\/junghinrich-grup-kart-2-el-50460792\/","title":{"rendered":"Carte de groupe Jungheinrich \u2013 D&#8217;occasion \u2013 50460792"},"content":{"rendered":"<p>Carte de groupe Jungheinrich \u2013 D&#8217;occasion \u2013 50460792<\/p>","protected":false},"excerpt":{"rendered":"<p data-start=\"2140\" data-end=\"2451\">Carte de groupe con\u00e7ue pour les chariots \u00e9l\u00e9vateurs Junghinrich. Propos\u00e9e d\u2019occasion, cette carte a \u00e9t\u00e9 test\u00e9e et fonctionne parfaitement. Offre des performances fiables dans les syst\u00e8mes de contr\u00f4le \u00e9lectrique des chariots. Adapt\u00e9e \u00e0 un usage industriel.<\/p>\n<p data-start=\"2453\" data-end=\"2632\"><strong data-start=\"2453\" data-end=\"2475\">Caract\u00e9ristiques :<\/strong><br data-start=\"2475\" data-end=\"2478\" \/>\u2022 Mod\u00e8le : 50460792<br data-start=\"2497\" data-end=\"2500\" \/>\u2022 \u00c9tat : Occasion, test\u00e9e<br data-start=\"2525\" data-end=\"2528\" \/>\u2022 Usage : Carte de groupe pour chariots \u00e9l\u00e9vateurs<br data-start=\"2578\" data-end=\"2581\" \/>\u2022 Marque : Junghinrich<br data-start=\"2603\" data-end=\"2606\" \/>\u2022 Atouts : Durable, fiable<\/p>\n","protected":false},"featured_media":17483,"template":"","meta":[],"product_brand":[],"product_cat":[236,433,522],"product_tag":[],"class_list":{"0":"post-17478","1":"product","2":"type-product","3":"status-publish","4":"has-post-thumbnail","6":"product_cat-jungheinrich","7":"product_cat-ikinci-el-urunler","8":"product_cat-yedek-parca-jungheinrich","10":"first","11":"instock","12":"taxable","13":"shipping-taxable","14":"purchasable","15":"product-type-simple"},"_links":{"self":[{"href":"https:\/\/ceoparts.com\/fr\/wp-json\/wp\/v2\/product\/17478","targetHints":{"allow":["GET"]}}],"collection":[{"href":"https:\/\/ceoparts.com\/fr\/wp-json\/wp\/v2\/product"}],"about":[{"href":"https:\/\/ceoparts.com\/fr\/wp-json\/wp\/v2\/types\/product"}],"wp:featuredmedia":[{"embeddable":true,"href":"https:\/\/ceoparts.com\/fr\/wp-json\/wp\/v2\/media\/17483"}],"wp:attachment":[{"href":"https:\/\/ceoparts.com\/fr\/wp-json\/wp\/v2\/media?parent=17478"}],"wp:term":[{"taxonomy":"product_brand","embeddable":true,"href":"https:\/\/ceoparts.com\/fr\/wp-json\/wp\/v2\/product_brand?post=17478"},{"taxonomy":"product_cat","embeddable":true,"href":"https:\/\/ceoparts.com\/fr\/wp-json\/wp\/v2\/product_cat?post=17478"},{"taxonomy":"product_tag","embeddable":true,"href":"https:\/\/ceoparts.com\/fr\/wp-json\/wp\/v2\/product_tag?post=17478"}],"curies":[{"name":"wp","href":"https:\/\/api.w.org\/{rel}","templated":true}]}}