{"id":17485,"date":"2025-07-08T16:17:30","date_gmt":"2025-07-08T13:17:30","guid":{"rendered":"https:\/\/ceoparts.com\/?post_type=product&#038;p=17485"},"modified":"2026-05-16T17:22:37","modified_gmt":"2026-05-16T14:22:37","slug":"still-fm078-semi-2-el-48v-51523601300","status":"publish","type":"product","link":"https:\/\/ceoparts.com\/fr\/urun\/still-fm078-semi-2-el-48v-51523601300\/","title":{"rendered":"STILL FM078 Semi \u2013 D&#8217;occasion \u2013 48V \u2013 51523601300"},"content":{"rendered":"<p>STILL FM078 Semi \u2013 D&#8217;occasion \u2013 48V \u2013 51523601300<\/p>","protected":false},"excerpt":{"rendered":"<p data-start=\"2225\" data-end=\"2542\">Unit\u00e9 d\u2019alimentation con\u00e7ue pour le chariot \u00e9l\u00e9vateur STILL FM078 Semi avec une tension de 48 volts. Propos\u00e9e d\u2019occasion, cette unit\u00e9 a \u00e9t\u00e9 test\u00e9e et fonctionne parfaitement. Offre des performances \u00e9lev\u00e9es et une durabilit\u00e9 pour les chariots \u00e9l\u00e9vateurs industriels.<\/p>\n<p data-start=\"2544\" data-end=\"2753\"><strong data-start=\"2544\" data-end=\"2566\">Caract\u00e9ristiques :<\/strong><br data-start=\"2566\" data-end=\"2569\" \/>\u2022 Mod\u00e8le : FM078 Semi<br data-start=\"2590\" data-end=\"2593\" \/>\u2022 Tension : 48 V<br data-start=\"2609\" data-end=\"2612\" \/>\u2022 \u00c9tat : Occasion, test\u00e9e<br data-start=\"2637\" data-end=\"2640\" \/>\u2022 R\u00e9f\u00e9rence : 51523601300<br data-start=\"2665\" data-end=\"2668\" \/>\u2022 Usage : Alimentation pour chariots \u00e9l\u00e9vateurs STILL<br data-start=\"2721\" data-end=\"2724\" \/>\u2022 Avantages : Durable, fiable<\/p>\n","protected":false},"featured_media":17486,"template":"","meta":[],"product_brand":[],"product_cat":[241,433,524],"product_tag":[],"class_list":{"0":"post-17485","1":"product","2":"type-product","3":"status-publish","4":"has-post-thumbnail","6":"product_cat-still","7":"product_cat-ikinci-el-urunler","8":"product_cat-yedek-parca-still","10":"first","11":"instock","12":"taxable","13":"shipping-taxable","14":"purchasable","15":"product-type-simple"},"_links":{"self":[{"href":"https:\/\/ceoparts.com\/fr\/wp-json\/wp\/v2\/product\/17485","targetHints":{"allow":["GET"]}}],"collection":[{"href":"https:\/\/ceoparts.com\/fr\/wp-json\/wp\/v2\/product"}],"about":[{"href":"https:\/\/ceoparts.com\/fr\/wp-json\/wp\/v2\/types\/product"}],"wp:featuredmedia":[{"embeddable":true,"href":"https:\/\/ceoparts.com\/fr\/wp-json\/wp\/v2\/media\/17486"}],"wp:attachment":[{"href":"https:\/\/ceoparts.com\/fr\/wp-json\/wp\/v2\/media?parent=17485"}],"wp:term":[{"taxonomy":"product_brand","embeddable":true,"href":"https:\/\/ceoparts.com\/fr\/wp-json\/wp\/v2\/product_brand?post=17485"},{"taxonomy":"product_cat","embeddable":true,"href":"https:\/\/ceoparts.com\/fr\/wp-json\/wp\/v2\/product_cat?post=17485"},{"taxonomy":"product_tag","embeddable":true,"href":"https:\/\/ceoparts.com\/fr\/wp-json\/wp\/v2\/product_tag?post=17485"}],"curies":[{"name":"wp","href":"https:\/\/api.w.org\/{rel}","templated":true}]}}