{"id":17502,"date":"2025-07-08T17:08:28","date_gmt":"2025-07-08T14:08:28","guid":{"rendered":"https:\/\/ceoparts.com\/?post_type=product&#038;p=17502"},"modified":"2026-05-16T09:39:11","modified_gmt":"2026-05-16T06:39:11","slug":"still-fmx-yuruyus-tekeri-bijonu-519996","status":"publish","type":"product","link":"https:\/\/ceoparts.com\/fr\/urun\/still-fmx-yuruyus-tekeri-bijonu-519996\/","title":{"rendered":"Boulon de roue motrice Still FMX \u2013 519996"},"content":{"rendered":"<p>Boulon de roue motrice Still FMX \u2013 519996<\/p>\n<p>Still 519996<br \/>\nR20,<br \/>\nR50,<br \/>\nR60,<br \/>\nR70,<br \/>\nRX50,<br \/>\nRX20,<br \/>\nRX60,<br \/>\nRX70<\/p>","protected":false},"excerpt":{"rendered":"<p data-start=\"1877\" data-end=\"2127\">\u00c9crou sp\u00e9cialement con\u00e7u pour les roues de rouleau des chariots \u00e9l\u00e9vateurs Still FMX. Offre une grande durabilit\u00e9 et assure un montage s\u00e9curis\u00e9 des roues. Qualit\u00e9 pi\u00e8ce d\u2019origine, longue dur\u00e9e de vie.<\/p>\n<p data-start=\"2129\" data-end=\"2284\"><strong data-start=\"2129\" data-end=\"2151\">Caract\u00e9ristiques :<\/strong><br data-start=\"2151\" data-end=\"2154\" \/>\u2022 Mod\u00e8le compatible : Still FMX<br data-start=\"2185\" data-end=\"2188\" \/>\u2022 R\u00e9f\u00e9rence : 519996<br data-start=\"2208\" data-end=\"2211\" \/>\u2022 Usage : \u00c9crou de roue de rouleau<br data-start=\"2245\" data-end=\"2248\" \/>\u2022 Atouts : Durable, montage s\u00e9curis\u00e9<\/p>\n","protected":false},"featured_media":17503,"template":"","meta":[],"product_brand":[],"product_cat":[241,467,524],"product_tag":[],"class_list":{"0":"post-17502","1":"product","2":"type-product","3":"status-publish","4":"has-post-thumbnail","6":"product_cat-still","7":"product_cat-mil-grubu","8":"product_cat-yedek-parca-still","10":"first","11":"instock","12":"taxable","13":"shipping-taxable","14":"purchasable","15":"product-type-simple"},"_links":{"self":[{"href":"https:\/\/ceoparts.com\/fr\/wp-json\/wp\/v2\/product\/17502","targetHints":{"allow":["GET"]}}],"collection":[{"href":"https:\/\/ceoparts.com\/fr\/wp-json\/wp\/v2\/product"}],"about":[{"href":"https:\/\/ceoparts.com\/fr\/wp-json\/wp\/v2\/types\/product"}],"wp:featuredmedia":[{"embeddable":true,"href":"https:\/\/ceoparts.com\/fr\/wp-json\/wp\/v2\/media\/17503"}],"wp:attachment":[{"href":"https:\/\/ceoparts.com\/fr\/wp-json\/wp\/v2\/media?parent=17502"}],"wp:term":[{"taxonomy":"product_brand","embeddable":true,"href":"https:\/\/ceoparts.com\/fr\/wp-json\/wp\/v2\/product_brand?post=17502"},{"taxonomy":"product_cat","embeddable":true,"href":"https:\/\/ceoparts.com\/fr\/wp-json\/wp\/v2\/product_cat?post=17502"},{"taxonomy":"product_tag","embeddable":true,"href":"https:\/\/ceoparts.com\/fr\/wp-json\/wp\/v2\/product_tag?post=17502"}],"curies":[{"name":"wp","href":"https:\/\/api.w.org\/{rel}","templated":true}]}}