{"id":17507,"date":"2025-07-08T17:27:31","date_gmt":"2025-07-08T14:27:31","guid":{"rendered":"https:\/\/ceoparts.com\/?post_type=product&#038;p=17507"},"modified":"2026-05-16T11:49:41","modified_gmt":"2026-05-16T08:49:41","slug":"still-exu-grup-kart-24-v-3903702068","status":"publish","type":"product","link":"https:\/\/ceoparts.com\/fr\/urun\/still-exu-grup-kart-24-v-3903702068\/","title":{"rendered":"Carte de groupe STILL EXU 24V \u2013 3903702068"},"content":{"rendered":"<p>Carte de groupe STILL EXU 24V \u2013 3903702068<\/p>","protected":false},"excerpt":{"rendered":"<p data-start=\"2224\" data-end=\"2552\">Cette carte de groupe 24 volts est sp\u00e9cialement con\u00e7ue pour les chariots \u00e9l\u00e9vateurs et v\u00e9hicules \u00e9lectriques de la s\u00e9rie STILL EXU. Elle contr\u00f4le les fonctions \u00e9lectriques des v\u00e9hicules et offre une grande durabilit\u00e9 avec des performances fiables. Adapt\u00e9e \u00e0 un usage industriel.<\/p>\n<p data-start=\"2554\" data-end=\"2762\"><strong data-start=\"2554\" data-end=\"2576\">Caract\u00e9ristiques :<\/strong><br data-start=\"2576\" data-end=\"2579\" \/>\u2022 Mod\u00e8le : 3903702068<br data-start=\"2600\" data-end=\"2603\" \/>\u2022 Tension : 24 V<br data-start=\"2619\" data-end=\"2622\" \/>\u2022 Marque compatible : STILL EXU<br data-start=\"2653\" data-end=\"2656\" \/>\u2022 Usage : Carte de contr\u00f4le pour chariots \u00e9l\u00e9vateurs et v\u00e9hicules \u00e9lectriques<br data-start=\"2733\" data-end=\"2736\" \/>\u2022 Atouts : Durable, fiable<\/p>\n","protected":false},"featured_media":17509,"template":"","meta":[],"product_brand":[],"product_cat":[241,431,524],"product_tag":[],"class_list":{"0":"post-17507","1":"product","2":"type-product","3":"status-publish","4":"has-post-thumbnail","6":"product_cat-still","7":"product_cat-ekranlar-ve-kartlar","8":"product_cat-yedek-parca-still","10":"first","11":"instock","12":"taxable","13":"shipping-taxable","14":"purchasable","15":"product-type-simple"},"_links":{"self":[{"href":"https:\/\/ceoparts.com\/fr\/wp-json\/wp\/v2\/product\/17507","targetHints":{"allow":["GET"]}}],"collection":[{"href":"https:\/\/ceoparts.com\/fr\/wp-json\/wp\/v2\/product"}],"about":[{"href":"https:\/\/ceoparts.com\/fr\/wp-json\/wp\/v2\/types\/product"}],"wp:featuredmedia":[{"embeddable":true,"href":"https:\/\/ceoparts.com\/fr\/wp-json\/wp\/v2\/media\/17509"}],"wp:attachment":[{"href":"https:\/\/ceoparts.com\/fr\/wp-json\/wp\/v2\/media?parent=17507"}],"wp:term":[{"taxonomy":"product_brand","embeddable":true,"href":"https:\/\/ceoparts.com\/fr\/wp-json\/wp\/v2\/product_brand?post=17507"},{"taxonomy":"product_cat","embeddable":true,"href":"https:\/\/ceoparts.com\/fr\/wp-json\/wp\/v2\/product_cat?post=17507"},{"taxonomy":"product_tag","embeddable":true,"href":"https:\/\/ceoparts.com\/fr\/wp-json\/wp\/v2\/product_tag?post=17507"}],"curies":[{"name":"wp","href":"https:\/\/api.w.org\/{rel}","templated":true}]}}