{"id":17513,"date":"2025-07-08T17:33:34","date_gmt":"2025-07-08T14:33:34","guid":{"rendered":"https:\/\/ceoparts.com\/?post_type=product&#038;p=17513"},"modified":"2026-05-16T13:07:10","modified_gmt":"2026-05-16T10:07:10","slug":"komatsu-ac-2-inverter-48-v-300a-2-el","status":"publish","type":"product","link":"https:\/\/ceoparts.com\/fr\/urun\/komatsu-ac-2-inverter-48-v-300a-2-el\/","title":{"rendered":"Onduleur Komatsu AC-2 48V 300A \u2013 D&#8217;occasion"},"content":{"rendered":"<p>Onduleur Komatsu AC-2 48V 300A \u2013 D&#8217;occasion<\/p>","protected":false},"excerpt":{"rendered":"<p data-start=\"2317\" data-end=\"2661\">L\u2019onduleur Komatsu AC-2, avec une capacit\u00e9 de 48 volts et 300 amp\u00e8res, assure le contr\u00f4le d\u2019\u00e9nergie pour chariots \u00e9l\u00e9vateurs et v\u00e9hicules \u00e9lectriques. Propos\u00e9 d\u2019occasion, cet onduleur a \u00e9t\u00e9 test\u00e9 et fonctionne parfaitement. Il offre haute performance et durabilit\u00e9 en applications industrielles.<\/p>\n<p data-start=\"2663\" data-end=\"2871\"><strong data-start=\"2663\" data-end=\"2685\">Caract\u00e9ristiques :<\/strong><br data-start=\"2685\" data-end=\"2688\" \/>\u2022 Mod\u00e8le : AC-2<br data-start=\"2703\" data-end=\"2706\" \/>\u2022 Tension : 48 V<br data-start=\"2722\" data-end=\"2725\" \/>\u2022 Courant : 300 A<br data-start=\"2742\" data-end=\"2745\" \/>\u2022 \u00c9tat : Occasion, test\u00e9<br data-start=\"2769\" data-end=\"2772\" \/>\u2022 Usage : Contr\u00f4le d\u2019\u00e9nergie pour chariots \u00e9l\u00e9vateurs et v\u00e9hicules \u00e9lectriques<br data-start=\"2850\" data-end=\"2853\" \/>\u2022 Marque : Komatsu<\/p>\n","protected":false},"featured_media":17517,"template":"","meta":[],"product_brand":[],"product_cat":[433],"product_tag":[],"class_list":{"0":"post-17513","1":"product","2":"type-product","3":"status-publish","4":"has-post-thumbnail","6":"product_cat-ikinci-el-urunler","8":"first","9":"instock","10":"taxable","11":"shipping-taxable","12":"purchasable","13":"product-type-simple"},"_links":{"self":[{"href":"https:\/\/ceoparts.com\/fr\/wp-json\/wp\/v2\/product\/17513","targetHints":{"allow":["GET"]}}],"collection":[{"href":"https:\/\/ceoparts.com\/fr\/wp-json\/wp\/v2\/product"}],"about":[{"href":"https:\/\/ceoparts.com\/fr\/wp-json\/wp\/v2\/types\/product"}],"wp:featuredmedia":[{"embeddable":true,"href":"https:\/\/ceoparts.com\/fr\/wp-json\/wp\/v2\/media\/17517"}],"wp:attachment":[{"href":"https:\/\/ceoparts.com\/fr\/wp-json\/wp\/v2\/media?parent=17513"}],"wp:term":[{"taxonomy":"product_brand","embeddable":true,"href":"https:\/\/ceoparts.com\/fr\/wp-json\/wp\/v2\/product_brand?post=17513"},{"taxonomy":"product_cat","embeddable":true,"href":"https:\/\/ceoparts.com\/fr\/wp-json\/wp\/v2\/product_cat?post=17513"},{"taxonomy":"product_tag","embeddable":true,"href":"https:\/\/ceoparts.com\/fr\/wp-json\/wp\/v2\/product_tag?post=17513"}],"curies":[{"name":"wp","href":"https:\/\/api.w.org\/{rel}","templated":true}]}}