{"id":17518,"date":"2025-07-08T17:48:59","date_gmt":"2025-07-08T14:48:59","guid":{"rendered":"https:\/\/ceoparts.com\/?post_type=product&#038;p=17518"},"modified":"2026-05-16T17:29:15","modified_gmt":"2026-05-16T14:29:15","slug":"254x85-30-msl-yuruyus-tekeri-805808","status":"publish","type":"product","link":"https:\/\/ceoparts.com\/fr\/urun\/254x85-30-msl-yuruyus-tekeri-805808\/","title":{"rendered":"254&#215;85-30 MSL Roue motrice \u2013 805808"},"content":{"rendered":"<p>254&#215;85-30 MSL Roue motrice \u2013 805808<\/p>","protected":false},"excerpt":{"rendered":"<p data-start=\"2246\" data-end=\"2584\">Cette roue MSL est con\u00e7ue pour des charges lourdes et des applications industrielles. Elle poss\u00e8de un diam\u00e8tre de 254 mm, une largeur de 85 mm et un al\u00e9sage de 30 mm. Sa construction robuste et ses performances \u00e9lev\u00e9es la rendent id\u00e9ale pour les chariots \u00e9l\u00e9vateurs et syst\u00e8mes de transport.<\/p>\n<p data-start=\"2586\" data-end=\"2814\"><strong data-start=\"2586\" data-end=\"2619\">Caract\u00e9ristiques techniques :<\/strong><br data-start=\"2619\" data-end=\"2622\" \/>\u2022 Dimensions : 254\u00d785-30 mm<br data-start=\"2649\" data-end=\"2652\" \/>\u2022 Marque : MSL<br data-start=\"2666\" data-end=\"2669\" \/>\u2022 R\u00e9f\u00e9rence : 805808<br data-start=\"2689\" data-end=\"2692\" \/>\u2022 Utilisation : Chariots \u00e9l\u00e9vateurs et syst\u00e8mes de transport de charges lourdes<br data-start=\"2771\" data-end=\"2774\" \/>\u2022 Avantages : Robuste, haute performance<\/p>\n","protected":false},"featured_media":17523,"template":"","meta":[],"product_brand":[],"product_cat":[397],"product_tag":[],"class_list":{"0":"post-17518","1":"product","2":"type-product","3":"status-publish","4":"has-post-thumbnail","6":"product_cat-yuruyus-tekeri-ceo","8":"first","9":"instock","10":"taxable","11":"shipping-taxable","12":"purchasable","13":"product-type-simple"},"_links":{"self":[{"href":"https:\/\/ceoparts.com\/fr\/wp-json\/wp\/v2\/product\/17518","targetHints":{"allow":["GET"]}}],"collection":[{"href":"https:\/\/ceoparts.com\/fr\/wp-json\/wp\/v2\/product"}],"about":[{"href":"https:\/\/ceoparts.com\/fr\/wp-json\/wp\/v2\/types\/product"}],"wp:featuredmedia":[{"embeddable":true,"href":"https:\/\/ceoparts.com\/fr\/wp-json\/wp\/v2\/media\/17523"}],"wp:attachment":[{"href":"https:\/\/ceoparts.com\/fr\/wp-json\/wp\/v2\/media?parent=17518"}],"wp:term":[{"taxonomy":"product_brand","embeddable":true,"href":"https:\/\/ceoparts.com\/fr\/wp-json\/wp\/v2\/product_brand?post=17518"},{"taxonomy":"product_cat","embeddable":true,"href":"https:\/\/ceoparts.com\/fr\/wp-json\/wp\/v2\/product_cat?post=17518"},{"taxonomy":"product_tag","embeddable":true,"href":"https:\/\/ceoparts.com\/fr\/wp-json\/wp\/v2\/product_tag?post=17518"}],"curies":[{"name":"wp","href":"https:\/\/api.w.org\/{rel}","templated":true}]}}