{"id":17528,"date":"2025-07-09T17:03:27","date_gmt":"2025-07-09T14:03:27","guid":{"rendered":"https:\/\/ceoparts.com\/?post_type=product&#038;p=17528"},"modified":"2026-05-16T13:15:53","modified_gmt":"2026-05-16T10:15:53","slug":"6206-rs-denge-teker-rulmani-30x62x16","status":"publish","type":"product","link":"https:\/\/ceoparts.com\/fr\/urun\/6206-rs-denge-teker-rulmani-30x62x16\/","title":{"rendered":"Roulement de roue stabilisatrice 6206 RS 30x62x16"},"content":{"rendered":"<p>Roulement de roue stabilisatrice 6206 RS 30x62x16<\/p>","protected":false},"excerpt":{"rendered":"<p data-start=\"2310\" data-end=\"2623\">Ce roulement est con\u00e7u pour les roues d&#8217;\u00e9quilibrage. Le mod\u00e8le 6206 RS poss\u00e8de un joint en caoutchouc sur un c\u00f4t\u00e9, prot\u00e9geant contre la poussi\u00e8re. Id\u00e9al pour les applications industrielles gr\u00e2ce \u00e0 son fonctionnement silencieux et sa longue dur\u00e9e de vie.<\/p>\n<p data-start=\"2625\" data-end=\"2846\"><strong data-start=\"2625\" data-end=\"2647\">Caract\u00e9ristiques :<\/strong><br data-start=\"2647\" data-end=\"2650\" \/>\u2022 Mod\u00e8le : 6206 RS<br data-start=\"2668\" data-end=\"2671\" \/>\u2022 Dimensions : 30x62x16 mm<br data-start=\"2697\" data-end=\"2700\" \/>\u2022 Type : Roulement de roue d\u2019\u00e9quilibrage<br data-start=\"2740\" data-end=\"2743\" \/>\u2022 Joint : Simple (RS)<br data-start=\"2764\" data-end=\"2767\" \/>\u2022 Applications : Chariots \u00e9l\u00e9vateurs, syst\u00e8mes roulants, machines industrielles<\/p>\n","protected":false},"featured_media":17532,"template":"","meta":[],"product_brand":[],"product_cat":[458],"product_tag":[],"class_list":{"0":"post-17528","1":"product","2":"type-product","3":"status-publish","4":"has-post-thumbnail","6":"product_cat-denge-teker-rulmanlari","8":"first","9":"instock","10":"taxable","11":"shipping-taxable","12":"purchasable","13":"product-type-simple"},"_links":{"self":[{"href":"https:\/\/ceoparts.com\/fr\/wp-json\/wp\/v2\/product\/17528","targetHints":{"allow":["GET"]}}],"collection":[{"href":"https:\/\/ceoparts.com\/fr\/wp-json\/wp\/v2\/product"}],"about":[{"href":"https:\/\/ceoparts.com\/fr\/wp-json\/wp\/v2\/types\/product"}],"wp:featuredmedia":[{"embeddable":true,"href":"https:\/\/ceoparts.com\/fr\/wp-json\/wp\/v2\/media\/17532"}],"wp:attachment":[{"href":"https:\/\/ceoparts.com\/fr\/wp-json\/wp\/v2\/media?parent=17528"}],"wp:term":[{"taxonomy":"product_brand","embeddable":true,"href":"https:\/\/ceoparts.com\/fr\/wp-json\/wp\/v2\/product_brand?post=17528"},{"taxonomy":"product_cat","embeddable":true,"href":"https:\/\/ceoparts.com\/fr\/wp-json\/wp\/v2\/product_cat?post=17528"},{"taxonomy":"product_tag","embeddable":true,"href":"https:\/\/ceoparts.com\/fr\/wp-json\/wp\/v2\/product_tag?post=17528"}],"curies":[{"name":"wp","href":"https:\/\/api.w.org\/{rel}","templated":true}]}}