{"id":17571,"date":"2025-07-18T09:46:44","date_gmt":"2025-07-18T06:46:44","guid":{"rendered":"https:\/\/ceoparts.com\/?post_type=product&#038;p=17571"},"modified":"2026-05-16T17:29:09","modified_gmt":"2026-05-16T14:29:09","slug":"230x105-45-stellana-atlet-yuk-tekeri-146852","status":"publish","type":"product","link":"https:\/\/ceoparts.com\/fr\/urun\/230x105-45-stellana-atlet-yuk-tekeri-146852\/","title":{"rendered":"230&#215;105-45 Roue de charge Stellana Atlet \u2013 146852"},"content":{"rendered":"<p>230&#215;105-45 Roue de charge Stellana Atlet \u2013 146852<\/p>","protected":false},"excerpt":{"rendered":"<p data-start=\"2558\" data-end=\"2926\">Cette roue de charge haute performance de marque Stellana est compatible avec les \u00e9quipements de manutention Atlet. Gr\u00e2ce \u00e0 sa construction en Vulkollan, elle offre une excellente r\u00e9sistance \u00e0 l&#8217;usure, un fonctionnement silencieux et une grande long\u00e9vit\u00e9, m\u00eame dans les environnements industriels exigeants.<\/p>\n<p data-start=\"2928\" data-end=\"3196\"><strong data-start=\"2928\" data-end=\"2961\">Caract\u00e9ristiques techniques :<\/strong><br data-start=\"2961\" data-end=\"2964\" \/>\u2022 Dimensions : 230&#215;105-45<br data-start=\"2989\" data-end=\"2992\" \/>\u2022 Mat\u00e9riau : Vulkollan<br data-start=\"3014\" data-end=\"3017\" \/>\u2022 Marque : Stellana<br data-start=\"3036\" data-end=\"3039\" \/>\u2022 R\u00e9f\u00e9rence : 146852<br data-start=\"3059\" data-end=\"3062\" \/>\u2022 Compatibilit\u00e9 : V\u00e9hicules de manutention Atlet<br data-start=\"3110\" data-end=\"3113\" \/>\u2022 Avantages : Haute r\u00e9sistance, r\u00e9duction des vibrations, fonctionnement silencieux<\/p>\n","protected":false},"featured_media":17576,"template":"","meta":[],"product_brand":[],"product_cat":[419,266,416,194],"product_tag":[],"class_list":{"0":"post-17571","1":"product","2":"type-product","3":"status-publish","4":"has-post-thumbnail","6":"product_cat-yuk-tekeri-stellana","7":"product_cat-yuk-tekeri-atlet","8":"product_cat-stellana","9":"product_cat-yuk-tekeri","11":"first","12":"instock","13":"taxable","14":"shipping-taxable","15":"purchasable","16":"product-type-simple"},"_links":{"self":[{"href":"https:\/\/ceoparts.com\/fr\/wp-json\/wp\/v2\/product\/17571","targetHints":{"allow":["GET"]}}],"collection":[{"href":"https:\/\/ceoparts.com\/fr\/wp-json\/wp\/v2\/product"}],"about":[{"href":"https:\/\/ceoparts.com\/fr\/wp-json\/wp\/v2\/types\/product"}],"wp:featuredmedia":[{"embeddable":true,"href":"https:\/\/ceoparts.com\/fr\/wp-json\/wp\/v2\/media\/17576"}],"wp:attachment":[{"href":"https:\/\/ceoparts.com\/fr\/wp-json\/wp\/v2\/media?parent=17571"}],"wp:term":[{"taxonomy":"product_brand","embeddable":true,"href":"https:\/\/ceoparts.com\/fr\/wp-json\/wp\/v2\/product_brand?post=17571"},{"taxonomy":"product_cat","embeddable":true,"href":"https:\/\/ceoparts.com\/fr\/wp-json\/wp\/v2\/product_cat?post=17571"},{"taxonomy":"product_tag","embeddable":true,"href":"https:\/\/ceoparts.com\/fr\/wp-json\/wp\/v2\/product_tag?post=17571"}],"curies":[{"name":"wp","href":"https:\/\/api.w.org\/{rel}","templated":true}]}}