{"id":17579,"date":"2025-07-18T14:34:31","date_gmt":"2025-07-18T11:34:31","guid":{"rendered":"https:\/\/ceoparts.com\/?post_type=product&#038;p=17579"},"modified":"2026-05-16T15:04:37","modified_gmt":"2026-05-16T12:04:37","slug":"310x102-40-stellana-vulkollan-yuk-tekeri-8365302","status":"publish","type":"product","link":"https:\/\/ceoparts.com\/fr\/urun\/310x102-40-stellana-vulkollan-yuk-tekeri-8365302\/","title":{"rendered":"310&#215;102-40 Roue de charge Stellana Vulkollan \u2013 8365302"},"content":{"rendered":"<p>310&#215;102-40 Roue de charge Stellana Vulkollan \u2013 8365302<\/p>","protected":false},"excerpt":{"rendered":"<p data-start=\"2729\" data-end=\"3106\">Cette roue de charge en Vulkollan de la marque Stellana est con\u00e7ue pour les applications intensives. Elle offre une excellente capacit\u00e9 de charge, une r\u00e9sistance \u00e9lev\u00e9e \u00e0 l\u2019usure, un fonctionnement silencieux et une faible vibration. Parfaite pour les syst\u00e8mes de manutention industrielle et les chariots \u00e9l\u00e9vateurs.<\/p>\n<p data-start=\"3108\" data-end=\"3382\"><strong data-start=\"3108\" data-end=\"3141\">Caract\u00e9ristiques techniques :<\/strong><br data-start=\"3141\" data-end=\"3144\" \/>\u2022 Dimensions : 310\u00d7102-40<br data-start=\"3169\" data-end=\"3172\" \/>\u2022 Mat\u00e9riau : Vulkollan<br data-start=\"3194\" data-end=\"3197\" \/>\u2022 Marque : Stellana<br data-start=\"3216\" data-end=\"3219\" \/>\u2022 R\u00e9f\u00e9rence : 8365302<br data-start=\"3240\" data-end=\"3243\" \/>\u2022 Utilisation : Manutention industrielle, chariots \u00e9l\u00e9vateurs<br data-start=\"3304\" data-end=\"3307\" \/>\u2022 Avantages : Haute durabilit\u00e9, silence de fonctionnement, faible vibration<\/p>\n","protected":false},"featured_media":17587,"template":"","meta":[],"product_brand":[],"product_cat":[419,416,194],"product_tag":[],"class_list":{"0":"post-17579","1":"product","2":"type-product","3":"status-publish","4":"has-post-thumbnail","6":"product_cat-yuk-tekeri-stellana","7":"product_cat-stellana","8":"product_cat-yuk-tekeri","10":"first","11":"instock","12":"taxable","13":"shipping-taxable","14":"purchasable","15":"product-type-simple"},"_links":{"self":[{"href":"https:\/\/ceoparts.com\/fr\/wp-json\/wp\/v2\/product\/17579","targetHints":{"allow":["GET"]}}],"collection":[{"href":"https:\/\/ceoparts.com\/fr\/wp-json\/wp\/v2\/product"}],"about":[{"href":"https:\/\/ceoparts.com\/fr\/wp-json\/wp\/v2\/types\/product"}],"wp:featuredmedia":[{"embeddable":true,"href":"https:\/\/ceoparts.com\/fr\/wp-json\/wp\/v2\/media\/17587"}],"wp:attachment":[{"href":"https:\/\/ceoparts.com\/fr\/wp-json\/wp\/v2\/media?parent=17579"}],"wp:term":[{"taxonomy":"product_brand","embeddable":true,"href":"https:\/\/ceoparts.com\/fr\/wp-json\/wp\/v2\/product_brand?post=17579"},{"taxonomy":"product_cat","embeddable":true,"href":"https:\/\/ceoparts.com\/fr\/wp-json\/wp\/v2\/product_cat?post=17579"},{"taxonomy":"product_tag","embeddable":true,"href":"https:\/\/ceoparts.com\/fr\/wp-json\/wp\/v2\/product_tag?post=17579"}],"curies":[{"name":"wp","href":"https:\/\/api.w.org\/{rel}","templated":true}]}}