{"id":17617,"date":"2025-07-19T12:31:44","date_gmt":"2025-07-19T09:31:44","guid":{"rendered":"https:\/\/ceoparts.com\/?post_type=product&#038;p=17617"},"modified":"2026-05-16T12:11:10","modified_gmt":"2026-05-16T09:11:10","slug":"343x114-90-stellana-vulkollan-yuruyus-tekeri-51331328-50262633","status":"publish","type":"product","link":"https:\/\/ceoparts.com\/fr\/urun\/343x114-90-stellana-vulkollan-yuruyus-tekeri-51331328-50262633\/","title":{"rendered":"343&#215;114-90 Roue motrice Stellana Vulkollan \u2013 51331328, 50262633"},"content":{"rendered":"<p>343&#215;114-90 Roue motrice Stellana Vulkollan \u2013 51331328, 50262633<\/p>\n<table border=\"0\" width=\"246\" cellspacing=\"0\" cellpadding=\"0\">\n<colgroup><\/colgroup>\n<colgroup>\n<col width=\"124\" \/>\n<col width=\"122\" \/><\/colgroup>\n<tbody>\n<tr>\n<td width=\"124\" height=\"20\">ETM\/V 214\/216<\/td>\n<td width=\"122\">12.03 \u2013<\/td>\n<\/tr>\n<tr>\n<td height=\"20\">ETM\/V 320\/325<\/td>\n<td>12.04 \u2013<\/td>\n<\/tr>\n<tr>\n<td height=\"20\">ETV 110\/112<\/td>\n<td>11.05 \u2013<\/td>\n<\/tr>\n<tr>\n<td height=\"20\">ETV 114\/116<\/td>\n<td>11.05 \u2013 11.11<\/td>\n<\/tr>\n<tr>\n<td height=\"20\">ETM\/V 214\/216<\/td>\n<td>9.11 \u2013<\/td>\n<\/tr>\n<\/tbody>\n<\/table>","protected":false},"excerpt":{"rendered":"<p data-start=\"2609\" data-end=\"2987\">Ces roues motrices Blickle offrent une grande durabilit\u00e9 et une longue dur\u00e9e de vie pour les chariots \u00e9l\u00e9vateurs et v\u00e9hicules industriels. Fabriqu\u00e9es en mat\u00e9riaux r\u00e9sistants \u00e0 l&#8217;usure, elles conviennent aux environnements de travail difficiles. Reconnu pour son fonctionnement silencieux et sa haute capacit\u00e9 de charge.<\/p>\n<p data-start=\"2989\" data-end=\"3245\"><strong data-start=\"2989\" data-end=\"3022\">Caract\u00e9ristiques techniques :<\/strong><br data-start=\"3022\" data-end=\"3025\" \/>\u2022 Dimensions : 343&#215;114-90<br data-start=\"3050\" data-end=\"3053\" \/>\u2022 Marque : Blickle<br data-start=\"3071\" data-end=\"3074\" \/>\u2022 R\u00e9f\u00e9rences : 51331328, 50262633<br data-start=\"3107\" data-end=\"3110\" \/>\u2022 Usage : Chariots \u00e9l\u00e9vateurs et syst\u00e8mes industriels<br data-start=\"3163\" data-end=\"3166\" \/>\u2022 Avantages : Haute durabilit\u00e9, r\u00e9sistance \u00e0 l&#8217;usure, fonctionnement silencieux<\/p>\n","protected":false},"featured_media":17622,"template":"","meta":[],"product_brand":[],"product_cat":[418,416,193],"product_tag":[],"class_list":{"0":"post-17617","1":"product","2":"type-product","3":"status-publish","4":"has-post-thumbnail","6":"product_cat-yuruyus-tekeri-stellana","7":"product_cat-stellana","8":"product_cat-yuruyus-tekeri","10":"first","11":"instock","12":"taxable","13":"shipping-taxable","14":"purchasable","15":"product-type-simple"},"_links":{"self":[{"href":"https:\/\/ceoparts.com\/fr\/wp-json\/wp\/v2\/product\/17617","targetHints":{"allow":["GET"]}}],"collection":[{"href":"https:\/\/ceoparts.com\/fr\/wp-json\/wp\/v2\/product"}],"about":[{"href":"https:\/\/ceoparts.com\/fr\/wp-json\/wp\/v2\/types\/product"}],"wp:featuredmedia":[{"embeddable":true,"href":"https:\/\/ceoparts.com\/fr\/wp-json\/wp\/v2\/media\/17622"}],"wp:attachment":[{"href":"https:\/\/ceoparts.com\/fr\/wp-json\/wp\/v2\/media?parent=17617"}],"wp:term":[{"taxonomy":"product_brand","embeddable":true,"href":"https:\/\/ceoparts.com\/fr\/wp-json\/wp\/v2\/product_brand?post=17617"},{"taxonomy":"product_cat","embeddable":true,"href":"https:\/\/ceoparts.com\/fr\/wp-json\/wp\/v2\/product_cat?post=17617"},{"taxonomy":"product_tag","embeddable":true,"href":"https:\/\/ceoparts.com\/fr\/wp-json\/wp\/v2\/product_tag?post=17617"}],"curies":[{"name":"wp","href":"https:\/\/api.w.org\/{rel}","templated":true}]}}