{"id":17703,"date":"2025-07-22T14:46:13","date_gmt":"2025-07-22T11:46:13","guid":{"rendered":"https:\/\/ceoparts.com\/?post_type=product&#038;p=17703"},"modified":"2026-05-16T12:11:07","modified_gmt":"2026-05-16T09:11:07","slug":"406x170-110-stellana-vulkollan-yuruyus-tekeri-0009903901","status":"publish","type":"product","link":"https:\/\/ceoparts.com\/fr\/urun\/406x170-110-stellana-vulkollan-yuruyus-tekeri-0009903901\/","title":{"rendered":"406&#215;170-110 Roue motrice Stellana Vulkollan \u2013 0009903901"},"content":{"rendered":"<p>406&#215;170-110 Roue motrice Stellana Vulkollan \u2013 0009903901<\/p>\n<p>406&#215;170-110<\/p>\n<p>Still 8435086 Crown 149214-001 Linde 0009903901<\/p>\n<p>Still MX-X Seria 6123<\/p>\n<p>Crown TSP6500 Seria 1A397<\/p>","protected":false},"excerpt":{"rendered":"<p data-start=\"2740\" data-end=\"3116\">Cette roue motrice en Vulkollan de haute qualit\u00e9, fabriqu\u00e9e par Stellana, est con\u00e7ue pour les chariots \u00e9l\u00e9vateurs lourds et les syst\u00e8mes de transport industriels. Elle offre une excellente r\u00e9sistance \u00e0 l&#8217;usure, aux charges et aux chocs. Fonctionnement silencieux, grande capacit\u00e9 de charge et durabilit\u00e9 optimale.<\/p>\n<p data-start=\"3118\" data-end=\"3394\"><strong data-start=\"3118\" data-end=\"3151\">Caract\u00e9ristiques techniques :<\/strong><br data-start=\"3151\" data-end=\"3154\" \/>\u2022 Dimensions : 406&#215;170-110<br data-start=\"3180\" data-end=\"3183\" \/>\u2022 Mat\u00e9riau : Vulkollan<br data-start=\"3205\" data-end=\"3208\" \/>\u2022 Marque : Stellana<br data-start=\"3227\" data-end=\"3230\" \/>\u2022 R\u00e9f\u00e9rence : 0009903901<br data-start=\"3254\" data-end=\"3257\" \/>\u2022 Utilisation : Chariots \u00e9l\u00e9vateurs lourds, v\u00e9hicules industriels<br data-start=\"3322\" data-end=\"3325\" \/>\u2022 Avantages : Haute r\u00e9sistance, fonctionnement silencieux et efficace<\/p>\n","protected":false},"featured_media":17708,"template":"","meta":[],"product_brand":[],"product_cat":[275,416,418,246,249,272,193],"product_tag":[],"class_list":{"0":"post-17703","1":"product","2":"type-product","3":"status-publish","4":"has-post-thumbnail","6":"product_cat-yuruyus-tekeri-crown","7":"product_cat-stellana","8":"product_cat-yuruyus-tekeri-stellana","9":"product_cat-linde","10":"product_cat-yuruyus-tekeri-linde","11":"product_cat-crown","12":"product_cat-yuruyus-tekeri","14":"first","15":"instock","16":"taxable","17":"shipping-taxable","18":"purchasable","19":"product-type-simple"},"_links":{"self":[{"href":"https:\/\/ceoparts.com\/fr\/wp-json\/wp\/v2\/product\/17703","targetHints":{"allow":["GET"]}}],"collection":[{"href":"https:\/\/ceoparts.com\/fr\/wp-json\/wp\/v2\/product"}],"about":[{"href":"https:\/\/ceoparts.com\/fr\/wp-json\/wp\/v2\/types\/product"}],"wp:featuredmedia":[{"embeddable":true,"href":"https:\/\/ceoparts.com\/fr\/wp-json\/wp\/v2\/media\/17708"}],"wp:attachment":[{"href":"https:\/\/ceoparts.com\/fr\/wp-json\/wp\/v2\/media?parent=17703"}],"wp:term":[{"taxonomy":"product_brand","embeddable":true,"href":"https:\/\/ceoparts.com\/fr\/wp-json\/wp\/v2\/product_brand?post=17703"},{"taxonomy":"product_cat","embeddable":true,"href":"https:\/\/ceoparts.com\/fr\/wp-json\/wp\/v2\/product_cat?post=17703"},{"taxonomy":"product_tag","embeddable":true,"href":"https:\/\/ceoparts.com\/fr\/wp-json\/wp\/v2\/product_tag?post=17703"}],"curies":[{"name":"wp","href":"https:\/\/api.w.org\/{rel}","templated":true}]}}