{"id":17715,"date":"2025-07-22T15:22:23","date_gmt":"2025-07-22T12:22:23","guid":{"rendered":"https:\/\/ceoparts.com\/?post_type=product&#038;p=17715"},"modified":"2026-05-16T12:46:23","modified_gmt":"2026-05-16T09:46:23","slug":"250x70-55-yuruyus-tekeri-582103298","status":"publish","type":"product","link":"https:\/\/ceoparts.com\/fr\/urun\/250x70-55-yuruyus-tekeri-582103298\/","title":{"rendered":"250&#215;70-55 Roue motrice \u2013 582103298"},"content":{"rendered":"<p>250&#215;70-55 Roue motrice \u2013 582103298<\/p>","protected":false},"excerpt":{"rendered":"<p data-start=\"2256\" data-end=\"2506\">Roue motrice robuste con\u00e7ue pour les chariots \u00e9l\u00e9vateurs et \u00e9quipements de transport industriels. R\u00e9sistante \u00e0 l&#8217;usure et aux chocs pour une longue dur\u00e9e de vie. Fabrication pr\u00e9cise pour un ajustement parfait.<\/p>\n<p data-start=\"2508\" data-end=\"2737\"><strong data-start=\"2508\" data-end=\"2529\">Caract\u00e9ristiques:<\/strong><br data-start=\"2529\" data-end=\"2532\" \/>\u2022 Dimensions : 250\u00d770-55<br data-start=\"2556\" data-end=\"2559\" \/>\u2022 Application : Roue motrice<br data-start=\"2587\" data-end=\"2590\" \/>\u2022 R\u00e9f\u00e9rence : 582103298<br data-start=\"2613\" data-end=\"2616\" \/>\u2022 Utilisation : Chariots \u00e9l\u00e9vateurs et v\u00e9hicules industriels<br data-start=\"2676\" data-end=\"2679\" \/>\u2022 R\u00e9sistance : Haute r\u00e9sistance \u00e0 l&#8217;usure et aux impacts<\/p>\n","protected":false},"featured_media":17720,"template":"","meta":[],"product_brand":[],"product_cat":[193],"product_tag":[],"class_list":{"0":"post-17715","1":"product","2":"type-product","3":"status-publish","4":"has-post-thumbnail","6":"product_cat-yuruyus-tekeri","8":"first","9":"instock","10":"taxable","11":"shipping-taxable","12":"purchasable","13":"product-type-simple"},"_links":{"self":[{"href":"https:\/\/ceoparts.com\/fr\/wp-json\/wp\/v2\/product\/17715","targetHints":{"allow":["GET"]}}],"collection":[{"href":"https:\/\/ceoparts.com\/fr\/wp-json\/wp\/v2\/product"}],"about":[{"href":"https:\/\/ceoparts.com\/fr\/wp-json\/wp\/v2\/types\/product"}],"wp:featuredmedia":[{"embeddable":true,"href":"https:\/\/ceoparts.com\/fr\/wp-json\/wp\/v2\/media\/17720"}],"wp:attachment":[{"href":"https:\/\/ceoparts.com\/fr\/wp-json\/wp\/v2\/media?parent=17715"}],"wp:term":[{"taxonomy":"product_brand","embeddable":true,"href":"https:\/\/ceoparts.com\/fr\/wp-json\/wp\/v2\/product_brand?post=17715"},{"taxonomy":"product_cat","embeddable":true,"href":"https:\/\/ceoparts.com\/fr\/wp-json\/wp\/v2\/product_cat?post=17715"},{"taxonomy":"product_tag","embeddable":true,"href":"https:\/\/ceoparts.com\/fr\/wp-json\/wp\/v2\/product_tag?post=17715"}],"curies":[{"name":"wp","href":"https:\/\/api.w.org\/{rel}","templated":true}]}}