{"id":17754,"date":"2025-07-24T15:56:43","date_gmt":"2025-07-24T12:56:43","guid":{"rendered":"https:\/\/ceoparts.com\/?post_type=product&#038;p=17754"},"modified":"2026-05-16T17:05:33","modified_gmt":"2026-05-16T14:05:33","slug":"crown-on-kapak","status":"publish","type":"product","link":"https:\/\/ceoparts.com\/fr\/urun\/crown-on-kapak\/","title":{"rendered":"Capot avant Crown"},"content":{"rendered":"<p>Capot avant Crown<\/p>","protected":false},"excerpt":{"rendered":"<p data-start=\"2197\" data-end=\"2468\">Ce capot avant est compatible avec les chariots \u00e9l\u00e9vateurs et transpalettes \u00e9lectriques de la marque Crown. Il prot\u00e8ge la partie avant de l\u2019appareil contre les chocs ext\u00e9rieurs. En tant que pi\u00e8ce d\u2019origine, il garantit une compatibilit\u00e9 parfaite et une grande durabilit\u00e9.<\/p>\n<p data-start=\"2470\" data-end=\"2503\"><strong data-start=\"2470\" data-end=\"2503\">Caract\u00e9ristiques techniques :<\/strong><\/p>\n<ul data-start=\"2504\" data-end=\"2695\">\n<li data-start=\"2504\" data-end=\"2533\">\n<p data-start=\"2506\" data-end=\"2533\">Marque compatible : Crown<\/p>\n<\/li>\n<li data-start=\"2534\" data-end=\"2565\">\n<p data-start=\"2536\" data-end=\"2565\">Type de pi\u00e8ce : Capot avant<\/p>\n<\/li>\n<li data-start=\"2566\" data-end=\"2608\">\n<p data-start=\"2568\" data-end=\"2608\">Emplacement : Partie avant du v\u00e9hicule<\/p>\n<\/li>\n<li data-start=\"2609\" data-end=\"2642\">\n<p data-start=\"2611\" data-end=\"2642\">\u00c9tat : Neuf \/ Pi\u00e8ce d&#8217;origine<\/p>\n<\/li>\n<li data-start=\"2643\" data-end=\"2695\">\n<p data-start=\"2645\" data-end=\"2695\">Mat\u00e9riau : Plastique ABS r\u00e9sistant ou \u00e9quivalent<\/p>\n<\/li>\n<\/ul>\n","protected":false},"featured_media":17757,"template":"","meta":[],"product_brand":[],"product_cat":[272,472],"product_tag":[],"class_list":{"0":"post-17754","1":"product","2":"type-product","3":"status-publish","4":"has-post-thumbnail","6":"product_cat-crown","7":"product_cat-kaporta-aksami","9":"first","10":"instock","11":"taxable","12":"shipping-taxable","13":"purchasable","14":"product-type-simple"},"_links":{"self":[{"href":"https:\/\/ceoparts.com\/fr\/wp-json\/wp\/v2\/product\/17754","targetHints":{"allow":["GET"]}}],"collection":[{"href":"https:\/\/ceoparts.com\/fr\/wp-json\/wp\/v2\/product"}],"about":[{"href":"https:\/\/ceoparts.com\/fr\/wp-json\/wp\/v2\/types\/product"}],"wp:featuredmedia":[{"embeddable":true,"href":"https:\/\/ceoparts.com\/fr\/wp-json\/wp\/v2\/media\/17757"}],"wp:attachment":[{"href":"https:\/\/ceoparts.com\/fr\/wp-json\/wp\/v2\/media?parent=17754"}],"wp:term":[{"taxonomy":"product_brand","embeddable":true,"href":"https:\/\/ceoparts.com\/fr\/wp-json\/wp\/v2\/product_brand?post=17754"},{"taxonomy":"product_cat","embeddable":true,"href":"https:\/\/ceoparts.com\/fr\/wp-json\/wp\/v2\/product_cat?post=17754"},{"taxonomy":"product_tag","embeddable":true,"href":"https:\/\/ceoparts.com\/fr\/wp-json\/wp\/v2\/product_tag?post=17754"}],"curies":[{"name":"wp","href":"https:\/\/api.w.org\/{rel}","templated":true}]}}