{"id":17759,"date":"2025-07-24T16:08:26","date_gmt":"2025-07-24T13:08:26","guid":{"rendered":"https:\/\/ceoparts.com\/?post_type=product&#038;p=17759"},"modified":"2026-05-16T18:41:10","modified_gmt":"2026-05-16T15:41:10","slug":"linde-t16-aku-ust-kapagi-11524323301","status":"publish","type":"product","link":"https:\/\/ceoparts.com\/fr\/urun\/linde-t16-aku-ust-kapagi-11524323301\/","title":{"rendered":"Couvercle sup\u00e9rieur de batterie Linde T16 \u2013 11524323301"},"content":{"rendered":"<p>Couvercle sup\u00e9rieur de batterie Linde T16 \u2013 11524323301<\/p>","protected":false},"excerpt":{"rendered":"<p data-start=\"2131\" data-end=\"2379\">Ce couvercle sup\u00e9rieur de batterie est compatible avec les transpalettes Linde T16. Il prot\u00e8ge le compartiment batterie de la poussi\u00e8re et des salissures. Con\u00e7u en plastique r\u00e9sistant, il est fiable et durable. Pi\u00e8ce d&#8217;origine parfaitement adapt\u00e9e.<\/p>\n<p data-start=\"2381\" data-end=\"2414\"><strong data-start=\"2381\" data-end=\"2414\">Caract\u00e9ristiques techniques :<\/strong><\/p>\n<ul data-start=\"2415\" data-end=\"2608\">\n<li data-start=\"2415\" data-end=\"2448\">\n<p data-start=\"2417\" data-end=\"2448\">Mod\u00e8le compatible : Linde T16<\/p>\n<\/li>\n<li data-start=\"2449\" data-end=\"2500\">\n<p data-start=\"2451\" data-end=\"2500\">Type de pi\u00e8ce : Couvercle sup\u00e9rieur de batterie<\/p>\n<\/li>\n<li data-start=\"2501\" data-end=\"2532\">\n<p data-start=\"2503\" data-end=\"2532\">R\u00e9f\u00e9rence OEM : 11524323301<\/p>\n<\/li>\n<li data-start=\"2533\" data-end=\"2574\">\n<p data-start=\"2535\" data-end=\"2574\">Mat\u00e9riau : Plastique haute r\u00e9sistance<\/p>\n<\/li>\n<li data-start=\"2575\" data-end=\"2608\">\n<p data-start=\"2577\" data-end=\"2608\">\u00c9tat : Neuf \/ Pi\u00e8ce d&#8217;origine<\/p>\n<\/li>\n<\/ul>\n","protected":false},"featured_media":17762,"template":"","meta":[],"product_brand":[],"product_cat":[246,472,523],"product_tag":[],"class_list":{"0":"post-17759","1":"product","2":"type-product","3":"status-publish","4":"has-post-thumbnail","6":"product_cat-linde","7":"product_cat-kaporta-aksami","8":"product_cat-yedek-parca-linde","10":"first","11":"instock","12":"taxable","13":"shipping-taxable","14":"purchasable","15":"product-type-simple"},"_links":{"self":[{"href":"https:\/\/ceoparts.com\/fr\/wp-json\/wp\/v2\/product\/17759","targetHints":{"allow":["GET"]}}],"collection":[{"href":"https:\/\/ceoparts.com\/fr\/wp-json\/wp\/v2\/product"}],"about":[{"href":"https:\/\/ceoparts.com\/fr\/wp-json\/wp\/v2\/types\/product"}],"wp:featuredmedia":[{"embeddable":true,"href":"https:\/\/ceoparts.com\/fr\/wp-json\/wp\/v2\/media\/17762"}],"wp:attachment":[{"href":"https:\/\/ceoparts.com\/fr\/wp-json\/wp\/v2\/media?parent=17759"}],"wp:term":[{"taxonomy":"product_brand","embeddable":true,"href":"https:\/\/ceoparts.com\/fr\/wp-json\/wp\/v2\/product_brand?post=17759"},{"taxonomy":"product_cat","embeddable":true,"href":"https:\/\/ceoparts.com\/fr\/wp-json\/wp\/v2\/product_cat?post=17759"},{"taxonomy":"product_tag","embeddable":true,"href":"https:\/\/ceoparts.com\/fr\/wp-json\/wp\/v2\/product_tag?post=17759"}],"curies":[{"name":"wp","href":"https:\/\/api.w.org\/{rel}","templated":true}]}}