{"id":17775,"date":"2025-07-24T16:51:26","date_gmt":"2025-07-24T13:51:26","guid":{"rendered":"https:\/\/ceoparts.com\/?post_type=product&#038;p=17775"},"modified":"2026-05-16T16:08:16","modified_gmt":"2026-05-16T13:08:16","slug":"crown-ust-kapak","status":"publish","type":"product","link":"https:\/\/ceoparts.com\/fr\/urun\/crown-ust-kapak\/","title":{"rendered":"Capot sup\u00e9rieur Crown"},"content":{"rendered":"<p>Capot sup\u00e9rieur Crown<\/p>","protected":false},"excerpt":{"rendered":"<p data-start=\"2313\" data-end=\"2548\">Ce capot sup\u00e9rieur est compatible avec les chariots \u00e9l\u00e9vateurs et transpalettes Crown. Il prot\u00e8ge les composants internes contre les agressions ext\u00e9rieures. Fabriqu\u00e9 dans un mat\u00e9riau r\u00e9sistant, conforme aux normes des pi\u00e8ces d\u2019origine.<\/p>\n<p data-start=\"2550\" data-end=\"2583\"><strong data-start=\"2550\" data-end=\"2583\">Caract\u00e9ristiques techniques :<\/strong><\/p>\n<ul data-start=\"2584\" data-end=\"2823\">\n<li data-start=\"2584\" data-end=\"2613\">\n<p data-start=\"2586\" data-end=\"2613\">Marque compatible : Crown<\/p>\n<\/li>\n<li data-start=\"2614\" data-end=\"2649\">\n<p data-start=\"2616\" data-end=\"2649\">Type de pi\u00e8ce : Capot sup\u00e9rieur<\/p>\n<\/li>\n<li data-start=\"2650\" data-end=\"2732\">\n<p data-start=\"2652\" data-end=\"2732\">Zone d\u2019utilisation : Protection de la carrosserie \/ des composants \u00e9lectriques<\/p>\n<\/li>\n<li data-start=\"2733\" data-end=\"2790\">\n<p data-start=\"2735\" data-end=\"2790\">Mat\u00e9riau : Plastique ou alliage m\u00e9tallique de qualit\u00e9<\/p>\n<\/li>\n<li data-start=\"2791\" data-end=\"2823\">\n<p data-start=\"2793\" data-end=\"2823\">\u00c9tat : Neuf \/ Compatible OEM<\/p>\n<\/li>\n<\/ul>\n","protected":false},"featured_media":17781,"template":"","meta":[],"product_brand":[],"product_cat":[272,472,519],"product_tag":[],"class_list":{"0":"post-17775","1":"product","2":"type-product","3":"status-publish","4":"has-post-thumbnail","6":"product_cat-crown","7":"product_cat-kaporta-aksami","8":"product_cat-yedek-parca-crown","10":"first","11":"instock","12":"taxable","13":"shipping-taxable","14":"purchasable","15":"product-type-simple"},"_links":{"self":[{"href":"https:\/\/ceoparts.com\/fr\/wp-json\/wp\/v2\/product\/17775","targetHints":{"allow":["GET"]}}],"collection":[{"href":"https:\/\/ceoparts.com\/fr\/wp-json\/wp\/v2\/product"}],"about":[{"href":"https:\/\/ceoparts.com\/fr\/wp-json\/wp\/v2\/types\/product"}],"wp:featuredmedia":[{"embeddable":true,"href":"https:\/\/ceoparts.com\/fr\/wp-json\/wp\/v2\/media\/17781"}],"wp:attachment":[{"href":"https:\/\/ceoparts.com\/fr\/wp-json\/wp\/v2\/media?parent=17775"}],"wp:term":[{"taxonomy":"product_brand","embeddable":true,"href":"https:\/\/ceoparts.com\/fr\/wp-json\/wp\/v2\/product_brand?post=17775"},{"taxonomy":"product_cat","embeddable":true,"href":"https:\/\/ceoparts.com\/fr\/wp-json\/wp\/v2\/product_cat?post=17775"},{"taxonomy":"product_tag","embeddable":true,"href":"https:\/\/ceoparts.com\/fr\/wp-json\/wp\/v2\/product_tag?post=17775"}],"curies":[{"name":"wp","href":"https:\/\/api.w.org\/{rel}","templated":true}]}}