{"id":17797,"date":"2025-07-25T16:58:48","date_gmt":"2025-07-25T13:58:48","guid":{"rendered":"https:\/\/ceoparts.com\/?post_type=product&#038;p=17797"},"modified":"2026-05-16T17:04:37","modified_gmt":"2026-05-16T14:04:37","slug":"bt-lpe200-muhafaza-kapagi","status":"publish","type":"product","link":"https:\/\/ceoparts.com\/fr\/urun\/bt-lpe200-muhafaza-kapagi\/","title":{"rendered":"Couvercle de protection BT LPE200"},"content":{"rendered":"<p>Couvercle de protection BT LPE200<\/p>","protected":false},"excerpt":{"rendered":"<p data-start=\"2166\" data-end=\"2421\">Le BT LPE200 Couvercle de Protection est une pi\u00e8ce robuste con\u00e7ue pour prot\u00e9ger les composants internes du chariot \u00e9l\u00e9vateur contre les facteurs externes. Il contribue \u00e0 la durabilit\u00e9 de la machine et assure un environnement de travail s\u00e9curis\u00e9.<\/p>\n<p data-start=\"2423\" data-end=\"2445\"><strong data-start=\"2423\" data-end=\"2443\">Caract\u00e9ristiques<\/strong><\/p>\n<ul data-start=\"2446\" data-end=\"2711\">\n<li data-start=\"2446\" data-end=\"2503\">\n<p data-start=\"2448\" data-end=\"2503\"><strong data-start=\"2448\" data-end=\"2467\">Nom du produit:<\/strong> BT LPE200 Couvercle de Protection<\/p>\n<\/li>\n<li data-start=\"2504\" data-end=\"2537\">\n<p data-start=\"2506\" data-end=\"2537\"><strong data-start=\"2506\" data-end=\"2527\">Code de la pi\u00e8ce:<\/strong> 7524346<\/p>\n<\/li>\n<li data-start=\"2538\" data-end=\"2583\">\n<p data-start=\"2540\" data-end=\"2583\"><strong data-start=\"2540\" data-end=\"2553\">Mat\u00e9riau:<\/strong> Composite plastique durable<\/p>\n<\/li>\n<li data-start=\"2584\" data-end=\"2632\">\n<p data-start=\"2586\" data-end=\"2632\"><strong data-start=\"2586\" data-end=\"2602\">Application:<\/strong> Chariot \u00e9l\u00e9vateur BT LPE200<\/p>\n<\/li>\n<li data-start=\"2633\" data-end=\"2711\">\n<p data-start=\"2635\" data-end=\"2711\"><strong data-start=\"2635\" data-end=\"2648\">Avantage:<\/strong> Protection durable contre les chocs et les facteurs externes<\/p>\n<\/li>\n<\/ul>\n","protected":false},"featured_media":17803,"template":"","meta":[],"product_brand":[],"product_cat":[251,472,518],"product_tag":[],"class_list":{"0":"post-17797","1":"product","2":"type-product","3":"status-publish","4":"has-post-thumbnail","6":"product_cat-bt","7":"product_cat-kaporta-aksami","8":"product_cat-yedek-parca-bt","10":"first","11":"instock","12":"taxable","13":"shipping-taxable","14":"purchasable","15":"product-type-simple"},"_links":{"self":[{"href":"https:\/\/ceoparts.com\/fr\/wp-json\/wp\/v2\/product\/17797","targetHints":{"allow":["GET"]}}],"collection":[{"href":"https:\/\/ceoparts.com\/fr\/wp-json\/wp\/v2\/product"}],"about":[{"href":"https:\/\/ceoparts.com\/fr\/wp-json\/wp\/v2\/types\/product"}],"wp:featuredmedia":[{"embeddable":true,"href":"https:\/\/ceoparts.com\/fr\/wp-json\/wp\/v2\/media\/17803"}],"wp:attachment":[{"href":"https:\/\/ceoparts.com\/fr\/wp-json\/wp\/v2\/media?parent=17797"}],"wp:term":[{"taxonomy":"product_brand","embeddable":true,"href":"https:\/\/ceoparts.com\/fr\/wp-json\/wp\/v2\/product_brand?post=17797"},{"taxonomy":"product_cat","embeddable":true,"href":"https:\/\/ceoparts.com\/fr\/wp-json\/wp\/v2\/product_cat?post=17797"},{"taxonomy":"product_tag","embeddable":true,"href":"https:\/\/ceoparts.com\/fr\/wp-json\/wp\/v2\/product_tag?post=17797"}],"curies":[{"name":"wp","href":"https:\/\/api.w.org\/{rel}","templated":true}]}}