{"id":17933,"date":"2025-07-30T16:33:56","date_gmt":"2025-07-30T13:33:56","guid":{"rendered":"https:\/\/ceoparts.com\/?post_type=product&#038;p=17933"},"modified":"2026-05-16T12:48:36","modified_gmt":"2026-05-16T09:48:36","slug":"linde-potentiometer-3093604700","status":"publish","type":"product","link":"https:\/\/ceoparts.com\/fr\/urun\/linde-potentiometer-3093604700\/","title":{"rendered":"Potentiom\u00e8tre Linde \u2013 3093604700"},"content":{"rendered":"<p>Potentiom\u00e8tre Linde \u2013 3093604700<\/p>\n<p>1110\u00a0V08-01\/V08-02<br \/>\n1111\u00a0N20VI &#8211; N20VLI<br \/>\n1111\u00a0N20VI &#8211; N20VLI<br \/>\n1170\u00a0L06\/10\/12\/16AC<br \/>\n131\u00a0L14\/16AS<br \/>\n131\u00a0L14\/16AS<br \/>\n133\u00a0L12\/L14-L12L\/L14L-L12LHP<br \/>\n133\u00a0L12\/L14-L12L\/L14L-L12LHP<br \/>\n372\u00a0L14\/16\/L14AP\/16AP<br \/>\n372\u00a0L14\/16\/L14AP\/16AP<br \/>\n372\u00a0L14\/16\/L14AP\/16AP<br \/>\n372\u00a0L14\/16\/L14AP\/16AP<br \/>\n379\u00a0L10\/12-L10\/12AS<\/p>","protected":false},"excerpt":{"rendered":"<p data-start=\"2670\" data-end=\"3014\">Le Potentiom\u00e8tre Linde 3093604700 est une pi\u00e8ce de rechange essentielle qui assure un contr\u00f4le pr\u00e9cis de la vitesse et de la direction des chariots \u00e9l\u00e9vateurs. Il transmet les commandes de l\u2019op\u00e9rateur au syst\u00e8me \u00e9lectronique, garantissant un fonctionnement s\u00fbr et efficace. Sa construction robuste lui conf\u00e8re une longue dur\u00e9e de vie.<\/p>\n<p data-start=\"3016\" data-end=\"3038\"><strong data-start=\"3016\" data-end=\"3036\">Caract\u00e9ristiques<\/strong><\/p>\n<ul data-start=\"3039\" data-end=\"3367\">\n<li data-start=\"3039\" data-end=\"3082\">\n<p data-start=\"3041\" data-end=\"3082\"><strong data-start=\"3041\" data-end=\"3060\">Nom du produit:<\/strong> Potentiom\u00e8tre Linde<\/p>\n<\/li>\n<li data-start=\"3083\" data-end=\"3119\">\n<p data-start=\"3085\" data-end=\"3119\"><strong data-start=\"3085\" data-end=\"3106\">Code de la pi\u00e8ce:<\/strong> 3093604700<\/p>\n<\/li>\n<li data-start=\"3120\" data-end=\"3195\">\n<p data-start=\"3122\" data-end=\"3195\"><strong data-start=\"3122\" data-end=\"3135\">Mat\u00e9riau:<\/strong> Composants \u00e9lectroniques durables et bo\u00eetier en plastique<\/p>\n<\/li>\n<li data-start=\"3196\" data-end=\"3294\">\n<p data-start=\"3198\" data-end=\"3294\"><strong data-start=\"3198\" data-end=\"3214\">Application:<\/strong> Syst\u00e8mes de contr\u00f4le de vitesse et de direction des chariots \u00e9l\u00e9vateurs Linde<\/p>\n<\/li>\n<li data-start=\"3295\" data-end=\"3367\">\n<p data-start=\"3297\" data-end=\"3367\"><strong data-start=\"3297\" data-end=\"3310\">Avantage:<\/strong> Contr\u00f4le pr\u00e9cis, utilisation s\u00fbre, longue dur\u00e9e de vie<\/p>\n<\/li>\n<\/ul>\n","protected":false},"featured_media":17936,"template":"","meta":[],"product_brand":[],"product_cat":[246,469,523],"product_tag":[],"class_list":{"0":"post-17933","1":"product","2":"type-product","3":"status-publish","4":"has-post-thumbnail","6":"product_cat-linde","7":"product_cat-elektrik-ve-sistem-parcalari","8":"product_cat-yedek-parca-linde","10":"first","11":"instock","12":"taxable","13":"shipping-taxable","14":"purchasable","15":"product-type-simple"},"_links":{"self":[{"href":"https:\/\/ceoparts.com\/fr\/wp-json\/wp\/v2\/product\/17933","targetHints":{"allow":["GET"]}}],"collection":[{"href":"https:\/\/ceoparts.com\/fr\/wp-json\/wp\/v2\/product"}],"about":[{"href":"https:\/\/ceoparts.com\/fr\/wp-json\/wp\/v2\/types\/product"}],"wp:featuredmedia":[{"embeddable":true,"href":"https:\/\/ceoparts.com\/fr\/wp-json\/wp\/v2\/media\/17936"}],"wp:attachment":[{"href":"https:\/\/ceoparts.com\/fr\/wp-json\/wp\/v2\/media?parent=17933"}],"wp:term":[{"taxonomy":"product_brand","embeddable":true,"href":"https:\/\/ceoparts.com\/fr\/wp-json\/wp\/v2\/product_brand?post=17933"},{"taxonomy":"product_cat","embeddable":true,"href":"https:\/\/ceoparts.com\/fr\/wp-json\/wp\/v2\/product_cat?post=17933"},{"taxonomy":"product_tag","embeddable":true,"href":"https:\/\/ceoparts.com\/fr\/wp-json\/wp\/v2\/product_tag?post=17933"}],"curies":[{"name":"wp","href":"https:\/\/api.w.org\/{rel}","templated":true}]}}