{"id":17937,"date":"2025-07-30T16:38:53","date_gmt":"2025-07-30T13:38:53","guid":{"rendered":"https:\/\/ceoparts.com\/?post_type=product&#038;p=17937"},"modified":"2026-05-16T13:08:00","modified_gmt":"2026-05-16T10:08:00","slug":"bt-rre-160-ekran-7527401","status":"publish","type":"product","link":"https:\/\/ceoparts.com\/fr\/urun\/bt-rre-160-ekran-7527401\/","title":{"rendered":"\u00c9cran BT RRE160 \u2013 7527401"},"content":{"rendered":"<p>\u00c9cran BT RRE160 \u2013 7527401<\/p>","protected":false},"excerpt":{"rendered":"<p data-start=\"2623\" data-end=\"2971\">L\u2019\u00c9cran BT RRE 160 7527401 est une unit\u00e9 d\u2019affichage de haute qualit\u00e9 utilis\u00e9e dans les syst\u00e8mes de contr\u00f4le des chariots \u00e9l\u00e9vateurs et machines lourdes. Il fournit des informations lisibles \u00e0 l\u2019utilisateur et aide \u00e0 rendre les op\u00e9rations de la machine plus efficaces et s\u00e9curis\u00e9es. Sa construction durable assure une longue dur\u00e9e de vie.<\/p>\n<p data-start=\"2973\" data-end=\"2995\"><strong data-start=\"2973\" data-end=\"2993\">Caract\u00e9ristiques<\/strong><\/p>\n<ul data-start=\"2996\" data-end=\"3320\">\n<li data-start=\"2996\" data-end=\"3036\">\n<p data-start=\"2998\" data-end=\"3036\"><strong data-start=\"2998\" data-end=\"3017\">Nom du produit:<\/strong> \u00c9cran BT RRE 160<\/p>\n<\/li>\n<li data-start=\"3037\" data-end=\"3070\">\n<p data-start=\"3039\" data-end=\"3070\"><strong data-start=\"3039\" data-end=\"3060\">Code de la pi\u00e8ce:<\/strong> 7527401<\/p>\n<\/li>\n<li data-start=\"3071\" data-end=\"3143\">\n<p data-start=\"3073\" data-end=\"3143\"><strong data-start=\"3073\" data-end=\"3086\">Mat\u00e9riau:<\/strong> Plastique et composants \u00e9lectroniques de haute qualit\u00e9<\/p>\n<\/li>\n<li data-start=\"3144\" data-end=\"3240\">\n<p data-start=\"3146\" data-end=\"3240\"><strong data-start=\"3146\" data-end=\"3162\">Application:<\/strong> Panneaux de contr\u00f4le des chariots \u00e9l\u00e9vateurs et machines lourdes BT RRE 160<\/p>\n<\/li>\n<li data-start=\"3241\" data-end=\"3320\">\n<p data-start=\"3243\" data-end=\"3320\"><strong data-start=\"3243\" data-end=\"3256\">Avantage:<\/strong> Interface lisible, utilisation s\u00e9curis\u00e9e, longue dur\u00e9e de vie<\/p>\n<\/li>\n<\/ul>\n","protected":false},"featured_media":17940,"template":"","meta":[],"product_brand":[],"product_cat":[251,431],"product_tag":[],"class_list":{"0":"post-17937","1":"product","2":"type-product","3":"status-publish","4":"has-post-thumbnail","6":"product_cat-bt","7":"product_cat-ekranlar-ve-kartlar","9":"first","10":"instock","11":"taxable","12":"shipping-taxable","13":"purchasable","14":"product-type-simple"},"_links":{"self":[{"href":"https:\/\/ceoparts.com\/fr\/wp-json\/wp\/v2\/product\/17937","targetHints":{"allow":["GET"]}}],"collection":[{"href":"https:\/\/ceoparts.com\/fr\/wp-json\/wp\/v2\/product"}],"about":[{"href":"https:\/\/ceoparts.com\/fr\/wp-json\/wp\/v2\/types\/product"}],"wp:featuredmedia":[{"embeddable":true,"href":"https:\/\/ceoparts.com\/fr\/wp-json\/wp\/v2\/media\/17940"}],"wp:attachment":[{"href":"https:\/\/ceoparts.com\/fr\/wp-json\/wp\/v2\/media?parent=17937"}],"wp:term":[{"taxonomy":"product_brand","embeddable":true,"href":"https:\/\/ceoparts.com\/fr\/wp-json\/wp\/v2\/product_brand?post=17937"},{"taxonomy":"product_cat","embeddable":true,"href":"https:\/\/ceoparts.com\/fr\/wp-json\/wp\/v2\/product_cat?post=17937"},{"taxonomy":"product_tag","embeddable":true,"href":"https:\/\/ceoparts.com\/fr\/wp-json\/wp\/v2\/product_tag?post=17937"}],"curies":[{"name":"wp","href":"https:\/\/api.w.org\/{rel}","templated":true}]}}