{"id":17941,"date":"2025-07-30T16:56:06","date_gmt":"2025-07-30T13:56:06","guid":{"rendered":"https:\/\/ceoparts.com\/?post_type=product&#038;p=17941"},"modified":"2026-05-16T14:03:13","modified_gmt":"2026-05-16T11:03:13","slug":"gaz-kelebegi-konum-sensoru-3517023500-35170-23500-3517022600-35170-22600","status":"publish","type":"product","link":"https:\/\/ceoparts.com\/fr\/urun\/gaz-kelebegi-konum-sensoru-3517023500-35170-23500-3517022600-35170-22600\/","title":{"rendered":"Capteur de position du papillon des gaz \u2013 3517023500 \/ 35170-23500, 3517022600 \/ 35170-22600"},"content":{"rendered":"<p>Capteur de position du papillon des gaz \u2013 3517023500 \/ 35170-23500, 3517022600 \/ 35170-22600<\/p>","protected":false},"excerpt":{"rendered":"<p data-start=\"3082\" data-end=\"3479\">Le Capteur de Position du Papillon des Gaz 3517023500 \/ 35170-23500, 3517022600, 35170 22600 est un capteur pr\u00e9cis utilis\u00e9 dans les syst\u00e8mes de contr\u00f4le moteur des chariots \u00e9l\u00e9vateurs et machines lourdes. Il mesure avec pr\u00e9cision la position du papillon et optimise les performances du moteur. Sa conception durable et ses mat\u00e9riaux de haute qualit\u00e9 garantissent une longue dur\u00e9e de vie.<\/p>\n<p data-start=\"3481\" data-end=\"3503\"><strong data-start=\"3481\" data-end=\"3501\">Caract\u00e9ristiques<\/strong><\/p>\n<ul data-start=\"3504\" data-end=\"3893\">\n<li data-start=\"3504\" data-end=\"3559\">\n<p data-start=\"3506\" data-end=\"3559\"><strong data-start=\"3506\" data-end=\"3525\">Nom du produit:<\/strong> Capteur de Position du Papillon<\/p>\n<\/li>\n<li data-start=\"3560\" data-end=\"3635\">\n<p data-start=\"3562\" data-end=\"3635\"><strong data-start=\"3562\" data-end=\"3583\">Code de la pi\u00e8ce:<\/strong> 3517023500 \/ 35170-23500, 3517022600, 35170 22600<\/p>\n<\/li>\n<li data-start=\"3636\" data-end=\"3708\">\n<p data-start=\"3638\" data-end=\"3708\"><strong data-start=\"3638\" data-end=\"3651\">Mat\u00e9riau:<\/strong> Composants \u00e9lectroniques et plastique de haute qualit\u00e9<\/p>\n<\/li>\n<li data-start=\"3709\" data-end=\"3801\">\n<p data-start=\"3711\" data-end=\"3801\"><strong data-start=\"3711\" data-end=\"3727\">Application:<\/strong> Syst\u00e8mes de contr\u00f4le moteur des chariots \u00e9l\u00e9vateurs et machines lourdes<\/p>\n<\/li>\n<li data-start=\"3802\" data-end=\"3893\">\n<p data-start=\"3804\" data-end=\"3893\"><strong data-start=\"3804\" data-end=\"3817\">Avantage:<\/strong> Mesure pr\u00e9cise, optimisation des performances moteur, longue dur\u00e9e de vie<\/p>\n<\/li>\n<\/ul>\n","protected":false},"featured_media":17943,"template":"","meta":[],"product_brand":[],"product_cat":[469],"product_tag":[],"class_list":{"0":"post-17941","1":"product","2":"type-product","3":"status-publish","4":"has-post-thumbnail","6":"product_cat-elektrik-ve-sistem-parcalari","8":"first","9":"instock","10":"taxable","11":"shipping-taxable","12":"purchasable","13":"product-type-simple"},"_links":{"self":[{"href":"https:\/\/ceoparts.com\/fr\/wp-json\/wp\/v2\/product\/17941","targetHints":{"allow":["GET"]}}],"collection":[{"href":"https:\/\/ceoparts.com\/fr\/wp-json\/wp\/v2\/product"}],"about":[{"href":"https:\/\/ceoparts.com\/fr\/wp-json\/wp\/v2\/types\/product"}],"wp:featuredmedia":[{"embeddable":true,"href":"https:\/\/ceoparts.com\/fr\/wp-json\/wp\/v2\/media\/17943"}],"wp:attachment":[{"href":"https:\/\/ceoparts.com\/fr\/wp-json\/wp\/v2\/media?parent=17941"}],"wp:term":[{"taxonomy":"product_brand","embeddable":true,"href":"https:\/\/ceoparts.com\/fr\/wp-json\/wp\/v2\/product_brand?post=17941"},{"taxonomy":"product_cat","embeddable":true,"href":"https:\/\/ceoparts.com\/fr\/wp-json\/wp\/v2\/product_cat?post=17941"},{"taxonomy":"product_tag","embeddable":true,"href":"https:\/\/ceoparts.com\/fr\/wp-json\/wp\/v2\/product_tag?post=17941"}],"curies":[{"name":"wp","href":"https:\/\/api.w.org\/{rel}","templated":true}]}}