{"id":17945,"date":"2025-07-30T17:07:26","date_gmt":"2025-07-30T14:07:26","guid":{"rendered":"https:\/\/ceoparts.com\/?post_type=product&#038;p=17945"},"modified":"2026-05-16T14:33:42","modified_gmt":"2026-05-16T11:33:42","slug":"still-kontaktor-0356161","status":"publish","type":"product","link":"https:\/\/ceoparts.com\/fr\/urun\/still-kontaktor-0356161\/","title":{"rendered":"Contacteur Still \u2013 0356161"},"content":{"rendered":"<p>Contacteur Still \u2013 0356161<\/p>","protected":false},"excerpt":{"rendered":"<p data-start=\"2310\" data-end=\"2583\">Le Contacteur Still 0356161 est un \u00e9l\u00e9ment de contact fiable utilis\u00e9 dans les circuits \u00e9lectriques des chariots \u00e9l\u00e9vateurs et machines lourdes. Ses mat\u00e9riaux de haute qualit\u00e9 et sa conception pr\u00e9cise assurent un contr\u00f4le s\u00fbr du courant et une performance durable.<\/p>\n<p data-start=\"2585\" data-end=\"2607\"><strong data-start=\"2585\" data-end=\"2605\">Caract\u00e9ristiques<\/strong><\/p>\n<ul data-start=\"2608\" data-end=\"2910\">\n<li data-start=\"2608\" data-end=\"2648\">\n<p data-start=\"2610\" data-end=\"2648\"><strong data-start=\"2610\" data-end=\"2629\">Nom du produit:<\/strong> Contacteur Still<\/p>\n<\/li>\n<li data-start=\"2649\" data-end=\"2682\">\n<p data-start=\"2651\" data-end=\"2682\"><strong data-start=\"2651\" data-end=\"2672\">Code de la pi\u00e8ce:<\/strong> 0356161<\/p>\n<\/li>\n<li data-start=\"2683\" data-end=\"2736\">\n<p data-start=\"2685\" data-end=\"2736\"><strong data-start=\"2685\" data-end=\"2698\">Mat\u00e9riau:<\/strong> Alliage m\u00e9tallique de haute qualit\u00e9<\/p>\n<\/li>\n<li data-start=\"2737\" data-end=\"2828\">\n<p data-start=\"2739\" data-end=\"2828\"><strong data-start=\"2739\" data-end=\"2755\">Application:<\/strong> Circuits \u00e9lectriques des chariots \u00e9l\u00e9vateurs et machines lourdes Still<\/p>\n<\/li>\n<li data-start=\"2829\" data-end=\"2910\">\n<p data-start=\"2831\" data-end=\"2910\"><strong data-start=\"2831\" data-end=\"2844\">Avantage:<\/strong> Contr\u00f4le s\u00fbr du courant, longue dur\u00e9e de vie, structure durable<\/p>\n<\/li>\n<\/ul>\n","protected":false},"featured_media":17950,"template":"","meta":[],"product_brand":[],"product_cat":[241,462,524],"product_tag":[],"class_list":{"0":"post-17945","1":"product","2":"type-product","3":"status-publish","4":"has-post-thumbnail","6":"product_cat-still","7":"product_cat-kontaktorler","8":"product_cat-yedek-parca-still","10":"first","11":"instock","12":"taxable","13":"shipping-taxable","14":"purchasable","15":"product-type-simple"},"_links":{"self":[{"href":"https:\/\/ceoparts.com\/fr\/wp-json\/wp\/v2\/product\/17945","targetHints":{"allow":["GET"]}}],"collection":[{"href":"https:\/\/ceoparts.com\/fr\/wp-json\/wp\/v2\/product"}],"about":[{"href":"https:\/\/ceoparts.com\/fr\/wp-json\/wp\/v2\/types\/product"}],"wp:featuredmedia":[{"embeddable":true,"href":"https:\/\/ceoparts.com\/fr\/wp-json\/wp\/v2\/media\/17950"}],"wp:attachment":[{"href":"https:\/\/ceoparts.com\/fr\/wp-json\/wp\/v2\/media?parent=17945"}],"wp:term":[{"taxonomy":"product_brand","embeddable":true,"href":"https:\/\/ceoparts.com\/fr\/wp-json\/wp\/v2\/product_brand?post=17945"},{"taxonomy":"product_cat","embeddable":true,"href":"https:\/\/ceoparts.com\/fr\/wp-json\/wp\/v2\/product_cat?post=17945"},{"taxonomy":"product_tag","embeddable":true,"href":"https:\/\/ceoparts.com\/fr\/wp-json\/wp\/v2\/product_tag?post=17945"}],"curies":[{"name":"wp","href":"https:\/\/api.w.org\/{rel}","templated":true}]}}