{"id":17960,"date":"2025-07-31T10:22:12","date_gmt":"2025-07-31T07:22:12","guid":{"rendered":"https:\/\/ceoparts.com\/?post_type=product&#038;p=17960"},"modified":"2026-05-16T16:34:34","modified_gmt":"2026-05-16T13:34:34","slug":"hyundai-on-bijon-ztay-00001-ztay1","status":"publish","type":"product","link":"https:\/\/ceoparts.com\/fr\/urun\/hyundai-on-bijon-ztay-00001-ztay1\/","title":{"rendered":"Goujon de roue avant HYUNDAI ZTAY \u2013 00001-ZTAY1"},"content":{"rendered":"<p>Goujon de roue avant HYUNDAI ZTAY \u2013 00001-ZTAY1<\/p>","protected":false},"excerpt":{"rendered":"<p data-start=\"2414\" data-end=\"2678\">Le Goujon de Roue Avant HYUNDAI ZTAY-00001-ZTAY1 est une pi\u00e8ce robuste et fiable utilis\u00e9e pour la fixation des roues avant des chariots \u00e9l\u00e9vateurs et engins de chantier. Sa construction haute r\u00e9sistance assure un maintien s\u00fbr m\u00eame sous de fortes charges.<\/p>\n<p data-start=\"2680\" data-end=\"2702\"><strong data-start=\"2680\" data-end=\"2700\">Caract\u00e9ristiques<\/strong><\/p>\n<ul data-start=\"2703\" data-end=\"3011\">\n<li data-start=\"2703\" data-end=\"2755\">\n<p data-start=\"2705\" data-end=\"2755\"><strong data-start=\"2705\" data-end=\"2724\">Nom du produit:<\/strong> HYUNDAI Goujon de Roue Avant<\/p>\n<\/li>\n<li data-start=\"2756\" data-end=\"2798\">\n<p data-start=\"2758\" data-end=\"2798\"><strong data-start=\"2758\" data-end=\"2779\">Code de la pi\u00e8ce:<\/strong> ZTAY-00001-ZTAY1<\/p>\n<\/li>\n<li data-start=\"2799\" data-end=\"2849\">\n<p data-start=\"2801\" data-end=\"2849\"><strong data-start=\"2801\" data-end=\"2814\">Mat\u00e9riau:<\/strong> Alliage d\u2019acier haute r\u00e9sistance<\/p>\n<\/li>\n<li data-start=\"2850\" data-end=\"2936\">\n<p data-start=\"2852\" data-end=\"2936\"><strong data-start=\"2852\" data-end=\"2868\">Application:<\/strong> Roues avant des chariots \u00e9l\u00e9vateurs et engins de chantier HYUNDAI<\/p>\n<\/li>\n<li data-start=\"2937\" data-end=\"3011\">\n<p data-start=\"2939\" data-end=\"3011\"><strong data-start=\"2939\" data-end=\"2952\">Avantage:<\/strong> Haute r\u00e9sistance, fixation fiable et longue dur\u00e9e de vie<\/p>\n<\/li>\n<\/ul>\n","protected":false},"featured_media":17963,"template":"","meta":[],"product_brand":[508],"product_cat":[467],"product_tag":[],"class_list":{"0":"post-17960","1":"product","2":"type-product","3":"status-publish","4":"has-post-thumbnail","6":"product_brand-hyundai","7":"product_cat-mil-grubu","9":"first","10":"instock","11":"taxable","12":"shipping-taxable","13":"purchasable","14":"product-type-simple"},"_links":{"self":[{"href":"https:\/\/ceoparts.com\/fr\/wp-json\/wp\/v2\/product\/17960","targetHints":{"allow":["GET"]}}],"collection":[{"href":"https:\/\/ceoparts.com\/fr\/wp-json\/wp\/v2\/product"}],"about":[{"href":"https:\/\/ceoparts.com\/fr\/wp-json\/wp\/v2\/types\/product"}],"wp:featuredmedia":[{"embeddable":true,"href":"https:\/\/ceoparts.com\/fr\/wp-json\/wp\/v2\/media\/17963"}],"wp:attachment":[{"href":"https:\/\/ceoparts.com\/fr\/wp-json\/wp\/v2\/media?parent=17960"}],"wp:term":[{"taxonomy":"product_brand","embeddable":true,"href":"https:\/\/ceoparts.com\/fr\/wp-json\/wp\/v2\/product_brand?post=17960"},{"taxonomy":"product_cat","embeddable":true,"href":"https:\/\/ceoparts.com\/fr\/wp-json\/wp\/v2\/product_cat?post=17960"},{"taxonomy":"product_tag","embeddable":true,"href":"https:\/\/ceoparts.com\/fr\/wp-json\/wp\/v2\/product_tag?post=17960"}],"curies":[{"name":"wp","href":"https:\/\/api.w.org\/{rel}","templated":true}]}}